{"id":1315,"date":"2020-09-04T20:31:00","date_gmt":"2020-09-04T20:31:00","guid":{"rendered":"https:\/\/www.intecap.edu.gt\/centros\/centrobajaverapaz\/?page_id=1315"},"modified":"2025-08-22T14:29:21","modified_gmt":"2025-08-22T14:29:21","slug":"electricidad","status":"publish","type":"page","link":"https:\/\/www.intecap.edu.gt\/centros\/vnreformadores\/electricidad\/","title":{"rendered":"Especialidad Electricidad"},"content":{"rendered":"<p>[et_pb_section fb_built=&#8221;1&#8243; _builder_version=&#8221;4.16&#8243; custom_padding=&#8221;17px||46px|||&#8221; global_colors_info=&#8221;{}&#8221;][et_pb_row _builder_version=&#8221;4.16&#8243; global_colors_info=&#8221;{}&#8221;][et_pb_column type=&#8221;4_4&#8243; _builder_version=&#8221;4.16&#8243; global_colors_info=&#8221;{}&#8221;][et_pb_post_title meta=&#8221;off&#8221; featured_image=&#8221;off&#8221; _builder_version=&#8221;4.16&#8243; title_font=&#8221;|800||on|||||&#8221; title_font_size=&#8221;35px&#8221; text_orientation=&#8221;center&#8221; global_colors_info=&#8221;{}&#8221;][\/et_pb_post_title][\/et_pb_column][\/et_pb_row][et_pb_row _builder_version=&#8221;4.16&#8243; global_colors_info=&#8221;{}&#8221;][et_pb_column type=&#8221;4_4&#8243; _builder_version=&#8221;4.16&#8243; global_colors_info=&#8221;{}&#8221;][et_pb_accordion open_toggle_text_color=&#8221;#000000&#8243; open_toggle_background_color=&#8221;rgba(0,0,0,0)&#8221; closed_toggle_background_color=&#8221;#242424&#8243; icon_color=&#8221;#FFFFFF&#8221; use_icon_font_size=&#8221;on&#8221; _builder_version=&#8221;4.27.4&#8243; toggle_text_color=&#8221;#FFFFFF&#8221; toggle_level=&#8221;h2&#8243; closed_toggle_font_size=&#8221;25px&#8221; background_color=&#8221;rgba(0,0,0,0)&#8221; hover_enabled=&#8221;0&#8243; border_radii=&#8221;on|15px|15px|15px|15px&#8221; global_colors_info=&#8221;{}&#8221; sticky_enabled=&#8221;0&#8243;][et_pb_accordion_item _builder_version=&#8221;4.16&#8243; custom_css_main_element=&#8221;display:none&#8221; global_colors_info=&#8221;{}&#8221; open=&#8221;on&#8221;][\/et_pb_accordion_item][et_pb_accordion_item title=&#8221;Electricista Instalador Industrial&#8221; _builder_version=&#8221;4.27.4&#8243; body_font=&#8221;||||||||&#8221; hover_enabled=&#8221;0&#8243; global_colors_info=&#8221;{}&#8221; open=&#8221;off&#8221; sticky_enabled=&#8221;0&#8243;]<\/p>\n<h4 style=\"text-align: justify;\">Aprende a instalar y proveer mantenimiento a circuitos el\u00e9ctricos domiciliares, equipos de energ\u00eda renovable domiciliar, circuitos el\u00e9ctricos trif\u00e1sicos y m\u00e1quinas el\u00e9ctricas rotativas y est\u00e1ticas trif\u00e1sicas, con base en requerimientos; aplicando t\u00e9cnicas, procedimientos asertivos y siguiendo las buenas pr\u00e1cticas laborales de acuerdo con el perfil de egreso del participante.<\/h4>\n<h4>Grupo 1:<\/h4>\n<h4>lunes a viernes de 11:30 a 16:00 horas, edad de 14 a 18 a\u00f1os <br \/>Grupo 2:<\/h4>\n<h4>s\u00e1bados y domingos de 07:30 a 16:30 horas, edad de 18 a\u00f1os en adelante <\/h4>\n<h4>Duraci\u00f3n estimada 1 a\u00f1o y 6 meses a 2 a\u00f1os <br \/>500 horas de pr\u00e1ctica en empresa <br \/>6to. Primaria m\u00ednimo aprobado <\/h4>\n<h4>Proceso de admisi\u00f3n Q15.00 &#8211; Inscripci\u00f3n anual Q50.00 &#8211; Mensualidad Q125.00 <\/p>\n<\/h4>\n<p>[\/et_pb_accordion_item][et_pb_accordion_item title=&#8221;Electricista Instalador Domiciliar&#8221; open=&#8221;off&#8221; _builder_version=&#8221;4.27.4&#8243; body_font=&#8221;||||||||&#8221; hover_enabled=&#8221;0&#8243; global_colors_info=&#8221;{}&#8221; sticky_enabled=&#8221;0&#8243;]<\/p>\n<h4 style=\"text-align: justify;\">Aprende a instalar y proveer mantenimiento a circuitos el\u00e9ctricos de alumbrado, fuerza y equipos de energ\u00eda renovable, con base en requerimientos; aplicando t\u00e9cnicas, procedimientos asertivos y siguiendo las buenas pr\u00e1cticas laborales de acuerdo con el perfil de egreso del participante.<\/h4>\n<h4>S\u00e1bados y domingos (ambos d\u00edas) de 07:30 a 16:30 horas <br \/>Duraci\u00f3n estimada 1 a\u00f1o y 6 meses a 2 a\u00f1os <br \/>300 horas de pr\u00e1ctica en empresa <\/h4>\n<h4>Edad de 16 a\u00f1os en adelante<br \/>6to. Primaria m\u00ednimo aprobado <\/h4>\n<h4>Proceso de admisi\u00f3n Q15.00 &#8211; Inscripci\u00f3n anual Q50.00 &#8211; Mensualidad Q125.00 <\/h4>\n<p>[\/et_pb_accordion_item][et_pb_accordion_item title=&#8221;T\u00e9cnico en Electricidad Industrial&#8221; _builder_version=&#8221;4.27.4&#8243; body_font=&#8221;||||||||&#8221; hover_enabled=&#8221;0&#8243; global_colors_info=&#8221;{}&#8221; open=&#8221;off&#8221; sticky_enabled=&#8221;0&#8243;]<\/p>\n<h4 class=\"et_pb_toggle_title\" style=\"text-align: justify;\">Aprende a instalar y proveer el mantenimiento de circuitos el\u00e9ctricos de baja potencia, sistemas de automatizaci\u00f3n industrial y a m\u00e1quinas el\u00e9ctricas rotativas y est\u00e1ticas, as\u00ed como, la administraci\u00f3n de talleres de electricidad industrial, con base en requerimientos; aplicando t\u00e9cnicas, procedimientos asertivos y siguiendo las buenas pr\u00e1cticas laborales de acuerdo con el perfil de egreso del participante.<\/h4>\n<div class=\"et_pb_toggle_content clearfix\">\n<h4>Lunes a viernes de 07:30 a 16:00 horas <br \/>Duraci\u00f3n estimada de 2 a\u00f1os y 6 meses <br \/>500 horas de pr\u00e1ctica en empresa <br \/>Edad de 15 a 22 a\u00f1os<br \/>3ro. B\u00e1sico m\u00ednimo aprobado <\/h4>\n<h4>Proceso de admisi\u00f3n Q15.00 &#8211; Inscripci\u00f3n anual Q75.00 &#8211; Mensualidad Q175.00 <\/h4>\n<\/div>\n<p>[\/et_pb_accordion_item][\/et_pb_accordion][\/et_pb_column][\/et_pb_row][\/et_pb_section][et_pb_section fb_built=&#8221;1&#8243; _builder_version=&#8221;4.16&#8243; custom_padding=&#8221;21px||2px|||&#8221; global_colors_info=&#8221;{}&#8221;][et_pb_row _builder_version=&#8221;4.16&#8243; global_colors_info=&#8221;{}&#8221;][et_pb_column type=&#8221;4_4&#8243; _builder_version=&#8221;4.16&#8243; global_colors_info=&#8221;{}&#8221;][et_pb_text _builder_version=&#8221;4.27.0&#8243; global_colors_info=&#8221;{}&#8221;]<\/p>\n<h2>REQUISITOS GENERALES:<\/h2>\n<h5>DOCUMENTOS A PRESENTAR EL DIA DE LA INSCRIPCI\u00d3N<\/h5>\n<ol>\n<li>\n<h5>Certificado de estudios del \u00faltimo grado aprobado ( original y copia )<\/h5>\n<\/li>\n<li>\n<h5>Certificado de Nacimiento o DPI (original y copia)<\/h5>\n<\/li>\n<li>\n<h5>Tarjeta de Salud Vigente (para las carreras requeridas)(los documentos orignales solo sirven para confrontar e inmediatamente se devuelven a los (las) aspirantes)<\/h5>\n<\/li>\n<\/ol>\n<p>[\/et_pb_text][\/et_pb_column][\/et_pb_row][\/et_pb_section]<\/p>\n","protected":false},"excerpt":{"rendered":"<p>Electricista Instalador Industrial Aprende a instalar y&#8230;<\/p>\n","protected":false},"author":1,"featured_media":0,"parent":0,"menu_order":0,"comment_status":"closed","ping_status":"closed","template":"","meta":{"_et_pb_use_builder":"on","_et_pb_old_content":"","_et_gb_content_width":"","_monsterinsights_skip_tracking":false,"_monsterinsights_sitenote_active":false,"_monsterinsights_sitenote_note":"","_monsterinsights_sitenote_category":0,"footnotes":""},"class_list":["post-1315","page","type-page","status-publish","hentry"],"_links":{"self":[{"href":"https:\/\/www.intecap.edu.gt\/centros\/vnreformadores\/wp-json\/wp\/v2\/pages\/1315","targetHints":{"allow":["GET"]}}],"collection":[{"href":"https:\/\/www.intecap.edu.gt\/centros\/vnreformadores\/wp-json\/wp\/v2\/pages"}],"about":[{"href":"https:\/\/www.intecap.edu.gt\/centros\/vnreformadores\/wp-json\/wp\/v2\/types\/page"}],"author":[{"embeddable":true,"href":"https:\/\/www.intecap.edu.gt\/centros\/vnreformadores\/wp-json\/wp\/v2\/users\/1"}],"replies":[{"embeddable":true,"href":"https:\/\/www.intecap.edu.gt\/centros\/vnreformadores\/wp-json\/wp\/v2\/comments?post=1315"}],"version-history":[{"count":9,"href":"https:\/\/www.intecap.edu.gt\/centros\/vnreformadores\/wp-json\/wp\/v2\/pages\/1315\/revisions"}],"predecessor-version":[{"id":1884,"href":"https:\/\/www.intecap.edu.gt\/centros\/vnreformadores\/wp-json\/wp\/v2\/pages\/1315\/revisions\/1884"}],"wp:attachment":[{"href":"https:\/\/www.intecap.edu.gt\/centros\/vnreformadores\/wp-json\/wp\/v2\/media?parent=1315"}],"curies":[{"name":"wp","href":"https:\/\/api.w.org\/{rel}","templated":true}]}}