{"id":1382,"date":"2020-09-08T22:05:29","date_gmt":"2020-09-08T22:05:29","guid":{"rendered":"https:\/\/www.intecap.edu.gt\/centros\/centrosanmarcos\/?page_id=1382"},"modified":"2025-09-03T16:42:07","modified_gmt":"2025-09-03T16:42:07","slug":"gastronomia","status":"publish","type":"page","link":"https:\/\/www.intecap.edu.gt\/centros\/delegacionelprogreso\/gastronomia\/","title":{"rendered":"Especialidad Gastronom\u00eda"},"content":{"rendered":"<p>[et_pb_section fb_built=&#8221;1&#8243; _builder_version=&#8221;4.16&#8243; custom_padding=&#8221;15px||8px|||&#8221; global_colors_info=&#8221;{}&#8221;][et_pb_row _builder_version=&#8221;4.16&#8243; global_colors_info=&#8221;{}&#8221;][et_pb_column type=&#8221;4_4&#8243; _builder_version=&#8221;4.16&#8243; global_colors_info=&#8221;{}&#8221;][et_pb_post_title meta=&#8221;off&#8221; featured_image=&#8221;off&#8221; _builder_version=&#8221;4.16&#8243; title_font=&#8221;|800||on|||||&#8221; title_font_size=&#8221;35px&#8221; text_orientation=&#8221;center&#8221; global_colors_info=&#8221;{}&#8221;][\/et_pb_post_title][\/et_pb_column][\/et_pb_row][et_pb_row _builder_version=&#8221;4.16&#8243; global_colors_info=&#8221;{}&#8221;][et_pb_column type=&#8221;4_4&#8243; _builder_version=&#8221;4.16&#8243; global_colors_info=&#8221;{}&#8221;][et_pb_accordion open_toggle_text_color=&#8221;#000000&#8243; open_toggle_background_color=&#8221;rgba(0,0,0,0)&#8221; closed_toggle_background_color=&#8221;#242424&#8243; icon_color=&#8221;#ffffff&#8221; use_icon_font_size=&#8221;on&#8221; _builder_version=&#8221;4.27.4&#8243; toggle_text_color=&#8221;#ffffff&#8221; toggle_level=&#8221;h2&#8243; closed_toggle_font_size=&#8221;25px&#8221; closed_toggle_line_height=&#8221;1em&#8221; background_color=&#8221;rgba(0,0,0,0)&#8221; hover_enabled=&#8221;0&#8243; z_index_tablet=&#8221;500&#8243; toggle_text_shadow_horizontal_length_tablet=&#8221;0px&#8221; toggle_text_shadow_vertical_length_tablet=&#8221;0px&#8221; toggle_text_shadow_blur_strength_tablet=&#8221;1px&#8221; closed_toggle_text_shadow_horizontal_length_tablet=&#8221;0px&#8221; closed_toggle_text_shadow_vertical_length_tablet=&#8221;0px&#8221; closed_toggle_text_shadow_blur_strength_tablet=&#8221;1px&#8221; body_text_shadow_horizontal_length_tablet=&#8221;0px&#8221; body_text_shadow_vertical_length_tablet=&#8221;0px&#8221; body_text_shadow_blur_strength_tablet=&#8221;1px&#8221; body_link_text_shadow_horizontal_length_tablet=&#8221;0px&#8221; body_link_text_shadow_vertical_length_tablet=&#8221;0px&#8221; body_link_text_shadow_blur_strength_tablet=&#8221;1px&#8221; body_ul_text_shadow_horizontal_length_tablet=&#8221;0px&#8221; body_ul_text_shadow_vertical_length_tablet=&#8221;0px&#8221; body_ul_text_shadow_blur_strength_tablet=&#8221;1px&#8221; body_ol_text_shadow_horizontal_length_tablet=&#8221;0px&#8221; body_ol_text_shadow_vertical_length_tablet=&#8221;0px&#8221; body_ol_text_shadow_blur_strength_tablet=&#8221;1px&#8221; body_quote_text_shadow_horizontal_length_tablet=&#8221;0px&#8221; body_quote_text_shadow_vertical_length_tablet=&#8221;0px&#8221; body_quote_text_shadow_blur_strength_tablet=&#8221;1px&#8221; border_radii=&#8221;on|15px|15px|15px|15px&#8221; text_shadow_horizontal_length_tablet=&#8221;0px&#8221; text_shadow_vertical_length_tablet=&#8221;0px&#8221; text_shadow_blur_strength_tablet=&#8221;1px&#8221; global_colors_info=&#8221;{}&#8221; sticky_enabled=&#8221;0&#8243;][et_pb_accordion_item open=&#8221;on&#8221; title_tablet=&#8221;Confeccionista de prendas de vestir &#8221; title_phone=&#8221;Confeccionista de prendas de vestir &#8221; _builder_version=&#8221;4.16&#8243; background_color_gradient_direction_tablet=&#8221;180deg&#8221; background_color_gradient_direction_phone=&#8221;180deg&#8221; background_color_gradient_stops_tablet=&#8221;#2b87da 0%|#29c4a9 100%&#8221; background_color_gradient_stops_phone=&#8221;#2b87da 0%|#29c4a9 100%&#8221; background_color_gradient_start_position_tablet=&#8221;0%&#8221; background_color_gradient_start_position_phone=&#8221;0%&#8221; background_color_gradient_end_position_tablet=&#8221;100%&#8221; background_color_gradient_end_position_phone=&#8221;100%&#8221; hover_transition_duration_tablet=&#8221;300ms&#8221; hover_transition_duration_phone=&#8221;300ms&#8221; hover_transition_delay_tablet=&#8221;0ms&#8221; hover_transition_delay_phone=&#8221;0ms&#8221; custom_css_main_element=&#8221;display:none&#8221; body_text_shadow_horizontal_length_tablet=&#8221;0px&#8221; body_text_shadow_horizontal_length_phone=&#8221;0px&#8221; body_text_shadow_vertical_length_tablet=&#8221;0px&#8221; body_text_shadow_vertical_length_phone=&#8221;0px&#8221; body_text_shadow_blur_strength_tablet=&#8221;1px&#8221; body_text_shadow_blur_strength_phone=&#8221;1px&#8221; body_link_text_shadow_horizontal_length_tablet=&#8221;0px&#8221; body_link_text_shadow_horizontal_length_phone=&#8221;0px&#8221; body_link_text_shadow_vertical_length_tablet=&#8221;0px&#8221; body_link_text_shadow_vertical_length_phone=&#8221;0px&#8221; body_link_text_shadow_blur_strength_tablet=&#8221;1px&#8221; body_link_text_shadow_blur_strength_phone=&#8221;1px&#8221; body_ul_text_shadow_horizontal_length_tablet=&#8221;0px&#8221; body_ul_text_shadow_horizontal_length_phone=&#8221;0px&#8221; body_ul_text_shadow_vertical_length_tablet=&#8221;0px&#8221; body_ul_text_shadow_vertical_length_phone=&#8221;0px&#8221; body_ul_text_shadow_blur_strength_tablet=&#8221;1px&#8221; body_ul_text_shadow_blur_strength_phone=&#8221;1px&#8221; body_ol_text_shadow_horizontal_length_tablet=&#8221;0px&#8221; body_ol_text_shadow_horizontal_length_phone=&#8221;0px&#8221; body_ol_text_shadow_vertical_length_tablet=&#8221;0px&#8221; body_ol_text_shadow_vertical_length_phone=&#8221;0px&#8221; body_ol_text_shadow_blur_strength_tablet=&#8221;1px&#8221; body_ol_text_shadow_blur_strength_phone=&#8221;1px&#8221; body_quote_text_shadow_horizontal_length_tablet=&#8221;0px&#8221; body_quote_text_shadow_horizontal_length_phone=&#8221;0px&#8221; body_quote_text_shadow_vertical_length_tablet=&#8221;0px&#8221; body_quote_text_shadow_vertical_length_phone=&#8221;0px&#8221; body_quote_text_shadow_blur_strength_tablet=&#8221;1px&#8221; body_quote_text_shadow_blur_strength_phone=&#8221;1px&#8221; box_shadow_horizontal_tablet=&#8221;0px&#8221; box_shadow_horizontal_phone=&#8221;0px&#8221; box_shadow_vertical_tablet=&#8221;0px&#8221; box_shadow_vertical_phone=&#8221;0px&#8221; box_shadow_blur_tablet=&#8221;40px&#8221; box_shadow_blur_phone=&#8221;40px&#8221; box_shadow_spread_tablet=&#8221;0px&#8221; box_shadow_spread_phone=&#8221;0px&#8221; text_shadow_horizontal_length_tablet=&#8221;0px&#8221; text_shadow_horizontal_length_phone=&#8221;0px&#8221; text_shadow_vertical_length_tablet=&#8221;0px&#8221; text_shadow_vertical_length_phone=&#8221;0px&#8221; text_shadow_blur_strength_tablet=&#8221;1px&#8221; text_shadow_blur_strength_phone=&#8221;1px&#8221; global_colors_info=&#8221;{}&#8221; toggle_text_shadow_horizontal_length_tablet=&#8221;0px&#8221; toggle_text_shadow_horizontal_length_phone=&#8221;0px&#8221; toggle_text_shadow_vertical_length_tablet=&#8221;0px&#8221; toggle_text_shadow_vertical_length_phone=&#8221;0px&#8221; toggle_text_shadow_blur_strength_tablet=&#8221;1px&#8221; toggle_text_shadow_blur_strength_phone=&#8221;1px&#8221; closed_toggle_text_shadow_horizontal_length_tablet=&#8221;0px&#8221; closed_toggle_text_shadow_horizontal_length_phone=&#8221;0px&#8221; closed_toggle_text_shadow_vertical_length_tablet=&#8221;0px&#8221; closed_toggle_text_shadow_vertical_length_phone=&#8221;0px&#8221; closed_toggle_text_shadow_blur_strength_tablet=&#8221;1px&#8221; closed_toggle_text_shadow_blur_strength_phone=&#8221;1px&#8221;][\/et_pb_accordion_item][et_pb_accordion_item title=&#8221;Cocinero&#8221; title_tablet=&#8221;Confeccionista de prendas de vestir (Plan Fin de Semana)&#8221; title_phone=&#8221;Confeccionista de prendas de vestir (Plan Fin de Semana)&#8221; _builder_version=&#8221;4.27.4&#8243; hover_enabled=&#8221;0&#8243; background_color_gradient_direction_tablet=&#8221;180deg&#8221; background_color_gradient_direction_phone=&#8221;180deg&#8221; background_color_gradient_stops_tablet=&#8221;#2b87da 0%|#29c4a9 100%&#8221; background_color_gradient_stops_phone=&#8221;#2b87da 0%|#29c4a9 100%&#8221; background_color_gradient_start_position_tablet=&#8221;0%&#8221; background_color_gradient_start_position_phone=&#8221;0%&#8221; background_color_gradient_end_position_tablet=&#8221;100%&#8221; background_color_gradient_end_position_phone=&#8221;100%&#8221; hover_transition_duration_tablet=&#8221;300ms&#8221; hover_transition_duration_phone=&#8221;300ms&#8221; hover_transition_delay_tablet=&#8221;0ms&#8221; hover_transition_delay_phone=&#8221;0ms&#8221; body_text_shadow_horizontal_length_tablet=&#8221;0px&#8221; body_text_shadow_horizontal_length_phone=&#8221;0px&#8221; body_text_shadow_vertical_length_tablet=&#8221;0px&#8221; body_text_shadow_vertical_length_phone=&#8221;0px&#8221; body_text_shadow_blur_strength_tablet=&#8221;1px&#8221; body_text_shadow_blur_strength_phone=&#8221;1px&#8221; body_link_text_shadow_horizontal_length_tablet=&#8221;0px&#8221; body_link_text_shadow_horizontal_length_phone=&#8221;0px&#8221; body_link_text_shadow_vertical_length_tablet=&#8221;0px&#8221; body_link_text_shadow_vertical_length_phone=&#8221;0px&#8221; body_link_text_shadow_blur_strength_tablet=&#8221;1px&#8221; body_link_text_shadow_blur_strength_phone=&#8221;1px&#8221; body_ul_text_shadow_horizontal_length_tablet=&#8221;0px&#8221; body_ul_text_shadow_horizontal_length_phone=&#8221;0px&#8221; body_ul_text_shadow_vertical_length_tablet=&#8221;0px&#8221; body_ul_text_shadow_vertical_length_phone=&#8221;0px&#8221; body_ul_text_shadow_blur_strength_tablet=&#8221;1px&#8221; body_ul_text_shadow_blur_strength_phone=&#8221;1px&#8221; body_ol_text_shadow_horizontal_length_tablet=&#8221;0px&#8221; body_ol_text_shadow_horizontal_length_phone=&#8221;0px&#8221; body_ol_text_shadow_vertical_length_tablet=&#8221;0px&#8221; body_ol_text_shadow_vertical_length_phone=&#8221;0px&#8221; body_ol_text_shadow_blur_strength_tablet=&#8221;1px&#8221; body_ol_text_shadow_blur_strength_phone=&#8221;1px&#8221; body_quote_text_shadow_horizontal_length_tablet=&#8221;0px&#8221; body_quote_text_shadow_horizontal_length_phone=&#8221;0px&#8221; body_quote_text_shadow_vertical_length_tablet=&#8221;0px&#8221; body_quote_text_shadow_vertical_length_phone=&#8221;0px&#8221; body_quote_text_shadow_blur_strength_tablet=&#8221;1px&#8221; body_quote_text_shadow_blur_strength_phone=&#8221;1px&#8221; box_shadow_horizontal_tablet=&#8221;0px&#8221; box_shadow_horizontal_phone=&#8221;0px&#8221; box_shadow_vertical_tablet=&#8221;0px&#8221; box_shadow_vertical_phone=&#8221;0px&#8221; box_shadow_blur_tablet=&#8221;40px&#8221; box_shadow_blur_phone=&#8221;40px&#8221; box_shadow_spread_tablet=&#8221;0px&#8221; box_shadow_spread_phone=&#8221;0px&#8221; text_shadow_horizontal_length_tablet=&#8221;0px&#8221; text_shadow_horizontal_length_phone=&#8221;0px&#8221; text_shadow_vertical_length_tablet=&#8221;0px&#8221; text_shadow_vertical_length_phone=&#8221;0px&#8221; text_shadow_blur_strength_tablet=&#8221;1px&#8221; text_shadow_blur_strength_phone=&#8221;1px&#8221; global_colors_info=&#8221;{}&#8221; toggle_text_shadow_horizontal_length_tablet=&#8221;0px&#8221; toggle_text_shadow_horizontal_length_phone=&#8221;0px&#8221; toggle_text_shadow_vertical_length_tablet=&#8221;0px&#8221; toggle_text_shadow_vertical_length_phone=&#8221;0px&#8221; toggle_text_shadow_blur_strength_tablet=&#8221;1px&#8221; toggle_text_shadow_blur_strength_phone=&#8221;1px&#8221; closed_toggle_text_shadow_horizontal_length_tablet=&#8221;0px&#8221; closed_toggle_text_shadow_horizontal_length_phone=&#8221;0px&#8221; closed_toggle_text_shadow_vertical_length_tablet=&#8221;0px&#8221; closed_toggle_text_shadow_vertical_length_phone=&#8221;0px&#8221; closed_toggle_text_shadow_blur_strength_tablet=&#8221;1px&#8221; closed_toggle_text_shadow_blur_strength_phone=&#8221;1px&#8221; open=&#8221;off&#8221; sticky_enabled=&#8221;0&#8243;]<\/p>\n<h4 class=\"zfr3Q\" style=\"text-align: justify;\">Aprende a realizar la puesta a punto de las instalaciones, el equipo, la herramienta, los utensilios y los materiales; as\u00ed como para preelaborar, elaborar, presentar y conservar alimentos y platillos; elaborar y conservar subproductos platos y postres fundamentales de la cocina, con base en requerimientos y t\u00e9cnicas nutricionales b\u00e1sicas; aplicando t\u00e9cnicas, procedimientos asertivos y siguiendo las buenas pr\u00e1cticas laborales, de acuerdo con el perfil de egreso del participante<\/h4>\n<h4 class=\"zfr3Q\" style=\"text-align: justify;\">\u2022 16 a\u00f1os de edad en adelante (presentar copia de DPI o certificaci\u00f3n de nacimiento)<br \/>\u2022 6to. grado de educaci\u00f3n primaria (presentar constancia)<br \/>\u2022 Tarjeta de salud vigente, original<br \/>\u2022 D\u00edas: lunes a jueves, <br \/>\u2022 Horario: de 7:30 a 15:30 horas<br \/>\u2022 Inversi\u00f3n: Inscripci\u00f3n Q65.00, mensualidad Q75.00<br \/>\u2022 Adicional al finalizar la carrera: 300 horas de pr\u00e1ctica en empresa o r\u00e9plicas de trabajos.<br \/>\u2022 Duraci\u00f3n aproximada: 10 meses<\/h4>\n<p>[\/et_pb_accordion_item][et_pb_accordion_item title=&#8221;Repostero&#8221; title_tablet=&#8221;Confeccionista de prendas de vestir (Plan Fin de Semana)&#8221; title_phone=&#8221;Confeccionista de prendas de vestir (Plan Fin de Semana)&#8221; _builder_version=&#8221;4.27.4&#8243; hover_enabled=&#8221;0&#8243; background_color_gradient_direction_tablet=&#8221;180deg&#8221; background_color_gradient_direction_phone=&#8221;180deg&#8221; background_color_gradient_stops_tablet=&#8221;#2b87da 0%|#29c4a9 100%&#8221; background_color_gradient_stops_phone=&#8221;#2b87da 0%|#29c4a9 100%&#8221; background_color_gradient_start_position_tablet=&#8221;0%&#8221; background_color_gradient_start_position_phone=&#8221;0%&#8221; background_color_gradient_end_position_tablet=&#8221;100%&#8221; background_color_gradient_end_position_phone=&#8221;100%&#8221; hover_transition_duration_tablet=&#8221;300ms&#8221; hover_transition_duration_phone=&#8221;300ms&#8221; hover_transition_delay_tablet=&#8221;0ms&#8221; hover_transition_delay_phone=&#8221;0ms&#8221; body_text_shadow_horizontal_length_tablet=&#8221;0px&#8221; body_text_shadow_horizontal_length_phone=&#8221;0px&#8221; body_text_shadow_vertical_length_tablet=&#8221;0px&#8221; body_text_shadow_vertical_length_phone=&#8221;0px&#8221; body_text_shadow_blur_strength_tablet=&#8221;1px&#8221; body_text_shadow_blur_strength_phone=&#8221;1px&#8221; body_link_text_shadow_horizontal_length_tablet=&#8221;0px&#8221; body_link_text_shadow_horizontal_length_phone=&#8221;0px&#8221; body_link_text_shadow_vertical_length_tablet=&#8221;0px&#8221; body_link_text_shadow_vertical_length_phone=&#8221;0px&#8221; body_link_text_shadow_blur_strength_tablet=&#8221;1px&#8221; body_link_text_shadow_blur_strength_phone=&#8221;1px&#8221; body_ul_text_shadow_horizontal_length_tablet=&#8221;0px&#8221; body_ul_text_shadow_horizontal_length_phone=&#8221;0px&#8221; body_ul_text_shadow_vertical_length_tablet=&#8221;0px&#8221; body_ul_text_shadow_vertical_length_phone=&#8221;0px&#8221; body_ul_text_shadow_blur_strength_tablet=&#8221;1px&#8221; body_ul_text_shadow_blur_strength_phone=&#8221;1px&#8221; body_ol_text_shadow_horizontal_length_tablet=&#8221;0px&#8221; body_ol_text_shadow_horizontal_length_phone=&#8221;0px&#8221; body_ol_text_shadow_vertical_length_tablet=&#8221;0px&#8221; body_ol_text_shadow_vertical_length_phone=&#8221;0px&#8221; body_ol_text_shadow_blur_strength_tablet=&#8221;1px&#8221; body_ol_text_shadow_blur_strength_phone=&#8221;1px&#8221; body_quote_text_shadow_horizontal_length_tablet=&#8221;0px&#8221; body_quote_text_shadow_horizontal_length_phone=&#8221;0px&#8221; body_quote_text_shadow_vertical_length_tablet=&#8221;0px&#8221; body_quote_text_shadow_vertical_length_phone=&#8221;0px&#8221; body_quote_text_shadow_blur_strength_tablet=&#8221;1px&#8221; body_quote_text_shadow_blur_strength_phone=&#8221;1px&#8221; box_shadow_horizontal_tablet=&#8221;0px&#8221; box_shadow_horizontal_phone=&#8221;0px&#8221; box_shadow_vertical_tablet=&#8221;0px&#8221; box_shadow_vertical_phone=&#8221;0px&#8221; box_shadow_blur_tablet=&#8221;40px&#8221; box_shadow_blur_phone=&#8221;40px&#8221; box_shadow_spread_tablet=&#8221;0px&#8221; box_shadow_spread_phone=&#8221;0px&#8221; text_shadow_horizontal_length_tablet=&#8221;0px&#8221; text_shadow_horizontal_length_phone=&#8221;0px&#8221; text_shadow_vertical_length_tablet=&#8221;0px&#8221; text_shadow_vertical_length_phone=&#8221;0px&#8221; text_shadow_blur_strength_tablet=&#8221;1px&#8221; text_shadow_blur_strength_phone=&#8221;1px&#8221; global_colors_info=&#8221;{}&#8221; toggle_text_shadow_horizontal_length_tablet=&#8221;0px&#8221; toggle_text_shadow_horizontal_length_phone=&#8221;0px&#8221; toggle_text_shadow_vertical_length_tablet=&#8221;0px&#8221; toggle_text_shadow_vertical_length_phone=&#8221;0px&#8221; toggle_text_shadow_blur_strength_tablet=&#8221;1px&#8221; toggle_text_shadow_blur_strength_phone=&#8221;1px&#8221; closed_toggle_text_shadow_horizontal_length_tablet=&#8221;0px&#8221; closed_toggle_text_shadow_horizontal_length_phone=&#8221;0px&#8221; closed_toggle_text_shadow_vertical_length_tablet=&#8221;0px&#8221; closed_toggle_text_shadow_vertical_length_phone=&#8221;0px&#8221; closed_toggle_text_shadow_blur_strength_tablet=&#8221;1px&#8221; closed_toggle_text_shadow_blur_strength_phone=&#8221;1px&#8221; open=&#8221;off&#8221; sticky_enabled=&#8221;0&#8243;]<\/p>\n<h4 style=\"text-align: justify;\">Aprende a realizar la puesta a punto de las instalaciones, equipo, herramientas, utensilios y materiales; as\u00ed como para elaborar, decorar, montar y presentar diversos productos de reposter\u00eda, con base en requerimientos; aplicando t\u00e9cnicas, procedimientos asertivos y siguiendo las buenas pr\u00e1cticas laborales, de acuerdo con el perfil de egreso del participante<\/h4>\n<h4 style=\"text-align: justify;\">\u2022 16 a\u00f1os de edad en adelante (presentar copia de DPI o certificaci\u00f3n de nacimiento)<br \/>\u2022 6to. grado de educaci\u00f3n primaria (presentar constancia)<br \/>\u2022 Tarjeta de salud vigente, original<br \/>\u2022 D\u00edas: mi\u00e9rcoles a viernes, <br \/>\u2022 Horario: de 7:30 a 15:30 horas<br \/>\u2022 Inversi\u00f3n: Inscripci\u00f3n Q65.00, mensualidad Q75.00<br \/>\u2022 Adicional al finalizar la carrera: 400 horas de pr\u00e1ctica en empresa o r\u00e9plicas de trabajos.<br \/>\u2022 Duraci\u00f3n aproximada: 10 meses<\/h4>\n<p>[\/et_pb_accordion_item][\/et_pb_accordion][\/et_pb_column][\/et_pb_row][\/et_pb_section][et_pb_section fb_built=&#8221;1&#8243; _builder_version=&#8221;4.16&#8243; custom_padding=&#8221;21px||2px|||&#8221; global_colors_info=&#8221;{}&#8221;][et_pb_row _builder_version=&#8221;4.16&#8243; global_colors_info=&#8221;{}&#8221;][et_pb_column type=&#8221;4_4&#8243; _builder_version=&#8221;4.16&#8243; global_colors_info=&#8221;{}&#8221;][et_pb_text _builder_version=&#8221;4.27.0&#8243; global_colors_info=&#8221;{}&#8221;]<\/p>\n<div class=\"et_pb_section et_pb_section_1 et_section_regular et_section_transparent\">\n<div class=\"et_pb_row et_pb_row_2\">\n<div class=\"et_pb_column et_pb_column_4_4 et_pb_column_2  et_pb_css_mix_blend_mode_passthrough et-last-child\">\n<div class=\"et_pb_module et_pb_text et_pb_text_0  et_pb_text_align_left et_pb_bg_layout_light\">\n<div class=\"et_pb_text_inner\">\n<h4><strong>Requisitos indispensables para la inscripci\u00f3n, en original y fotocopia:<\/strong><br \/>\u2022 Certificaci\u00f3n de nacimiento reciente (menores de edad) o DPI (mayores de edad) (original y copia)<br \/>\u2022 Diploma o certificado del grado indicado en cada carrera (original y copia)<br \/>\u2022 Tarjeta de salud vigente (para las carreras que aplica) (original y copia)<br \/>\u2022 Para todas las carreras, el proceso de admisi\u00f3n tiene un costo de Q 15.00<br \/>\u2022 El participante adquirir\u00e1 los materiales para sus pr\u00e1cticas.<\/h4>\n<\/div>\n<\/div>\n<\/div>\n<\/div>\n<\/div>\n<p>[\/et_pb_text][\/et_pb_column][\/et_pb_row][\/et_pb_section]<\/p>\n","protected":false},"excerpt":{"rendered":"<p>Cocinero Aprende a realizar la puesta a punto de las&#8230;<\/p>\n","protected":false},"author":1,"featured_media":0,"parent":0,"menu_order":0,"comment_status":"closed","ping_status":"closed","template":"","meta":{"_et_pb_use_builder":"on","_et_pb_old_content":"","_et_gb_content_width":"","_monsterinsights_skip_tracking":false,"_monsterinsights_sitenote_active":false,"_monsterinsights_sitenote_note":"","_monsterinsights_sitenote_category":0,"footnotes":""},"class_list":["post-1382","page","type-page","status-publish","hentry"],"_links":{"self":[{"href":"https:\/\/www.intecap.edu.gt\/centros\/delegacionelprogreso\/wp-json\/wp\/v2\/pages\/1382","targetHints":{"allow":["GET"]}}],"collection":[{"href":"https:\/\/www.intecap.edu.gt\/centros\/delegacionelprogreso\/wp-json\/wp\/v2\/pages"}],"about":[{"href":"https:\/\/www.intecap.edu.gt\/centros\/delegacionelprogreso\/wp-json\/wp\/v2\/types\/page"}],"author":[{"embeddable":true,"href":"https:\/\/www.intecap.edu.gt\/centros\/delegacionelprogreso\/wp-json\/wp\/v2\/users\/1"}],"replies":[{"embeddable":true,"href":"https:\/\/www.intecap.edu.gt\/centros\/delegacionelprogreso\/wp-json\/wp\/v2\/comments?post=1382"}],"version-history":[{"count":12,"href":"https:\/\/www.intecap.edu.gt\/centros\/delegacionelprogreso\/wp-json\/wp\/v2\/pages\/1382\/revisions"}],"predecessor-version":[{"id":1879,"href":"https:\/\/www.intecap.edu.gt\/centros\/delegacionelprogreso\/wp-json\/wp\/v2\/pages\/1382\/revisions\/1879"}],"wp:attachment":[{"href":"https:\/\/www.intecap.edu.gt\/centros\/delegacionelprogreso\/wp-json\/wp\/v2\/media?parent=1382"}],"curies":[{"name":"wp","href":"https:\/\/api.w.org\/{rel}","templated":true}]}}