{"id":836,"date":"2019-02-13T18:14:04","date_gmt":"2019-02-13T18:14:04","guid":{"rendered":"https:\/\/www.intecap.edu.gt\/centros\/delegacionchimaltenango\/?page_id=836"},"modified":"2025-09-02T17:12:23","modified_gmt":"2025-09-02T17:12:23","slug":"quienessomos","status":"publish","type":"page","link":"https:\/\/www.intecap.edu.gt\/centros\/delegacionchimaltenango\/quienessomos\/","title":{"rendered":"Quienes Somos"},"content":{"rendered":"<p>[vc_row][vc_column width=&#8221;1\/2&#8243;][vc_images_carousel images=&#8221;1073,1076,1077,1074,1075&#8243; img_size=&#8221;full&#8221; onclick=&#8221;link_no&#8221; speed=&#8221;4000&#8243; autoplay=&#8221;yes&#8221;][\/vc_column][vc_column width=&#8221;1\/2&#8243;][vc_empty_space hide_on_mobile=&#8221;&#8221;][vc_custom_heading source=&#8221;post_title&#8221; use_theme_fonts=&#8221;yes&#8221;][vc_empty_space hide_on_mobile=&#8221;&#8221;][vc_column_text]<\/p>\n<p style=\"text-align: justify;\"><big>La Delegaci\u00f3n Departamental de Chimaltenango atiende los requerimientos y gestiona el desarrollo de cursos de capacitaci\u00f3n y asistencia t\u00e9cnica a empresas y comunidades del departamento.<\/big><\/p>\n<p style=\"text-align: justify;\"><big>Desarrolla eventos m\u00f3viles en las empresas, organizaciones o comunidades. Dise\u00f1a programas y materiales did\u00e1cticos, acorde a sus necesidades empresariales.<\/big><\/p>\n<p style=\"text-align: justify;\"><big>Formamos mano de obra calificada, en ocupaciones que sean priorizadas, de acuerdo a las caracter\u00edsticas del medio y demanda de mano de obra calificada, para contribuir a que la poblaci\u00f3n a la que va dirigida nuestra capacitaci\u00f3n mejore su condici\u00f3n de vida.<\/big><\/p>\n<h5 style=\"text-align: justify;\"><strong><big>Horario de Atenci\u00f3n<\/big><\/strong><\/h5>\n<p style=\"text-align: justify;\"><big>De lunes a viernes de 08:00 a 16:00 horas<\/big><\/p>\n<p>[\/vc_column_text][\/vc_column][\/vc_row]<\/p>\n","protected":false},"excerpt":{"rendered":"<p>[vc_row][vc_column width=&#8221;1\/2&#8243;][vc_images_carousel images=&#8221;1073,1076,1077,1074,1075&#8243; img_size=&#8221;full&#8221; onclick=&#8221;link_no&#8221; speed=&#8221;4000&#8243; autoplay=&#8221;yes&#8221;][\/vc_column][vc_column width=&#8221;1\/2&#8243;][vc_empty_space hide_on_mobile=&#8221;&#8221;][vc_custom_heading source=&#8221;post_title&#8221; use_theme_fonts=&#8221;yes&#8221;][vc_empty_space hide_on_mobile=&#8221;&#8221;][vc_column_text] La Delegaci\u00f3n Departamental de Chimaltenango atiende los requerimientos y gestiona el desarrollo de cursos de capacitaci\u00f3n y asistencia t\u00e9cnica a empresas y comunidades del departamento. Desarrolla eventos m\u00f3viles en las empresas, organizaciones o comunidades. Dise\u00f1a programas y materiales did\u00e1cticos, acorde a sus necesidades empresariales. Formamos mano de obra&hellip;<\/p>\n","protected":false},"author":1,"featured_media":0,"parent":0,"menu_order":0,"comment_status":"closed","ping_status":"closed","template":"","meta":{"_et_pb_use_builder":"","_et_pb_old_content":"","_et_gb_content_width":"","_monsterinsights_skip_tracking":false,"_monsterinsights_sitenote_active":false,"_monsterinsights_sitenote_note":"","_monsterinsights_sitenote_category":0,"footnotes":""},"class_list":["post-836","page","type-page","status-publish","hentry"],"_links":{"self":[{"href":"https:\/\/www.intecap.edu.gt\/centros\/delegacionchimaltenango\/wp-json\/wp\/v2\/pages\/836","targetHints":{"allow":["GET"]}}],"collection":[{"href":"https:\/\/www.intecap.edu.gt\/centros\/delegacionchimaltenango\/wp-json\/wp\/v2\/pages"}],"about":[{"href":"https:\/\/www.intecap.edu.gt\/centros\/delegacionchimaltenango\/wp-json\/wp\/v2\/types\/page"}],"author":[{"embeddable":true,"href":"https:\/\/www.intecap.edu.gt\/centros\/delegacionchimaltenango\/wp-json\/wp\/v2\/users\/1"}],"replies":[{"embeddable":true,"href":"https:\/\/www.intecap.edu.gt\/centros\/delegacionchimaltenango\/wp-json\/wp\/v2\/comments?post=836"}],"version-history":[{"count":14,"href":"https:\/\/www.intecap.edu.gt\/centros\/delegacionchimaltenango\/wp-json\/wp\/v2\/pages\/836\/revisions"}],"predecessor-version":[{"id":1844,"href":"https:\/\/www.intecap.edu.gt\/centros\/delegacionchimaltenango\/wp-json\/wp\/v2\/pages\/836\/revisions\/1844"}],"wp:attachment":[{"href":"https:\/\/www.intecap.edu.gt\/centros\/delegacionchimaltenango\/wp-json\/wp\/v2\/media?parent=836"}],"curies":[{"name":"wp","href":"https:\/\/api.w.org\/{rel}","templated":true}]}}