{"id":1370,"date":"2020-09-08T21:39:28","date_gmt":"2020-09-08T21:39:28","guid":{"rendered":"https:\/\/www.intecap.edu.gt\/centros\/centrosanmarcos\/?page_id=1370"},"modified":"2025-11-19T14:53:25","modified_gmt":"2025-11-19T14:53:25","slug":"diseno-redessociales","status":"publish","type":"page","link":"https:\/\/www.intecap.edu.gt\/centros\/cti\/diseno-redessociales\/","title":{"rendered":"Especialidad Dise\u00f1o y Redes Sociales"},"content":{"rendered":"<p>[et_pb_section fb_built=&#8221;1&#8243; _builder_version=&#8221;4.16&#8243; custom_padding=&#8221;32px||21px|||&#8221; global_colors_info=&#8221;{}&#8221;][et_pb_row _builder_version=&#8221;4.16&#8243; global_colors_info=&#8221;{}&#8221;][et_pb_column type=&#8221;4_4&#8243; _builder_version=&#8221;4.16&#8243; global_colors_info=&#8221;{}&#8221;][et_pb_post_title meta=&#8221;off&#8221; featured_image=&#8221;off&#8221; _builder_version=&#8221;4.16&#8243; title_font=&#8221;|800||on|||||&#8221; title_font_size=&#8221;35px&#8221; text_orientation=&#8221;center&#8221; global_colors_info=&#8221;{}&#8221;][\/et_pb_post_title][\/et_pb_column][\/et_pb_row][et_pb_row _builder_version=&#8221;4.16&#8243; global_colors_info=&#8221;{}&#8221;][et_pb_column type=&#8221;4_4&#8243; _builder_version=&#8221;4.16&#8243; global_colors_info=&#8221;{}&#8221;][et_pb_accordion open_toggle_text_color=&#8221;#000000&#8243; open_toggle_background_color=&#8221;rgba(0,0,0,0)&#8221; closed_toggle_background_color=&#8221;#242424&#8243; icon_color=&#8221;#ffffff&#8221; use_icon_font_size=&#8221;on&#8221; _builder_version=&#8221;4.27.4&#8243; toggle_text_color=&#8221;#ffffff&#8221; toggle_level=&#8221;h2&#8243; toggle_font_size=&#8221;23px&#8221; background_color=&#8221;rgba(0,0,0,0)&#8221; hover_enabled=&#8221;0&#8243; z_index_tablet=&#8221;500&#8243; toggle_text_shadow_horizontal_length_tablet=&#8221;0px&#8221; toggle_text_shadow_vertical_length_tablet=&#8221;0px&#8221; toggle_text_shadow_blur_strength_tablet=&#8221;1px&#8221; closed_toggle_text_shadow_horizontal_length_tablet=&#8221;0px&#8221; closed_toggle_text_shadow_vertical_length_tablet=&#8221;0px&#8221; closed_toggle_text_shadow_blur_strength_tablet=&#8221;1px&#8221; body_text_shadow_horizontal_length_tablet=&#8221;0px&#8221; body_text_shadow_vertical_length_tablet=&#8221;0px&#8221; body_text_shadow_blur_strength_tablet=&#8221;1px&#8221; body_link_text_shadow_horizontal_length_tablet=&#8221;0px&#8221; body_link_text_shadow_vertical_length_tablet=&#8221;0px&#8221; body_link_text_shadow_blur_strength_tablet=&#8221;1px&#8221; body_ul_text_shadow_horizontal_length_tablet=&#8221;0px&#8221; body_ul_text_shadow_vertical_length_tablet=&#8221;0px&#8221; body_ul_text_shadow_blur_strength_tablet=&#8221;1px&#8221; body_ol_text_shadow_horizontal_length_tablet=&#8221;0px&#8221; body_ol_text_shadow_vertical_length_tablet=&#8221;0px&#8221; body_ol_text_shadow_blur_strength_tablet=&#8221;1px&#8221; body_quote_text_shadow_horizontal_length_tablet=&#8221;0px&#8221; body_quote_text_shadow_vertical_length_tablet=&#8221;0px&#8221; body_quote_text_shadow_blur_strength_tablet=&#8221;1px&#8221; border_radii=&#8221;on|15px|15px|15px|15px&#8221; text_shadow_horizontal_length_tablet=&#8221;0px&#8221; text_shadow_vertical_length_tablet=&#8221;0px&#8221; text_shadow_blur_strength_tablet=&#8221;1px&#8221; global_colors_info=&#8221;{}&#8221; sticky_enabled=&#8221;0&#8243;][et_pb_accordion_item open=&#8221;on&#8221; title_tablet=&#8221;Confeccionista de prendas de vestir &#8221; title_phone=&#8221;Confeccionista de prendas de vestir &#8221; _builder_version=&#8221;4.16&#8243; background_color_gradient_direction_tablet=&#8221;180deg&#8221; background_color_gradient_direction_phone=&#8221;180deg&#8221; background_color_gradient_stops_tablet=&#8221;#2b87da 0%|#29c4a9 100%&#8221; background_color_gradient_stops_phone=&#8221;#2b87da 0%|#29c4a9 100%&#8221; background_color_gradient_start_position_tablet=&#8221;0%&#8221; background_color_gradient_start_position_phone=&#8221;0%&#8221; background_color_gradient_end_position_tablet=&#8221;100%&#8221; background_color_gradient_end_position_phone=&#8221;100%&#8221; hover_transition_duration_tablet=&#8221;300ms&#8221; hover_transition_duration_phone=&#8221;300ms&#8221; hover_transition_delay_tablet=&#8221;0ms&#8221; hover_transition_delay_phone=&#8221;0ms&#8221; custom_css_main_element=&#8221;display:none&#8221; body_text_shadow_horizontal_length_tablet=&#8221;0px&#8221; body_text_shadow_horizontal_length_phone=&#8221;0px&#8221; body_text_shadow_vertical_length_tablet=&#8221;0px&#8221; body_text_shadow_vertical_length_phone=&#8221;0px&#8221; body_text_shadow_blur_strength_tablet=&#8221;1px&#8221; body_text_shadow_blur_strength_phone=&#8221;1px&#8221; body_link_text_shadow_horizontal_length_tablet=&#8221;0px&#8221; body_link_text_shadow_horizontal_length_phone=&#8221;0px&#8221; body_link_text_shadow_vertical_length_tablet=&#8221;0px&#8221; body_link_text_shadow_vertical_length_phone=&#8221;0px&#8221; body_link_text_shadow_blur_strength_tablet=&#8221;1px&#8221; body_link_text_shadow_blur_strength_phone=&#8221;1px&#8221; body_ul_text_shadow_horizontal_length_tablet=&#8221;0px&#8221; body_ul_text_shadow_horizontal_length_phone=&#8221;0px&#8221; body_ul_text_shadow_vertical_length_tablet=&#8221;0px&#8221; body_ul_text_shadow_vertical_length_phone=&#8221;0px&#8221; body_ul_text_shadow_blur_strength_tablet=&#8221;1px&#8221; body_ul_text_shadow_blur_strength_phone=&#8221;1px&#8221; body_ol_text_shadow_horizontal_length_tablet=&#8221;0px&#8221; body_ol_text_shadow_horizontal_length_phone=&#8221;0px&#8221; body_ol_text_shadow_vertical_length_tablet=&#8221;0px&#8221; body_ol_text_shadow_vertical_length_phone=&#8221;0px&#8221; body_ol_text_shadow_blur_strength_tablet=&#8221;1px&#8221; body_ol_text_shadow_blur_strength_phone=&#8221;1px&#8221; body_quote_text_shadow_horizontal_length_tablet=&#8221;0px&#8221; body_quote_text_shadow_horizontal_length_phone=&#8221;0px&#8221; body_quote_text_shadow_vertical_length_tablet=&#8221;0px&#8221; body_quote_text_shadow_vertical_length_phone=&#8221;0px&#8221; body_quote_text_shadow_blur_strength_tablet=&#8221;1px&#8221; body_quote_text_shadow_blur_strength_phone=&#8221;1px&#8221; box_shadow_horizontal_tablet=&#8221;0px&#8221; box_shadow_horizontal_phone=&#8221;0px&#8221; box_shadow_vertical_tablet=&#8221;0px&#8221; box_shadow_vertical_phone=&#8221;0px&#8221; box_shadow_blur_tablet=&#8221;40px&#8221; box_shadow_blur_phone=&#8221;40px&#8221; box_shadow_spread_tablet=&#8221;0px&#8221; box_shadow_spread_phone=&#8221;0px&#8221; text_shadow_horizontal_length_tablet=&#8221;0px&#8221; text_shadow_horizontal_length_phone=&#8221;0px&#8221; text_shadow_vertical_length_tablet=&#8221;0px&#8221; text_shadow_vertical_length_phone=&#8221;0px&#8221; text_shadow_blur_strength_tablet=&#8221;1px&#8221; text_shadow_blur_strength_phone=&#8221;1px&#8221; global_colors_info=&#8221;{}&#8221; toggle_text_shadow_horizontal_length_tablet=&#8221;0px&#8221; toggle_text_shadow_horizontal_length_phone=&#8221;0px&#8221; toggle_text_shadow_vertical_length_tablet=&#8221;0px&#8221; toggle_text_shadow_vertical_length_phone=&#8221;0px&#8221; toggle_text_shadow_blur_strength_tablet=&#8221;1px&#8221; toggle_text_shadow_blur_strength_phone=&#8221;1px&#8221; closed_toggle_text_shadow_horizontal_length_tablet=&#8221;0px&#8221; closed_toggle_text_shadow_horizontal_length_phone=&#8221;0px&#8221; closed_toggle_text_shadow_vertical_length_tablet=&#8221;0px&#8221; closed_toggle_text_shadow_vertical_length_phone=&#8221;0px&#8221; closed_toggle_text_shadow_blur_strength_tablet=&#8221;1px&#8221; closed_toggle_text_shadow_blur_strength_phone=&#8221;1px&#8221;][\/et_pb_accordion_item][et_pb_accordion_item title=&#8221;Community Manager&#8221; title_tablet=&#8221;Confeccionista de prendas de vestir (Plan Fin de Semana)&#8221; title_phone=&#8221;Confeccionista de prendas de vestir (Plan Fin de Semana)&#8221; _builder_version=&#8221;4.27.4&#8243; hover_enabled=&#8221;0&#8243; background_color_gradient_direction_tablet=&#8221;180deg&#8221; background_color_gradient_direction_phone=&#8221;180deg&#8221; background_color_gradient_stops_tablet=&#8221;#2b87da 0%|#29c4a9 100%&#8221; background_color_gradient_stops_phone=&#8221;#2b87da 0%|#29c4a9 100%&#8221; background_color_gradient_start_position_tablet=&#8221;0%&#8221; background_color_gradient_start_position_phone=&#8221;0%&#8221; background_color_gradient_end_position_tablet=&#8221;100%&#8221; background_color_gradient_end_position_phone=&#8221;100%&#8221; hover_transition_duration_tablet=&#8221;300ms&#8221; hover_transition_duration_phone=&#8221;300ms&#8221; hover_transition_delay_tablet=&#8221;0ms&#8221; hover_transition_delay_phone=&#8221;0ms&#8221; body_text_shadow_horizontal_length_tablet=&#8221;0px&#8221; body_text_shadow_horizontal_length_phone=&#8221;0px&#8221; body_text_shadow_vertical_length_tablet=&#8221;0px&#8221; body_text_shadow_vertical_length_phone=&#8221;0px&#8221; body_text_shadow_blur_strength_tablet=&#8221;1px&#8221; body_text_shadow_blur_strength_phone=&#8221;1px&#8221; body_link_text_shadow_horizontal_length_tablet=&#8221;0px&#8221; body_link_text_shadow_horizontal_length_phone=&#8221;0px&#8221; body_link_text_shadow_vertical_length_tablet=&#8221;0px&#8221; body_link_text_shadow_vertical_length_phone=&#8221;0px&#8221; body_link_text_shadow_blur_strength_tablet=&#8221;1px&#8221; body_link_text_shadow_blur_strength_phone=&#8221;1px&#8221; body_ul_text_shadow_horizontal_length_tablet=&#8221;0px&#8221; body_ul_text_shadow_horizontal_length_phone=&#8221;0px&#8221; body_ul_text_shadow_vertical_length_tablet=&#8221;0px&#8221; body_ul_text_shadow_vertical_length_phone=&#8221;0px&#8221; body_ul_text_shadow_blur_strength_tablet=&#8221;1px&#8221; body_ul_text_shadow_blur_strength_phone=&#8221;1px&#8221; body_ol_text_shadow_horizontal_length_tablet=&#8221;0px&#8221; body_ol_text_shadow_horizontal_length_phone=&#8221;0px&#8221; body_ol_text_shadow_vertical_length_tablet=&#8221;0px&#8221; body_ol_text_shadow_vertical_length_phone=&#8221;0px&#8221; body_ol_text_shadow_blur_strength_tablet=&#8221;1px&#8221; body_ol_text_shadow_blur_strength_phone=&#8221;1px&#8221; body_quote_text_shadow_horizontal_length_tablet=&#8221;0px&#8221; body_quote_text_shadow_horizontal_length_phone=&#8221;0px&#8221; body_quote_text_shadow_vertical_length_tablet=&#8221;0px&#8221; body_quote_text_shadow_vertical_length_phone=&#8221;0px&#8221; body_quote_text_shadow_blur_strength_tablet=&#8221;1px&#8221; body_quote_text_shadow_blur_strength_phone=&#8221;1px&#8221; box_shadow_horizontal_tablet=&#8221;0px&#8221; box_shadow_horizontal_phone=&#8221;0px&#8221; box_shadow_vertical_tablet=&#8221;0px&#8221; box_shadow_vertical_phone=&#8221;0px&#8221; box_shadow_blur_tablet=&#8221;40px&#8221; box_shadow_blur_phone=&#8221;40px&#8221; box_shadow_spread_tablet=&#8221;0px&#8221; box_shadow_spread_phone=&#8221;0px&#8221; text_shadow_horizontal_length_tablet=&#8221;0px&#8221; text_shadow_horizontal_length_phone=&#8221;0px&#8221; text_shadow_vertical_length_tablet=&#8221;0px&#8221; text_shadow_vertical_length_phone=&#8221;0px&#8221; text_shadow_blur_strength_tablet=&#8221;1px&#8221; text_shadow_blur_strength_phone=&#8221;1px&#8221; global_colors_info=&#8221;{}&#8221; toggle_text_shadow_horizontal_length_tablet=&#8221;0px&#8221; toggle_text_shadow_horizontal_length_phone=&#8221;0px&#8221; toggle_text_shadow_vertical_length_tablet=&#8221;0px&#8221; toggle_text_shadow_vertical_length_phone=&#8221;0px&#8221; toggle_text_shadow_blur_strength_tablet=&#8221;1px&#8221; toggle_text_shadow_blur_strength_phone=&#8221;1px&#8221; closed_toggle_text_shadow_horizontal_length_tablet=&#8221;0px&#8221; closed_toggle_text_shadow_horizontal_length_phone=&#8221;0px&#8221; closed_toggle_text_shadow_vertical_length_tablet=&#8221;0px&#8221; closed_toggle_text_shadow_vertical_length_phone=&#8221;0px&#8221; closed_toggle_text_shadow_blur_strength_tablet=&#8221;1px&#8221; closed_toggle_text_shadow_blur_strength_phone=&#8221;1px&#8221; open=&#8221;off&#8221; sticky_enabled=&#8221;0&#8243;]<\/p>\n<h4 style=\"text-align: justify;\">Aprende a construir y gestionar la comunidad on line alrededor de una marca en internet, as\u00ed como para crear y mantener relaciones estables y duraderas con clientes, fans, y en general; aplicando t\u00e9cnicas, procedimientos asertivos y siguiendo las buenas pr\u00e1cticas laborales, de acuerdo con el perfil de egreso del participante.<\/h4>\n<h4><\/h4>\n<h4>D\u00edas y horario: lunes a viernes de 08:00 a 12:00 horas<br \/>Modalidad: Presencial<br \/>Duraci\u00f3n: 620 horas, 8 meses aproximadamente + 320 horas de ingl\u00e9s<br \/>Edad: 18 a\u00f1os en adelante<br \/>Escolaridad: T\u00edtulo o diploma a nivel diversificado<br \/>Demostrar dominio o haber cursado a nivel b\u00e1sico Windows y Office<br \/>Admisi\u00f3n Q15.00. Inscripci\u00f3n Q.50.00. Mensualidad Q.100.00<\/h4>\n<blockquote>\n<h4><a href=\"https:\/\/alumnos.intecap.edu.gt\/admAsignacionAdmisionParticipante.aspx?ideu=1055&amp;iduo=104129&amp;y=2026\" target=\"_blank\" rel=\"noopener\">INSCR\u00cdBETE AQU\u00cd<\/a><\/h4>\n<\/blockquote>\n<p>[\/et_pb_accordion_item][et_pb_accordion_item title=&#8221;Dise\u00f1ador de Multimedios&#8221; title_tablet=&#8221;Confeccionista de prendas de vestir &#8221; title_phone=&#8221;Confeccionista de prendas de vestir &#8221; _builder_version=&#8221;4.27.4&#8243; hover_enabled=&#8221;0&#8243; background_color_gradient_direction_tablet=&#8221;180deg&#8221; background_color_gradient_direction_phone=&#8221;180deg&#8221; background_color_gradient_stops_tablet=&#8221;#2b87da 0%|#29c4a9 100%&#8221; background_color_gradient_stops_phone=&#8221;#2b87da 0%|#29c4a9 100%&#8221; background_color_gradient_start_position_tablet=&#8221;0%&#8221; background_color_gradient_start_position_phone=&#8221;0%&#8221; background_color_gradient_end_position_tablet=&#8221;100%&#8221; background_color_gradient_end_position_phone=&#8221;100%&#8221; hover_transition_duration_tablet=&#8221;300ms&#8221; hover_transition_duration_phone=&#8221;300ms&#8221; hover_transition_delay_tablet=&#8221;0ms&#8221; hover_transition_delay_phone=&#8221;0ms&#8221; body_text_shadow_horizontal_length_tablet=&#8221;0px&#8221; body_text_shadow_horizontal_length_phone=&#8221;0px&#8221; body_text_shadow_vertical_length_tablet=&#8221;0px&#8221; body_text_shadow_vertical_length_phone=&#8221;0px&#8221; body_text_shadow_blur_strength_tablet=&#8221;1px&#8221; body_text_shadow_blur_strength_phone=&#8221;1px&#8221; body_link_text_shadow_horizontal_length_tablet=&#8221;0px&#8221; body_link_text_shadow_horizontal_length_phone=&#8221;0px&#8221; body_link_text_shadow_vertical_length_tablet=&#8221;0px&#8221; body_link_text_shadow_vertical_length_phone=&#8221;0px&#8221; body_link_text_shadow_blur_strength_tablet=&#8221;1px&#8221; body_link_text_shadow_blur_strength_phone=&#8221;1px&#8221; body_ul_text_shadow_horizontal_length_tablet=&#8221;0px&#8221; body_ul_text_shadow_horizontal_length_phone=&#8221;0px&#8221; body_ul_text_shadow_vertical_length_tablet=&#8221;0px&#8221; body_ul_text_shadow_vertical_length_phone=&#8221;0px&#8221; body_ul_text_shadow_blur_strength_tablet=&#8221;1px&#8221; body_ul_text_shadow_blur_strength_phone=&#8221;1px&#8221; body_ol_text_shadow_horizontal_length_tablet=&#8221;0px&#8221; body_ol_text_shadow_horizontal_length_phone=&#8221;0px&#8221; body_ol_text_shadow_vertical_length_tablet=&#8221;0px&#8221; body_ol_text_shadow_vertical_length_phone=&#8221;0px&#8221; body_ol_text_shadow_blur_strength_tablet=&#8221;1px&#8221; body_ol_text_shadow_blur_strength_phone=&#8221;1px&#8221; body_quote_text_shadow_horizontal_length_tablet=&#8221;0px&#8221; body_quote_text_shadow_horizontal_length_phone=&#8221;0px&#8221; body_quote_text_shadow_vertical_length_tablet=&#8221;0px&#8221; body_quote_text_shadow_vertical_length_phone=&#8221;0px&#8221; body_quote_text_shadow_blur_strength_tablet=&#8221;1px&#8221; body_quote_text_shadow_blur_strength_phone=&#8221;1px&#8221; box_shadow_horizontal_tablet=&#8221;0px&#8221; box_shadow_horizontal_phone=&#8221;0px&#8221; box_shadow_vertical_tablet=&#8221;0px&#8221; box_shadow_vertical_phone=&#8221;0px&#8221; box_shadow_blur_tablet=&#8221;40px&#8221; box_shadow_blur_phone=&#8221;40px&#8221; box_shadow_spread_tablet=&#8221;0px&#8221; box_shadow_spread_phone=&#8221;0px&#8221; text_shadow_horizontal_length_tablet=&#8221;0px&#8221; text_shadow_horizontal_length_phone=&#8221;0px&#8221; text_shadow_vertical_length_tablet=&#8221;0px&#8221; text_shadow_vertical_length_phone=&#8221;0px&#8221; text_shadow_blur_strength_tablet=&#8221;1px&#8221; text_shadow_blur_strength_phone=&#8221;1px&#8221; global_colors_info=&#8221;{}&#8221; toggle_text_shadow_horizontal_length_tablet=&#8221;0px&#8221; toggle_text_shadow_horizontal_length_phone=&#8221;0px&#8221; toggle_text_shadow_vertical_length_tablet=&#8221;0px&#8221; toggle_text_shadow_vertical_length_phone=&#8221;0px&#8221; toggle_text_shadow_blur_strength_tablet=&#8221;1px&#8221; toggle_text_shadow_blur_strength_phone=&#8221;1px&#8221; closed_toggle_text_shadow_horizontal_length_tablet=&#8221;0px&#8221; closed_toggle_text_shadow_horizontal_length_phone=&#8221;0px&#8221; closed_toggle_text_shadow_vertical_length_tablet=&#8221;0px&#8221; closed_toggle_text_shadow_vertical_length_phone=&#8221;0px&#8221; closed_toggle_text_shadow_blur_strength_tablet=&#8221;1px&#8221; closed_toggle_text_shadow_blur_strength_phone=&#8221;1px&#8221; open=&#8221;off&#8221; sticky_enabled=&#8221;0&#8243;]<\/p>\n<h4 style=\"text-align: justify;\">Aprende a analizar y definir los requerimientos del cliente, planificar, dise\u00f1ar, implementar y mantener recursos de multimedia, aplicando t\u00e9cnicas, procedimientos asertivos y siguiendo las buenas pr\u00e1cticas laborales, de acuerdo con el perfil de egreso del participante.<\/h4>\n<h4><strong><\/strong><\/h4>\n<h4><strong>HORARIO 1<\/strong><\/h4>\n<h4>D\u00edas y horario: lunes a viernes de 08:00 a 12:00 horas<br \/>Modalidad: Presencial<br \/>Duraci\u00f3n: 710 horas, 9 meses aproximadamente<br \/>Edad: 16 a\u00f1os en adelante<br \/>Escolaridad: Titulo o diploma de nivel diversificado<br \/>Demostrar dominio o haber cursado a nivel b\u00e1sico Windows y Office<br \/>Admisi\u00f3n Q15.00. Inscripci\u00f3n Q.50.00. Mensualidad Q.100.00<\/h4>\n<blockquote>\n<h4><strong><\/strong><a href=\"https:\/\/alumnos.intecap.edu.gt\/admAsignacionAdmisionParticipante.aspx?ideu=685&amp;iduo=104129&amp;y=2026\" target=\"_blank\" rel=\"noopener\">INSCR\u00cdBETE AQU\u00cd<\/a><\/h4>\n<\/blockquote>\n<p><strong><\/strong><\/p>\n<h4><strong>HORARIO 2<\/strong><\/h4>\n<h4>D\u00edas y horario: lunes a viernes de 13:00 a 16:00 horas Modalidad: Presencial<br \/>Duraci\u00f3n: 710 horas, 10 meses aproximadamente<br \/>Edad: 16 a\u00f1os en adelante<br \/>Escolaridad: T\u00edtulo o diploma a nivel diversificado<br \/>Demostrar dominio o haber cursado a nivel b\u00e1sico Windows y Office<br \/>Admisi\u00f3n Q15.00. Inscripci\u00f3n Q.50.00. Mensualidad Q.100.00<\/h4>\n<blockquote>\n<h4><a href=\"https:\/\/alumnos.intecap.edu.gt\/admAsignacionAdmisionParticipante.aspx?ideu=978&amp;iduo=104129&amp;y=2026\" target=\"_blank\" rel=\"noopener\">INSCR\u00cdBETE AQU\u00cd<\/a><\/h4>\n<\/blockquote>\n<p>[\/et_pb_accordion_item][\/et_pb_accordion][\/et_pb_column][\/et_pb_row][\/et_pb_section][et_pb_section fb_built=&#8221;1&#8243; _builder_version=&#8221;4.16&#8243; custom_padding=&#8221;21px||2px|||&#8221; global_colors_info=&#8221;{}&#8221;][et_pb_row _builder_version=&#8221;4.16&#8243; global_colors_info=&#8221;{}&#8221;][et_pb_column type=&#8221;4_4&#8243; _builder_version=&#8221;4.16&#8243; global_colors_info=&#8221;{}&#8221;][et_pb_text _builder_version=&#8221;4.27.4&#8243; global_colors_info=&#8221;{}&#8221;]<\/p>\n<h2>PROCEDIMIENTO DE ADMISI\u00d3N EN L\u00cdNEA<\/h2>\n<h5>Charlas de orientaci\u00f3n y examen de admisi\u00f3n EN L\u00cdNEA<br \/>Visita nuestra p\u00e1gina de Facebook para informaci\u00f3n.<\/h5>\n<h5>P\u00c1GINA DE FACEBOOK:<a href=\"https:\/\/www.facebook.com\/intecapcentrotics\">https:\/\/www.facebook.com\/intecapcentrotics<\/a><\/h5>\n<h5>\u00a0<\/h5>\n<h5><strong>Si tienes dudas de tu elecci\u00f3n puedes escribir al coordinador del \u00e1rea:<\/strong><\/h5>\n<h5>Dise\u00f1o y Redes Sociales:<br \/>Sonia Trejo<br \/><a href=\"mailto:sonia.trejo@intecap.edu.gt\">sonia.trejo@intecap.edu.gt<\/a><\/h5>\n<h5>O llamar al telefono: 2410-5555 ext. 10908<br \/>Intecap Centro TIC\u00b4s<br \/>Calle Doroteo Guamuch Flores 8-79 zona 5<\/h5>\n<p>[\/et_pb_text][\/et_pb_column][\/et_pb_row][\/et_pb_section]<\/p>\n","protected":false},"excerpt":{"rendered":"<p>Community Manager Aprende a construir y gestionar la&#8230;<\/p>\n","protected":false},"author":1,"featured_media":0,"parent":0,"menu_order":0,"comment_status":"closed","ping_status":"closed","template":"","meta":{"_et_pb_use_builder":"on","_et_pb_old_content":"","_et_gb_content_width":"","_monsterinsights_skip_tracking":false,"_monsterinsights_sitenote_active":false,"_monsterinsights_sitenote_note":"","_monsterinsights_sitenote_category":0,"footnotes":""},"class_list":["post-1370","page","type-page","status-publish","hentry"],"_links":{"self":[{"href":"https:\/\/www.intecap.edu.gt\/centros\/cti\/wp-json\/wp\/v2\/pages\/1370","targetHints":{"allow":["GET"]}}],"collection":[{"href":"https:\/\/www.intecap.edu.gt\/centros\/cti\/wp-json\/wp\/v2\/pages"}],"about":[{"href":"https:\/\/www.intecap.edu.gt\/centros\/cti\/wp-json\/wp\/v2\/types\/page"}],"author":[{"embeddable":true,"href":"https:\/\/www.intecap.edu.gt\/centros\/cti\/wp-json\/wp\/v2\/users\/1"}],"replies":[{"embeddable":true,"href":"https:\/\/www.intecap.edu.gt\/centros\/cti\/wp-json\/wp\/v2\/comments?post=1370"}],"version-history":[{"count":39,"href":"https:\/\/www.intecap.edu.gt\/centros\/cti\/wp-json\/wp\/v2\/pages\/1370\/revisions"}],"predecessor-version":[{"id":1906,"href":"https:\/\/www.intecap.edu.gt\/centros\/cti\/wp-json\/wp\/v2\/pages\/1370\/revisions\/1906"}],"wp:attachment":[{"href":"https:\/\/www.intecap.edu.gt\/centros\/cti\/wp-json\/wp\/v2\/media?parent=1370"}],"curies":[{"name":"wp","href":"https:\/\/api.w.org\/{rel}","templated":true}]}}