{"id":836,"date":"2019-02-13T18:14:04","date_gmt":"2019-02-13T18:14:04","guid":{"rendered":"https:\/\/www.intecap.edu.gt\/centros\/centrozacapa\/?page_id=836"},"modified":"2019-04-26T15:55:09","modified_gmt":"2019-04-26T15:55:09","slug":"quienessomos","status":"publish","type":"page","link":"https:\/\/www.intecap.edu.gt\/centros\/centrozacapa\/quienessomos\/","title":{"rendered":"Quienes Somos"},"content":{"rendered":"<p>[vc_row][vc_column width=&#8221;1\/2&#8243;][vc_empty_space hide_on_mobile=&#8221;&#8221;][vc_column_text][layerslider id=&#8221;2&#8243;][\/vc_column_text][\/vc_column][vc_column width=&#8221;1\/2&#8243;][vc_empty_space hide_on_mobile=&#8221;&#8221;][vc_custom_heading source=&#8221;post_title&#8221; use_theme_fonts=&#8221;yes&#8221;][vc_empty_space hide_on_mobile=&#8221;&#8221;][vc_column_text]<\/p>\n<p style=\"text-align: justify;\"><big>El Centro de Capacitaci\u00f3n INTECAP ZACAPA cuenta con instalaciones que se encuentran equipadas convenientemente con el objetivo de brindar un servicio de calidad y ampliar la cobertura de los servicios de capacitaci\u00f3n y asistencia t\u00e9cnica brindados en el departamento de ZACAPA, como respuesta a los requerimientos de las empresas de los diferentes sectores productivos y de la poblaci\u00f3n en general, implementando para ello instalaciones con capacidad instalada suficiente que permitan el desarrollo de las competencias t\u00e9cnicas.<\/big><\/p>\n<p style=\"text-align: justify;\"><big>Formamos mano de obra calificada, en ocupaciones que sean priorizadas, de acuerdo a las caracter\u00edsticas del medio y demanda de mano de obra, para contribuir a que la poblaci\u00f3n a la que va dirigida nuestra capacitaci\u00f3n mejore su condici\u00f3n de vida.<\/big><\/p>\n<h4 style=\"text-align: justify;\"><big>Horario de Atenci\u00f3n<\/big><\/h4>\n<p style=\"text-align: justify;\"><big>De lunes a viernes de 08:00 a 16:00 horas<\/big><br \/>\n<big>S\u00e1bados y domingos de 8:00 a 16:00 horas<\/big><\/p>\n<p>[\/vc_column_text][\/vc_column][\/vc_row]<\/p>\n","protected":false},"excerpt":{"rendered":"<p>[vc_row][vc_column width=&#8221;1\/2&#8243;][vc_empty_space hide_on_mobile=&#8221;&#8221;][vc_column_text][layerslider id=&#8221;2&#8243;][\/vc_column_text][\/vc_column][vc_column width=&#8221;1\/2&#8243;][vc_empty_space hide_on_mobile=&#8221;&#8221;][vc_custom_heading source=&#8221;post_title&#8221; use_theme_fonts=&#8221;yes&#8221;][vc_empty_space hide_on_mobile=&#8221;&#8221;][vc_column_text] El Centro de Capacitaci\u00f3n INTECAP ZACAPA cuenta con instalaciones que se encuentran equipadas convenientemente con el objetivo de brindar un servicio de calidad y ampliar la cobertura de los servicios de capacitaci\u00f3n y asistencia t\u00e9cnica brindados en el departamento de ZACAPA, como respuesta a los requerimientos de las empresas de los&hellip;<\/p>\n","protected":false},"author":1,"featured_media":0,"parent":0,"menu_order":0,"comment_status":"closed","ping_status":"closed","template":"","meta":{"_et_pb_use_builder":"","_et_pb_old_content":"","_et_gb_content_width":"","_monsterinsights_skip_tracking":false,"_monsterinsights_sitenote_active":false,"_monsterinsights_sitenote_note":"","_monsterinsights_sitenote_category":0,"footnotes":""},"class_list":["post-836","page","type-page","status-publish","hentry"],"_links":{"self":[{"href":"https:\/\/www.intecap.edu.gt\/centros\/centrozacapa\/wp-json\/wp\/v2\/pages\/836","targetHints":{"allow":["GET"]}}],"collection":[{"href":"https:\/\/www.intecap.edu.gt\/centros\/centrozacapa\/wp-json\/wp\/v2\/pages"}],"about":[{"href":"https:\/\/www.intecap.edu.gt\/centros\/centrozacapa\/wp-json\/wp\/v2\/types\/page"}],"author":[{"embeddable":true,"href":"https:\/\/www.intecap.edu.gt\/centros\/centrozacapa\/wp-json\/wp\/v2\/users\/1"}],"replies":[{"embeddable":true,"href":"https:\/\/www.intecap.edu.gt\/centros\/centrozacapa\/wp-json\/wp\/v2\/comments?post=836"}],"version-history":[{"count":19,"href":"https:\/\/www.intecap.edu.gt\/centros\/centrozacapa\/wp-json\/wp\/v2\/pages\/836\/revisions"}],"predecessor-version":[{"id":1159,"href":"https:\/\/www.intecap.edu.gt\/centros\/centrozacapa\/wp-json\/wp\/v2\/pages\/836\/revisions\/1159"}],"wp:attachment":[{"href":"https:\/\/www.intecap.edu.gt\/centros\/centrozacapa\/wp-json\/wp\/v2\/media?parent=836"}],"curies":[{"name":"wp","href":"https:\/\/api.w.org\/{rel}","templated":true}]}}