{"id":1299,"date":"2019-05-10T17:12:20","date_gmt":"2019-05-10T17:12:20","guid":{"rendered":"https:\/\/www.intecap.edu.gt\/centros\/suchitepequez\/?page_id=1299"},"modified":"2025-09-02T18:08:42","modified_gmt":"2025-09-02T18:08:42","slug":"informacion-general","status":"publish","type":"page","link":"https:\/\/www.intecap.edu.gt\/centros\/centrosuchitepequez\/informacion-general\/","title":{"rendered":"Informaci\u00f3n General"},"content":{"rendered":"<p>[vc_row][vc_column][vc_empty_space hide_on_mobile=&#8221;&#8221;][vc_custom_heading source=&#8221;post_title&#8221; use_theme_fonts=&#8221;yes&#8221;][vc_empty_space hide_on_mobile=&#8221;&#8221;][vc_empty_space hide_on_mobile=&#8221;&#8221;][\/vc_column][\/vc_row][vc_row][vc_column][vc_single_image image=&#8221;1336&#8243; img_size=&#8221;full&#8221; alignment=&#8221;center&#8221; style=&#8221;vc_box_shadow&#8221;][\/vc_column][\/vc_row][vc_row][vc_column width=&#8221;1\/6&#8243;][\/vc_column][vc_column width=&#8221;2\/3&#8243;][vc_empty_space alter_height=&#8221;large&#8221; hide_on_mobile=&#8221;&#8221;][vc_column_text]<\/p>\n<p style=\"text-align: justify;\"><big>En el Centro de Capacitaci\u00f3n INTECAP Suchitep\u00e9quez contamos con una infraestructura adecuada, un equipo de instructores especializados, aulas, sal\u00f3n de usos m\u00faltiples y equipo de multimedia para atender todas las necesidades de capacitaci\u00f3n.<\/big><\/p>\n<p style=\"text-align: justify;\"><big>Estamos al servicio de toda aquella persona o empresa que necesite nuestros servicios de capacitaci\u00f3n o asistencia t\u00e9cnica. Para iniciar una relaci\u00f3n de atenci\u00f3n es necesario que presenten una solicitud por escrito indicando la necesidad que tengan o bien inscribirse en los eventos de capacitaci\u00f3n abiertos que la delegaci\u00f3n programa a principios y mediados de a\u00f1o.<\/big><\/p>\n<p>[\/vc_column_text][\/vc_column][vc_column width=&#8221;1\/6&#8243;][\/vc_column][\/vc_row]<\/p>\n","protected":false},"excerpt":{"rendered":"<p>[vc_row][vc_column][vc_empty_space hide_on_mobile=&#8221;&#8221;][vc_custom_heading source=&#8221;post_title&#8221; use_theme_fonts=&#8221;yes&#8221;][vc_empty_space hide_on_mobile=&#8221;&#8221;][vc_empty_space hide_on_mobile=&#8221;&#8221;][\/vc_column][\/vc_row][vc_row][vc_column][vc_single_image image=&#8221;1336&#8243; img_size=&#8221;full&#8221; alignment=&#8221;center&#8221; style=&#8221;vc_box_shadow&#8221;][\/vc_column][\/vc_row][vc_row][vc_column width=&#8221;1\/6&#8243;][\/vc_column][vc_column width=&#8221;2\/3&#8243;][vc_empty_space alter_height=&#8221;large&#8221; hide_on_mobile=&#8221;&#8221;][vc_column_text] En el Centro de Capacitaci\u00f3n INTECAP Suchitep\u00e9quez contamos con una infraestructura adecuada, un equipo de instructores especializados, aulas, sal\u00f3n de usos m\u00faltiples y equipo de multimedia para atender todas las necesidades de capacitaci\u00f3n. Estamos al servicio de toda aquella persona o empresa que necesite nuestros servicios&hellip;<\/p>\n","protected":false},"author":1,"featured_media":0,"parent":0,"menu_order":0,"comment_status":"closed","ping_status":"closed","template":"","meta":{"_et_pb_use_builder":"","_et_pb_old_content":"","_et_gb_content_width":"","_monsterinsights_skip_tracking":false,"_monsterinsights_sitenote_active":false,"_monsterinsights_sitenote_note":"","_monsterinsights_sitenote_category":0,"footnotes":""},"class_list":["post-1299","page","type-page","status-publish","hentry"],"_links":{"self":[{"href":"https:\/\/www.intecap.edu.gt\/centros\/centrosuchitepequez\/wp-json\/wp\/v2\/pages\/1299","targetHints":{"allow":["GET"]}}],"collection":[{"href":"https:\/\/www.intecap.edu.gt\/centros\/centrosuchitepequez\/wp-json\/wp\/v2\/pages"}],"about":[{"href":"https:\/\/www.intecap.edu.gt\/centros\/centrosuchitepequez\/wp-json\/wp\/v2\/types\/page"}],"author":[{"embeddable":true,"href":"https:\/\/www.intecap.edu.gt\/centros\/centrosuchitepequez\/wp-json\/wp\/v2\/users\/1"}],"replies":[{"embeddable":true,"href":"https:\/\/www.intecap.edu.gt\/centros\/centrosuchitepequez\/wp-json\/wp\/v2\/comments?post=1299"}],"version-history":[{"count":12,"href":"https:\/\/www.intecap.edu.gt\/centros\/centrosuchitepequez\/wp-json\/wp\/v2\/pages\/1299\/revisions"}],"predecessor-version":[{"id":1898,"href":"https:\/\/www.intecap.edu.gt\/centros\/centrosuchitepequez\/wp-json\/wp\/v2\/pages\/1299\/revisions\/1898"}],"wp:attachment":[{"href":"https:\/\/www.intecap.edu.gt\/centros\/centrosuchitepequez\/wp-json\/wp\/v2\/media?parent=1299"}],"curies":[{"name":"wp","href":"https:\/\/api.w.org\/{rel}","templated":true}]}}