{"id":836,"date":"2019-02-13T18:14:04","date_gmt":"2019-02-13T18:14:04","guid":{"rendered":"https:\/\/www.intecap.edu.gt\/centros\/centrosantotomas\/?page_id=836"},"modified":"2025-08-25T15:52:36","modified_gmt":"2025-08-25T15:52:36","slug":"quienessomos","status":"publish","type":"page","link":"https:\/\/www.intecap.edu.gt\/centros\/centrosantotomas\/quienessomos\/","title":{"rendered":"Quienes Somos"},"content":{"rendered":"<p>[vc_row][vc_column width=&#8221;1\/2&#8243;][vc_empty_space hide_on_mobile=&#8221;&#8221;][vc_images_carousel images=&#8221;1872,1870,1868,1865,1871&#8243; img_size=&#8221;full&#8221; onclick=&#8221;link_no&#8221; speed=&#8221;4000&#8243;][vc_empty_space hide_on_mobile=&#8221;&#8221;][\/vc_column][vc_column width=&#8221;1\/2&#8243;][vc_empty_space hide_on_mobile=&#8221;&#8221;][vc_custom_heading source=&#8221;post_title&#8221; use_theme_fonts=&#8221;yes&#8221;][vc_empty_space hide_on_mobile=&#8221;&#8221;][vc_column_text]<\/p>\n<div class=\"wpb_text_column wpb_content_element \">\n<div class=\"wpb_wrapper\">\n<p style=\"text-align: justify;\"><big>El Centro de capacitaci\u00f3n INTECAP Santo Tom\u00e1s de Castilla nace de la necesidad de atender la calificaci\u00f3n de mano de obra en la regi\u00f3n nororiente del pa\u00eds alrededor de la segunda parte de la d\u00e9cada de los a\u00f1os 70 (Fue inaugurado el 21-11-1980). Est\u00e1 ubicado en Km.293 carretera de acceso a Santo Tom\u00e1s de Castilla, Puerto Barrios, Izabal, Guatemala, C A.<\/big><\/p>\n<p style=\"text-align: justify;\"><big>La afluencia de participantes es de los cinco municipios del departamento de Izabal y municipio aleda\u00f1os de otros departamentos (Zacapa, Pet\u00e9n y Cob\u00e1n . Eventualmente se atiende participantes originarios de Belice, Honduras, El Salvador y Nicaragua)<\/big><\/p>\n<p style=\"text-align: justify;\"><big>Cuenta con 27 espacios disponibles para autom\u00f3viles, 71 espacios para motocicletas y 8 espacios para bicicletas<\/big><\/p>\n<h3 style=\"text-align: justify;\"><big><strong>Horario de Atenci\u00f3n<\/strong><\/big><\/h3>\n<p style=\"text-align: justify;\"><big>De lunes a viernes: \u00a0 de 07:30 a 16:00 horas y de 18:30 a 21:30 horas<\/big><br \/>\n<big>S\u00e1bados y domingos: de 7:30 a 16:00 horas<\/big><\/p>\n<\/div>\n<\/div>\n<p>[\/vc_column_text][vc_empty_space hide_on_mobile=&#8221;&#8221;][\/vc_column][\/vc_row]<\/p>\n","protected":false},"excerpt":{"rendered":"<p>[vc_row][vc_column width=&#8221;1\/2&#8243;][vc_empty_space hide_on_mobile=&#8221;&#8221;][vc_images_carousel images=&#8221;1872,1870,1868,1865,1871&#8243; img_size=&#8221;full&#8221; onclick=&#8221;link_no&#8221; speed=&#8221;4000&#8243;][vc_empty_space hide_on_mobile=&#8221;&#8221;][\/vc_column][vc_column width=&#8221;1\/2&#8243;][vc_empty_space hide_on_mobile=&#8221;&#8221;][vc_custom_heading source=&#8221;post_title&#8221; use_theme_fonts=&#8221;yes&#8221;][vc_empty_space hide_on_mobile=&#8221;&#8221;][vc_column_text] El Centro de capacitaci\u00f3n INTECAP Santo Tom\u00e1s de Castilla nace de la necesidad de atender la calificaci\u00f3n de mano de obra en la regi\u00f3n nororiente del pa\u00eds alrededor de la segunda parte de la d\u00e9cada de los a\u00f1os 70 (Fue inaugurado el 21-11-1980). Est\u00e1 ubicado en Km.293&hellip;<\/p>\n","protected":false},"author":1,"featured_media":0,"parent":0,"menu_order":0,"comment_status":"closed","ping_status":"closed","template":"","meta":{"_et_pb_use_builder":"","_et_pb_old_content":"","_et_gb_content_width":"","_monsterinsights_skip_tracking":false,"_monsterinsights_sitenote_active":false,"_monsterinsights_sitenote_note":"","_monsterinsights_sitenote_category":0,"footnotes":""},"class_list":["post-836","page","type-page","status-publish","hentry"],"_links":{"self":[{"href":"https:\/\/www.intecap.edu.gt\/centros\/centrosantotomas\/wp-json\/wp\/v2\/pages\/836","targetHints":{"allow":["GET"]}}],"collection":[{"href":"https:\/\/www.intecap.edu.gt\/centros\/centrosantotomas\/wp-json\/wp\/v2\/pages"}],"about":[{"href":"https:\/\/www.intecap.edu.gt\/centros\/centrosantotomas\/wp-json\/wp\/v2\/types\/page"}],"author":[{"embeddable":true,"href":"https:\/\/www.intecap.edu.gt\/centros\/centrosantotomas\/wp-json\/wp\/v2\/users\/1"}],"replies":[{"embeddable":true,"href":"https:\/\/www.intecap.edu.gt\/centros\/centrosantotomas\/wp-json\/wp\/v2\/comments?post=836"}],"version-history":[{"count":35,"href":"https:\/\/www.intecap.edu.gt\/centros\/centrosantotomas\/wp-json\/wp\/v2\/pages\/836\/revisions"}],"predecessor-version":[{"id":1914,"href":"https:\/\/www.intecap.edu.gt\/centros\/centrosantotomas\/wp-json\/wp\/v2\/pages\/836\/revisions\/1914"}],"wp:attachment":[{"href":"https:\/\/www.intecap.edu.gt\/centros\/centrosantotomas\/wp-json\/wp\/v2\/media?parent=836"}],"curies":[{"name":"wp","href":"https:\/\/api.w.org\/{rel}","templated":true}]}}