{"id":1932,"date":"2025-08-25T18:10:51","date_gmt":"2025-08-25T18:10:51","guid":{"rendered":"https:\/\/www.intecap.edu.gt\/centros\/centrosantotomas\/?page_id=1932"},"modified":"2025-08-25T18:14:07","modified_gmt":"2025-08-25T18:14:07","slug":"salud","status":"publish","type":"page","link":"https:\/\/www.intecap.edu.gt\/centros\/centrosantotomas\/salud\/","title":{"rendered":"Especialidad Salud"},"content":{"rendered":"<p>[et_pb_section fb_built=&#8221;1&#8243; _builder_version=&#8221;4.16&#8243; custom_padding=&#8221;31px||46px|||&#8221; global_colors_info=&#8221;{}&#8221;][et_pb_row _builder_version=&#8221;4.16&#8243; custom_margin=&#8221;-18px|auto||auto||&#8221; global_colors_info=&#8221;{}&#8221;][et_pb_column type=&#8221;4_4&#8243; _builder_version=&#8221;4.16&#8243; global_colors_info=&#8221;{}&#8221;][et_pb_post_title meta=&#8221;off&#8221; featured_image=&#8221;off&#8221; _builder_version=&#8221;4.16&#8243; title_font=&#8221;|800||on|||||&#8221; title_font_size=&#8221;35px&#8221; text_orientation=&#8221;center&#8221; global_colors_info=&#8221;{}&#8221;][\/et_pb_post_title][\/et_pb_column][\/et_pb_row][et_pb_row _builder_version=&#8221;4.16&#8243; global_colors_info=&#8221;{}&#8221;][et_pb_column type=&#8221;4_4&#8243; _builder_version=&#8221;4.16&#8243; global_colors_info=&#8221;{}&#8221;][et_pb_accordion open_toggle_text_color=&#8221;#000000&#8243; open_toggle_background_color=&#8221;rgba(0,0,0,0)&#8221; closed_toggle_background_color=&#8221;#242424&#8243; icon_color=&#8221;#ffffff&#8221; use_icon_font_size=&#8221;on&#8221; _builder_version=&#8221;4.27.4&#8243; toggle_text_color=&#8221;#ffffff&#8221; toggle_level=&#8221;h2&#8243; closed_toggle_font=&#8221;Poppins||||||||&#8221; closed_toggle_font_size=&#8221;25px&#8221; closed_toggle_line_height=&#8221;1em&#8221; background_color=&#8221;rgba(0,0,0,0)&#8221; z_index_tablet=&#8221;500&#8243; toggle_text_shadow_horizontal_length_tablet=&#8221;0px&#8221; toggle_text_shadow_vertical_length_tablet=&#8221;0px&#8221; toggle_text_shadow_blur_strength_tablet=&#8221;1px&#8221; closed_toggle_text_shadow_horizontal_length_tablet=&#8221;0px&#8221; closed_toggle_text_shadow_vertical_length_tablet=&#8221;0px&#8221; closed_toggle_text_shadow_blur_strength_tablet=&#8221;1px&#8221; body_text_shadow_horizontal_length_tablet=&#8221;0px&#8221; body_text_shadow_vertical_length_tablet=&#8221;0px&#8221; body_text_shadow_blur_strength_tablet=&#8221;1px&#8221; body_link_text_shadow_horizontal_length_tablet=&#8221;0px&#8221; body_link_text_shadow_vertical_length_tablet=&#8221;0px&#8221; body_link_text_shadow_blur_strength_tablet=&#8221;1px&#8221; body_ul_text_shadow_horizontal_length_tablet=&#8221;0px&#8221; body_ul_text_shadow_vertical_length_tablet=&#8221;0px&#8221; body_ul_text_shadow_blur_strength_tablet=&#8221;1px&#8221; body_ol_text_shadow_horizontal_length_tablet=&#8221;0px&#8221; body_ol_text_shadow_vertical_length_tablet=&#8221;0px&#8221; body_ol_text_shadow_blur_strength_tablet=&#8221;1px&#8221; body_quote_text_shadow_horizontal_length_tablet=&#8221;0px&#8221; body_quote_text_shadow_vertical_length_tablet=&#8221;0px&#8221; body_quote_text_shadow_blur_strength_tablet=&#8221;1px&#8221; border_radii=&#8221;on|15px|15px|15px|15px&#8221; text_shadow_horizontal_length_tablet=&#8221;0px&#8221; text_shadow_vertical_length_tablet=&#8221;0px&#8221; text_shadow_blur_strength_tablet=&#8221;1px&#8221; global_colors_info=&#8221;{}&#8221;][et_pb_accordion_item open=&#8221;on&#8221; title_tablet=&#8221;Confeccionista de prendas de vestir &#8221; title_phone=&#8221;Confeccionista de prendas de vestir &#8221; _builder_version=&#8221;4.17.4&#8243; background_color_gradient_direction_tablet=&#8221;180deg&#8221; background_color_gradient_direction_phone=&#8221;180deg&#8221; background_color_gradient_stops_tablet=&#8221;#2b87da 0%|#29c4a9 100%&#8221; background_color_gradient_stops_phone=&#8221;#2b87da 0%|#29c4a9 100%&#8221; background_color_gradient_start_position_tablet=&#8221;0%&#8221; background_color_gradient_start_position_phone=&#8221;0%&#8221; background_color_gradient_end_position_tablet=&#8221;100%&#8221; background_color_gradient_end_position_phone=&#8221;100%&#8221; hover_transition_duration_tablet=&#8221;300ms&#8221; hover_transition_duration_phone=&#8221;300ms&#8221; hover_transition_delay_tablet=&#8221;0ms&#8221; hover_transition_delay_phone=&#8221;0ms&#8221; custom_css_main_element=&#8221;display:none&#8221; body_text_shadow_horizontal_length_tablet=&#8221;0px&#8221; body_text_shadow_horizontal_length_phone=&#8221;0px&#8221; body_text_shadow_vertical_length_tablet=&#8221;0px&#8221; body_text_shadow_vertical_length_phone=&#8221;0px&#8221; body_text_shadow_blur_strength_tablet=&#8221;1px&#8221; body_text_shadow_blur_strength_phone=&#8221;1px&#8221; body_link_text_shadow_horizontal_length_tablet=&#8221;0px&#8221; body_link_text_shadow_horizontal_length_phone=&#8221;0px&#8221; body_link_text_shadow_vertical_length_tablet=&#8221;0px&#8221; body_link_text_shadow_vertical_length_phone=&#8221;0px&#8221; body_link_text_shadow_blur_strength_tablet=&#8221;1px&#8221; body_link_text_shadow_blur_strength_phone=&#8221;1px&#8221; body_ul_text_shadow_horizontal_length_tablet=&#8221;0px&#8221; body_ul_text_shadow_horizontal_length_phone=&#8221;0px&#8221; body_ul_text_shadow_vertical_length_tablet=&#8221;0px&#8221; body_ul_text_shadow_vertical_length_phone=&#8221;0px&#8221; body_ul_text_shadow_blur_strength_tablet=&#8221;1px&#8221; body_ul_text_shadow_blur_strength_phone=&#8221;1px&#8221; body_ol_text_shadow_horizontal_length_tablet=&#8221;0px&#8221; body_ol_text_shadow_horizontal_length_phone=&#8221;0px&#8221; body_ol_text_shadow_vertical_length_tablet=&#8221;0px&#8221; body_ol_text_shadow_vertical_length_phone=&#8221;0px&#8221; body_ol_text_shadow_blur_strength_tablet=&#8221;1px&#8221; body_ol_text_shadow_blur_strength_phone=&#8221;1px&#8221; body_quote_text_shadow_horizontal_length_tablet=&#8221;0px&#8221; body_quote_text_shadow_horizontal_length_phone=&#8221;0px&#8221; body_quote_text_shadow_vertical_length_tablet=&#8221;0px&#8221; body_quote_text_shadow_vertical_length_phone=&#8221;0px&#8221; body_quote_text_shadow_blur_strength_tablet=&#8221;1px&#8221; body_quote_text_shadow_blur_strength_phone=&#8221;1px&#8221; box_shadow_horizontal_tablet=&#8221;0px&#8221; box_shadow_horizontal_phone=&#8221;0px&#8221; box_shadow_vertical_tablet=&#8221;0px&#8221; box_shadow_vertical_phone=&#8221;0px&#8221; box_shadow_blur_tablet=&#8221;40px&#8221; box_shadow_blur_phone=&#8221;40px&#8221; box_shadow_spread_tablet=&#8221;0px&#8221; box_shadow_spread_phone=&#8221;0px&#8221; text_shadow_horizontal_length_tablet=&#8221;0px&#8221; text_shadow_horizontal_length_phone=&#8221;0px&#8221; text_shadow_vertical_length_tablet=&#8221;0px&#8221; text_shadow_vertical_length_phone=&#8221;0px&#8221; text_shadow_blur_strength_tablet=&#8221;1px&#8221; text_shadow_blur_strength_phone=&#8221;1px&#8221; global_colors_info=&#8221;{}&#8221; toggle_text_shadow_horizontal_length_tablet=&#8221;0px&#8221; toggle_text_shadow_horizontal_length_phone=&#8221;0px&#8221; toggle_text_shadow_vertical_length_tablet=&#8221;0px&#8221; toggle_text_shadow_vertical_length_phone=&#8221;0px&#8221; toggle_text_shadow_blur_strength_tablet=&#8221;1px&#8221; toggle_text_shadow_blur_strength_phone=&#8221;1px&#8221; closed_toggle_text_shadow_horizontal_length_tablet=&#8221;0px&#8221; closed_toggle_text_shadow_horizontal_length_phone=&#8221;0px&#8221; closed_toggle_text_shadow_vertical_length_tablet=&#8221;0px&#8221; closed_toggle_text_shadow_vertical_length_phone=&#8221;0px&#8221; closed_toggle_text_shadow_blur_strength_tablet=&#8221;1px&#8221; closed_toggle_text_shadow_blur_strength_phone=&#8221;1px&#8221;][\/et_pb_accordion_item][et_pb_accordion_item title=&#8221;Atenci\u00f3n integral para el cuidado de la salud&#8221; title_tablet=&#8221;Confeccionista de prendas de vestir (Plan Fin de Semana)&#8221; title_phone=&#8221;Confeccionista de prendas de vestir (Plan Fin de Semana)&#8221; _builder_version=&#8221;4.27.4&#8243; hover_enabled=&#8221;0&#8243; background_color_gradient_direction_tablet=&#8221;180deg&#8221; background_color_gradient_direction_phone=&#8221;180deg&#8221; background_color_gradient_stops_tablet=&#8221;#2b87da 0%|#29c4a9 100%&#8221; background_color_gradient_stops_phone=&#8221;#2b87da 0%|#29c4a9 100%&#8221; background_color_gradient_start_position_tablet=&#8221;0%&#8221; background_color_gradient_start_position_phone=&#8221;0%&#8221; background_color_gradient_end_position_tablet=&#8221;100%&#8221; background_color_gradient_end_position_phone=&#8221;100%&#8221; hover_transition_duration_tablet=&#8221;300ms&#8221; hover_transition_duration_phone=&#8221;300ms&#8221; hover_transition_delay_tablet=&#8221;0ms&#8221; hover_transition_delay_phone=&#8221;0ms&#8221; body_text_shadow_horizontal_length_tablet=&#8221;0px&#8221; body_text_shadow_horizontal_length_phone=&#8221;0px&#8221; body_text_shadow_vertical_length_tablet=&#8221;0px&#8221; body_text_shadow_vertical_length_phone=&#8221;0px&#8221; body_text_shadow_blur_strength_tablet=&#8221;1px&#8221; body_text_shadow_blur_strength_phone=&#8221;1px&#8221; body_link_text_shadow_horizontal_length_tablet=&#8221;0px&#8221; body_link_text_shadow_horizontal_length_phone=&#8221;0px&#8221; body_link_text_shadow_vertical_length_tablet=&#8221;0px&#8221; body_link_text_shadow_vertical_length_phone=&#8221;0px&#8221; body_link_text_shadow_blur_strength_tablet=&#8221;1px&#8221; body_link_text_shadow_blur_strength_phone=&#8221;1px&#8221; body_ul_text_shadow_horizontal_length_tablet=&#8221;0px&#8221; body_ul_text_shadow_horizontal_length_phone=&#8221;0px&#8221; body_ul_text_shadow_vertical_length_tablet=&#8221;0px&#8221; body_ul_text_shadow_vertical_length_phone=&#8221;0px&#8221; body_ul_text_shadow_blur_strength_tablet=&#8221;1px&#8221; body_ul_text_shadow_blur_strength_phone=&#8221;1px&#8221; body_ol_text_shadow_horizontal_length_tablet=&#8221;0px&#8221; body_ol_text_shadow_horizontal_length_phone=&#8221;0px&#8221; body_ol_text_shadow_vertical_length_tablet=&#8221;0px&#8221; body_ol_text_shadow_vertical_length_phone=&#8221;0px&#8221; body_ol_text_shadow_blur_strength_tablet=&#8221;1px&#8221; body_ol_text_shadow_blur_strength_phone=&#8221;1px&#8221; body_quote_text_shadow_horizontal_length_tablet=&#8221;0px&#8221; body_quote_text_shadow_horizontal_length_phone=&#8221;0px&#8221; body_quote_text_shadow_vertical_length_tablet=&#8221;0px&#8221; body_quote_text_shadow_vertical_length_phone=&#8221;0px&#8221; body_quote_text_shadow_blur_strength_tablet=&#8221;1px&#8221; body_quote_text_shadow_blur_strength_phone=&#8221;1px&#8221; box_shadow_horizontal_tablet=&#8221;0px&#8221; box_shadow_horizontal_phone=&#8221;0px&#8221; box_shadow_vertical_tablet=&#8221;0px&#8221; box_shadow_vertical_phone=&#8221;0px&#8221; box_shadow_blur_tablet=&#8221;40px&#8221; box_shadow_blur_phone=&#8221;40px&#8221; box_shadow_spread_tablet=&#8221;0px&#8221; box_shadow_spread_phone=&#8221;0px&#8221; text_shadow_horizontal_length_tablet=&#8221;0px&#8221; text_shadow_horizontal_length_phone=&#8221;0px&#8221; text_shadow_vertical_length_tablet=&#8221;0px&#8221; text_shadow_vertical_length_phone=&#8221;0px&#8221; text_shadow_blur_strength_tablet=&#8221;1px&#8221; text_shadow_blur_strength_phone=&#8221;1px&#8221; global_colors_info=&#8221;{}&#8221; toggle_text_shadow_horizontal_length_tablet=&#8221;0px&#8221; toggle_text_shadow_horizontal_length_phone=&#8221;0px&#8221; toggle_text_shadow_vertical_length_tablet=&#8221;0px&#8221; toggle_text_shadow_vertical_length_phone=&#8221;0px&#8221; toggle_text_shadow_blur_strength_tablet=&#8221;1px&#8221; toggle_text_shadow_blur_strength_phone=&#8221;1px&#8221; closed_toggle_text_shadow_horizontal_length_tablet=&#8221;0px&#8221; closed_toggle_text_shadow_horizontal_length_phone=&#8221;0px&#8221; closed_toggle_text_shadow_vertical_length_tablet=&#8221;0px&#8221; closed_toggle_text_shadow_vertical_length_phone=&#8221;0px&#8221; closed_toggle_text_shadow_blur_strength_tablet=&#8221;1px&#8221; closed_toggle_text_shadow_blur_strength_phone=&#8221;1px&#8221; open=&#8221;off&#8221; sticky_enabled=&#8221;0&#8243;]<\/p>\n<div class=\"oKdM2c Kzv0Me\">\n<div id=\"h.42659b24c7d45303_168\" class=\"hJDwNd-AhqUyc-OwsYgb jXK9ad D2fZ2 OjCsFc GNzUNc\">\n<div class=\"jXK9ad-SmKAyb\">\n<div class=\"tyJCtd mGzaTb baZpAe\">\n<h4>D\u00edas: s\u00e1bado y domingo <br \/>Horario: 07:30 a 16:00 horas<br \/>Duraci\u00f3n: 3 meses<\/h4>\n<h4>Requisitos: <br \/>18 a\u00f1os en adelante. <br \/>3o. b\u00e1sico aprobado. <br \/>Copia de DPI o certificado de nacimiento reciente. <br \/>Tarjeta de salud<\/h4>\n<h4>Inscripci\u00f3n: Q. 50.00<br \/>Mensualidad: Q. 75.00<\/h4>\n<\/div>\n<\/div>\n<\/div>\n<\/div>\n<p>[\/et_pb_accordion_item][et_pb_accordion_item title=&#8221;Gesti\u00f3n de seguridad industrial y salud ocupacional (e-learning) &#8221; title_tablet=&#8221;Confeccionista de prendas de vestir (Plan Fin de Semana)&#8221; title_phone=&#8221;Confeccionista de prendas de vestir (Plan Fin de Semana)&#8221; _builder_version=&#8221;4.27.4&#8243; background_color_gradient_direction_tablet=&#8221;180deg&#8221; background_color_gradient_direction_phone=&#8221;180deg&#8221; background_color_gradient_stops_tablet=&#8221;#2b87da 0%|#29c4a9 100%&#8221; background_color_gradient_stops_phone=&#8221;#2b87da 0%|#29c4a9 100%&#8221; background_color_gradient_start_position_tablet=&#8221;0%&#8221; background_color_gradient_start_position_phone=&#8221;0%&#8221; background_color_gradient_end_position_tablet=&#8221;100%&#8221; background_color_gradient_end_position_phone=&#8221;100%&#8221; hover_transition_duration_tablet=&#8221;300ms&#8221; hover_transition_duration_phone=&#8221;300ms&#8221; hover_transition_delay_tablet=&#8221;0ms&#8221; hover_transition_delay_phone=&#8221;0ms&#8221; body_text_shadow_horizontal_length_tablet=&#8221;0px&#8221; body_text_shadow_horizontal_length_phone=&#8221;0px&#8221; body_text_shadow_vertical_length_tablet=&#8221;0px&#8221; body_text_shadow_vertical_length_phone=&#8221;0px&#8221; body_text_shadow_blur_strength_tablet=&#8221;1px&#8221; body_text_shadow_blur_strength_phone=&#8221;1px&#8221; body_link_text_shadow_horizontal_length_tablet=&#8221;0px&#8221; body_link_text_shadow_horizontal_length_phone=&#8221;0px&#8221; body_link_text_shadow_vertical_length_tablet=&#8221;0px&#8221; body_link_text_shadow_vertical_length_phone=&#8221;0px&#8221; body_link_text_shadow_blur_strength_tablet=&#8221;1px&#8221; body_link_text_shadow_blur_strength_phone=&#8221;1px&#8221; body_ul_text_shadow_horizontal_length_tablet=&#8221;0px&#8221; body_ul_text_shadow_horizontal_length_phone=&#8221;0px&#8221; body_ul_text_shadow_vertical_length_tablet=&#8221;0px&#8221; body_ul_text_shadow_vertical_length_phone=&#8221;0px&#8221; body_ul_text_shadow_blur_strength_tablet=&#8221;1px&#8221; body_ul_text_shadow_blur_strength_phone=&#8221;1px&#8221; body_ol_text_shadow_horizontal_length_tablet=&#8221;0px&#8221; body_ol_text_shadow_horizontal_length_phone=&#8221;0px&#8221; body_ol_text_shadow_vertical_length_tablet=&#8221;0px&#8221; body_ol_text_shadow_vertical_length_phone=&#8221;0px&#8221; body_ol_text_shadow_blur_strength_tablet=&#8221;1px&#8221; body_ol_text_shadow_blur_strength_phone=&#8221;1px&#8221; body_quote_text_shadow_horizontal_length_tablet=&#8221;0px&#8221; body_quote_text_shadow_horizontal_length_phone=&#8221;0px&#8221; body_quote_text_shadow_vertical_length_tablet=&#8221;0px&#8221; body_quote_text_shadow_vertical_length_phone=&#8221;0px&#8221; body_quote_text_shadow_blur_strength_tablet=&#8221;1px&#8221; body_quote_text_shadow_blur_strength_phone=&#8221;1px&#8221; box_shadow_horizontal_tablet=&#8221;0px&#8221; box_shadow_horizontal_phone=&#8221;0px&#8221; box_shadow_vertical_tablet=&#8221;0px&#8221; box_shadow_vertical_phone=&#8221;0px&#8221; box_shadow_blur_tablet=&#8221;40px&#8221; box_shadow_blur_phone=&#8221;40px&#8221; box_shadow_spread_tablet=&#8221;0px&#8221; box_shadow_spread_phone=&#8221;0px&#8221; text_shadow_horizontal_length_tablet=&#8221;0px&#8221; text_shadow_horizontal_length_phone=&#8221;0px&#8221; text_shadow_vertical_length_tablet=&#8221;0px&#8221; text_shadow_vertical_length_phone=&#8221;0px&#8221; text_shadow_blur_strength_tablet=&#8221;1px&#8221; text_shadow_blur_strength_phone=&#8221;1px&#8221; global_colors_info=&#8221;{}&#8221; toggle_text_shadow_horizontal_length_tablet=&#8221;0px&#8221; toggle_text_shadow_horizontal_length_phone=&#8221;0px&#8221; toggle_text_shadow_vertical_length_tablet=&#8221;0px&#8221; toggle_text_shadow_vertical_length_phone=&#8221;0px&#8221; toggle_text_shadow_blur_strength_tablet=&#8221;1px&#8221; toggle_text_shadow_blur_strength_phone=&#8221;1px&#8221; closed_toggle_text_shadow_horizontal_length_tablet=&#8221;0px&#8221; closed_toggle_text_shadow_horizontal_length_phone=&#8221;0px&#8221; closed_toggle_text_shadow_vertical_length_tablet=&#8221;0px&#8221; closed_toggle_text_shadow_vertical_length_phone=&#8221;0px&#8221; closed_toggle_text_shadow_blur_strength_tablet=&#8221;1px&#8221; closed_toggle_text_shadow_blur_strength_phone=&#8221;1px&#8221; open=&#8221;off&#8221;]<\/p>\n<div class=\"oKdM2c Kzv0Me\">\n<div id=\"h.42659b24c7d45303_168\" class=\"hJDwNd-AhqUyc-OwsYgb jXK9ad D2fZ2 OjCsFc GNzUNc\">\n<div class=\"jXK9ad-SmKAyb\">\n<div class=\"tyJCtd mGzaTb baZpAe\">\n<h4><strong>Modalidad: Virtual asincr\u00f3nica <\/strong><br \/><strong>Plataforma para la formaci\u00f3n: FAD<\/strong><br \/>Plataforma para seguimiento: Microsoft Teams<\/h4>\n<h4>Horario para seguimiento:<\/h4>\n<h4>Opci\u00f3n 1: lunes y martes de 18:30 a 21:30 horas.<br \/>Opci\u00f3n 2: mi\u00e9rcoles y jueves de 18:30 a 21:30 horas.<\/h4>\n<h4>Duraci\u00f3n: 3 meses<br \/>Requisitos:<br \/>18 a\u00f1os adelante.<br \/>T\u00edtulo de nivel medio, ciclo diversificado.<br \/>Copia de DPI.<\/h4>\n<h4>Inscripci\u00f3n: Q. 50.00<br \/>Mensualidad: Q. 75.00<\/h4>\n<\/div>\n<\/div>\n<\/div>\n<\/div>\n<p>[\/et_pb_accordion_item][\/et_pb_accordion][\/et_pb_column][\/et_pb_row][\/et_pb_section][et_pb_section fb_built=&#8221;1&#8243; _builder_version=&#8221;4.16&#8243; custom_padding=&#8221;21px||2px|||&#8221; global_colors_info=&#8221;{}&#8221;][et_pb_row _builder_version=&#8221;4.16&#8243; custom_padding=&#8221;||24px|||&#8221; global_colors_info=&#8221;{}&#8221;][et_pb_column type=&#8221;4_4&#8243; _builder_version=&#8221;4.16&#8243; global_colors_info=&#8221;{}&#8221;][et_pb_text _builder_version=&#8221;4.27.0&#8243; global_colors_info=&#8221;{}&#8221;]<\/p>\n<h2>INFORMACI\u00d3N ADICIONAL:<\/h2>\n<h5>Nota: Disponer de tiempo para cursos adicionales relacionados con la formaci\u00f3n (aplica para todas las carreras)<\/h5>\n<h5>\u2022 Participar en la charla informativa es requisito para el proceso de admisi\u00f3n y selecci\u00f3n.<br \/>\u2022 El d\u00eda de la charla informativa, podr\u00e1 resolver cualquier duda relacionada con la carrera de su inter\u00e9s.<br \/>\u2022 La inscripci\u00f3n se realiza en:<a href=\"https:\/\/alumnos.intecap.edu.gt\/\">https:\/\/alumnos.intecap.edu.gt\/<\/a>\u00a0<\/h5>\n<h5>Subir en formato PDF los siguientes documentos:<\/h5>\n<ul>\n<li>\n<h5>DPI o certificado de nacimiento reciente.<\/h5>\n<\/li>\n<li>\n<h5>Si es menor de edad, debe subir copia de DPI del padre, madre o encargado.<\/h5>\n<\/li>\n<li>\n<h5>T\u00edtulo o diploma de estudios aprobados.<\/h5>\n<\/li>\n<li>\n<h5>Tarjeta de salud vigente (para las carreras requeridas).<\/h5>\n<\/li>\n<\/ul>\n<p>[\/et_pb_text][\/et_pb_column][\/et_pb_row][\/et_pb_section]<\/p>\n","protected":false},"excerpt":{"rendered":"<p>Atenci\u00f3n integral para el cuidado de la salud D\u00edas: s\u00e1bado&#8230;<\/p>\n","protected":false},"author":1,"featured_media":0,"parent":0,"menu_order":0,"comment_status":"closed","ping_status":"closed","template":"","meta":{"_et_pb_use_builder":"on","_et_pb_old_content":"","_et_gb_content_width":"","_monsterinsights_skip_tracking":false,"_monsterinsights_sitenote_active":false,"_monsterinsights_sitenote_note":"","_monsterinsights_sitenote_category":0,"footnotes":""},"class_list":["post-1932","page","type-page","status-publish","hentry"],"_links":{"self":[{"href":"https:\/\/www.intecap.edu.gt\/centros\/centrosantotomas\/wp-json\/wp\/v2\/pages\/1932","targetHints":{"allow":["GET"]}}],"collection":[{"href":"https:\/\/www.intecap.edu.gt\/centros\/centrosantotomas\/wp-json\/wp\/v2\/pages"}],"about":[{"href":"https:\/\/www.intecap.edu.gt\/centros\/centrosantotomas\/wp-json\/wp\/v2\/types\/page"}],"author":[{"embeddable":true,"href":"https:\/\/www.intecap.edu.gt\/centros\/centrosantotomas\/wp-json\/wp\/v2\/users\/1"}],"replies":[{"embeddable":true,"href":"https:\/\/www.intecap.edu.gt\/centros\/centrosantotomas\/wp-json\/wp\/v2\/comments?post=1932"}],"version-history":[{"count":3,"href":"https:\/\/www.intecap.edu.gt\/centros\/centrosantotomas\/wp-json\/wp\/v2\/pages\/1932\/revisions"}],"predecessor-version":[{"id":1936,"href":"https:\/\/www.intecap.edu.gt\/centros\/centrosantotomas\/wp-json\/wp\/v2\/pages\/1932\/revisions\/1936"}],"wp:attachment":[{"href":"https:\/\/www.intecap.edu.gt\/centros\/centrosantotomas\/wp-json\/wp\/v2\/media?parent=1932"}],"curies":[{"name":"wp","href":"https:\/\/api.w.org\/{rel}","templated":true}]}}