{"id":1297,"date":"2019-05-31T18:17:37","date_gmt":"2019-05-31T18:17:37","guid":{"rendered":"https:\/\/www.intecap.edu.gt\/centros\/centrosantotomas\/?page_id=1297"},"modified":"2022-01-19T17:08:01","modified_gmt":"2022-01-19T17:08:01","slug":"informacion-general","status":"publish","type":"page","link":"https:\/\/www.intecap.edu.gt\/centros\/centrosantotomas\/informacion-general\/","title":{"rendered":"Informaci\u00f3n General"},"content":{"rendered":"<p>[vc_row][vc_column width=&#8221;1\/6&#8243;][vc_empty_space hide_on_mobile=&#8221;&#8221;][\/vc_column][vc_column width=&#8221;2\/3&#8243;][vc_empty_space hide_on_mobile=&#8221;&#8221;][vc_empty_space hide_on_mobile=&#8221;&#8221;][vc_empty_space hide_on_mobile=&#8221;&#8221;][vc_column_text]<\/p>\n<div class=\"wpb_text_column wpb_content_element \">\n<div class=\"wpb_wrapper\">\n<p style=\"text-align: justify;\"><big>El Centro de capacitaci\u00f3n INTECAP Santo Tomas de Castilla nace de la necesidad de atender la calificaci\u00f3n de mano de obra en la regi\u00f3n nororiente del pa\u00eds.<\/big><\/p>\n<h5 style=\"text-align: justify;\"><strong><big>LA DELEGACI\u00d3N Y CONSTRUCCI\u00d3N DEL CENTRO DE CAPACITACI\u00d3N<\/big><\/strong><\/h5>\n<p style=\"text-align: justify;\"><big>Se inicia la relaci\u00f3n de capacitaci\u00f3n fundando una oficina encargada de la representaci\u00f3n en la ciudad de Puerto Barrios que se denomina Delegaci\u00f3n del INTECAP la cual al transcurrir de sus cinco a\u00f1os que durara, no ten\u00eda la capacidad instalada para cubrir la cantidad, ni la naturaleza de los programas de capacitaci\u00f3n requerida. Para cubrir estas necesidades se resuelve construir en el Km. 293 de la carretera de acceso a la poblaci\u00f3n de Santo Tomas de Castilla, un centro de capacitaci\u00f3n con capacidad instalada en infraestructura y t\u00e9cnica que resuelva las necesidades de la regi\u00f3n, esto, con el apoyo econ\u00f3mico por medio de pr\u00e9stamo del Banco Interamericano de Desarrollo (BID) con el aval del gobierno central. Creo que inicialmente se conoci\u00f3 como Centro Regional IV, que abarcaba Izabal y Pet\u00e9n.<\/big><\/p>\n<h5 style=\"text-align: justify;\"><strong><big>INAUGURACI\u00d3N<\/big><\/strong><\/h5>\n<p style=\"text-align: justify;\"><big>El 21 de noviembre de 1980 se inauguran las instalaciones y se inicia la actividad con categor\u00eda de Centro de Capacitaci\u00f3n en el mes de Enero de 1981 con programas y talleres de mec\u00e1nica automotriz, Soldadura, electricidad, carpinter\u00eda, mec\u00e1nica industrial y alba\u00f1iler\u00eda, eventos m\u00f3viles que provienen seg\u00fan demanda, de la ciudad capital.<\/big><\/p>\n<h5 style=\"text-align: justify;\"><strong><big>TRANSFORMACI\u00d3N<\/big><\/strong><\/h5>\n<p style=\"text-align: justify;\"><big>Durante los a\u00f1os de existencia ha sido objeto de una serie de transformaciones para diversificar los programas, en funci\u00f3n de la demanda comunitaria pero, el mas determinante sucede en el a\u00f1o 2000 cuando se reorganiza, se descentraliza y se administra con mayor libertad operativa y econ\u00f3mica, obedeciendo a la modernizaci\u00f3n de INTECAP en v\u00edas hacia la certificaci\u00f3n internacional con las normas ISO 9001 versi\u00f3n 2000.<\/big><\/p>\n<p style=\"text-align: justify;\"><big>A lo largo del a\u00f1o 2000 se sientan las bases de implementaci\u00f3n de procesos para llegar a la consolidaci\u00f3n de nuestro proyecto, Se distribuyen los procesos como evidencia de la calidad institucional que se espera y se difunde a todo nivel como parte de la creaci\u00f3n de una cultura organizacional de la calidad total y la mejora continua.<\/big><\/p>\n<p style=\"text-align: justify;\"><big>A finales del 2002 despu\u00e9s de una serie de auditor\u00edas externas por la empresa certificadora SGS como acompa\u00f1adora del proceso, se logra obtener el certificado de calidad que nos enorgullece a todos los de esta gran familia porque lo logramos y con el marco filos\u00f3fico de la mejora continua lo mantenemos vigente.<\/big><\/p>\n<\/div>\n<\/div>\n<p>[\/vc_column_text][\/vc_column][vc_column width=&#8221;1\/6&#8243;][\/vc_column][\/vc_row]<\/p>\n","protected":false},"excerpt":{"rendered":"<p>[vc_row][vc_column width=&#8221;1\/6&#8243;][vc_empty_space hide_on_mobile=&#8221;&#8221;][\/vc_column][vc_column width=&#8221;2\/3&#8243;][vc_empty_space hide_on_mobile=&#8221;&#8221;][vc_empty_space hide_on_mobile=&#8221;&#8221;][vc_empty_space hide_on_mobile=&#8221;&#8221;][vc_column_text] El Centro de capacitaci\u00f3n INTECAP Santo Tomas de Castilla nace de la necesidad de atender la calificaci\u00f3n de mano de obra en la regi\u00f3n nororiente del pa\u00eds. LA DELEGACI\u00d3N Y CONSTRUCCI\u00d3N DEL CENTRO DE CAPACITACI\u00d3N Se inicia la relaci\u00f3n de capacitaci\u00f3n fundando una oficina encargada de la representaci\u00f3n en la ciudad de Puerto&hellip;<\/p>\n","protected":false},"author":1,"featured_media":0,"parent":0,"menu_order":0,"comment_status":"closed","ping_status":"closed","template":"","meta":{"_et_pb_use_builder":"","_et_pb_old_content":"","_et_gb_content_width":"","_monsterinsights_skip_tracking":false,"_monsterinsights_sitenote_active":false,"_monsterinsights_sitenote_note":"","_monsterinsights_sitenote_category":0,"footnotes":""},"class_list":["post-1297","page","type-page","status-publish","hentry"],"_links":{"self":[{"href":"https:\/\/www.intecap.edu.gt\/centros\/centrosantotomas\/wp-json\/wp\/v2\/pages\/1297","targetHints":{"allow":["GET"]}}],"collection":[{"href":"https:\/\/www.intecap.edu.gt\/centros\/centrosantotomas\/wp-json\/wp\/v2\/pages"}],"about":[{"href":"https:\/\/www.intecap.edu.gt\/centros\/centrosantotomas\/wp-json\/wp\/v2\/types\/page"}],"author":[{"embeddable":true,"href":"https:\/\/www.intecap.edu.gt\/centros\/centrosantotomas\/wp-json\/wp\/v2\/users\/1"}],"replies":[{"embeddable":true,"href":"https:\/\/www.intecap.edu.gt\/centros\/centrosantotomas\/wp-json\/wp\/v2\/comments?post=1297"}],"version-history":[{"count":5,"href":"https:\/\/www.intecap.edu.gt\/centros\/centrosantotomas\/wp-json\/wp\/v2\/pages\/1297\/revisions"}],"predecessor-version":[{"id":1783,"href":"https:\/\/www.intecap.edu.gt\/centros\/centrosantotomas\/wp-json\/wp\/v2\/pages\/1297\/revisions\/1783"}],"wp:attachment":[{"href":"https:\/\/www.intecap.edu.gt\/centros\/centrosantotomas\/wp-json\/wp\/v2\/media?parent=1297"}],"curies":[{"name":"wp","href":"https:\/\/api.w.org\/{rel}","templated":true}]}}