{"id":836,"date":"2019-02-13T18:14:04","date_gmt":"2019-02-13T18:14:04","guid":{"rendered":"https:\/\/www.intecap.edu.gt\/centros\/centrosanmarcos\/?page_id=836"},"modified":"2025-08-20T18:59:10","modified_gmt":"2025-08-20T18:59:10","slug":"quienessomos","status":"publish","type":"page","link":"https:\/\/www.intecap.edu.gt\/centros\/centrosanmarcos\/quienessomos\/","title":{"rendered":"Quienes Somos"},"content":{"rendered":"<p>[vc_row][vc_column width=&#8221;1\/2&#8243;][vc_empty_space hide_on_mobile=&#8221;&#8221;][vc_images_carousel images=&#8221;1233,1232,1234,1235,1236,1237&#8243; img_size=&#8221;full&#8221; onclick=&#8221;link_no&#8221; speed=&#8221;4000&#8243; autoplay=&#8221;yes&#8221; wrap=&#8221;yes&#8221;][vc_empty_space hide_on_mobile=&#8221;&#8221;][\/vc_column][vc_column width=&#8221;1\/2&#8243;][vc_empty_space hide_on_mobile=&#8221;&#8221;][vc_custom_heading source=&#8221;post_title&#8221; use_theme_fonts=&#8221;yes&#8221;][vc_empty_space hide_on_mobile=&#8221;&#8221;][vc_column_text]<\/p>\n<p style=\"text-align: justify;\"><big>El Centro de Capacitaci\u00f3n San Marcos tiene por objetivo mejorar la calidad y ampliar la cobertura de los servicios de capacitaci\u00f3n, asistencia t\u00e9cnica y certificaci\u00f3n laboral brindados por el INTECAP en el departamento de San Marcos, como respuesta a los requerimientos de las empresas de los diferentes sectores productivos y de la poblaci\u00f3n en general, implementando para ello instalaciones con capacidad instalada suficiente que permitan el desarrollo de las competencias t\u00e9cnicas.<\/big><\/p>\n<h3 style=\"text-align: justify;\"><big><strong>Horario de Atenci\u00f3n<\/strong><\/big><\/h3>\n<p style=\"text-align: justify;\"><big><strong>\u00c1rea Administrativa:<\/strong><\/big><\/p>\n<ul style=\"text-align: justify;\">\n<li style=\"text-align: justify;\"><big>De lunes a viernes de 08:00 a 16:00 horas<\/big><\/li>\n<\/ul>\n<p>[\/vc_column_text][vc_empty_space hide_on_mobile=&#8221;&#8221;][\/vc_column][\/vc_row][vc_row][vc_column width=&#8221;1\/6&#8243;][\/vc_column][vc_column width=&#8221;2\/3&#8243;][vc_custom_heading text=&#8221;Informaci\u00f3n General&#8221; use_theme_fonts=&#8221;yes&#8221;][vc_column_text]<\/p>\n<p style=\"text-align: justify;\"><big>Conocido literariamente como \u201clugar donde amanecen los volcanes\u201d, el departamento de San Marcos se encuentra ubicado en la regi\u00f3n suroccidental de Guatemala. Es un departamento multiling\u00fce y de producci\u00f3n agr\u00edcola y pecuaria variada. En la zona sur del departamento el clima es c\u00e1lido y en la zona del altiplano, por la altura, es fr\u00edo. En sus tierras est\u00e1n los volcanes de San Antonio, el Tacan\u00e1 y el Tajumulco (m\u00e1s alto de Centro Am\u00e9rica). El departamento se destaca por la elaboraci\u00f3n de diversas artesan\u00edas: muebles de madera, tejidos t\u00edpicos, de lana y algod\u00f3n, cer\u00e1mica, instrumentos musicales, m\u00e1scaras, cerer\u00eda, art\u00edculos de cuero, y pirotecnia, entre otros.<\/big><\/p>\n<p style=\"text-align: justify;\"><big>El Centro de Capacitaci\u00f3n San Marcos del INTECAP se ubica en un terreno de 14 mil 600 metros cuadrados, donado por la Municipalidad de la cabecera departamental en la Aldea Caxaque, municipio de San Marcos; y tiene 6 mil metros cuadrados de construcci\u00f3n.<\/big><\/p>\n<p style=\"text-align: justify;\"><strong><big>Cuenta con:<\/big><\/strong><br \/>\n<big>&#8211; Taller de mec\u00e1nica automotriz gasolina y di\u00e9sel<\/big><br \/>\n<big>&#8211; Taller de motocicletas<\/big><br \/>\n<big>&#8211; Taller de electricidad y electr\u00f3nica<\/big><br \/>\n<big>&#8211; Taller de soldadura y mantenimiento <\/big><br \/>\n<big>&#8211; Taller de confecci\u00f3n artesanal<\/big><br \/>\n<big>&#8211; Taller de esteticismo<\/big><br \/>\n<big>&#8211; Taller de panader\u00eda y reposter\u00eda<\/big><br \/>\n<big>&#8211; Taller de cocina<\/big><br \/>\n<big>&#8211; Taller de procesamiento de alimentos<\/big><br \/>\n<big>&#8211; Laboratorios de computaci\u00f3n<\/big><br \/>\n<big>&#8211; Aulas para teor\u00eda<\/big><br \/>\n<big>&#8211; Restaurante-escuela<\/big><\/p>\n<p style=\"text-align: justify;\"><big>Asimismo cuenta con estacionamiento para 103 veh\u00edculos, pasos techados, plazas y encaminamientos, pozo de agua, planta de tratamiento de aguas residuales, Paneles solares para agua caliente, Generador de energ\u00eda con celdas fotovoltaicas, agencia bancaria, Sal\u00f3n Ejecutivo para reuniones y cl\u00ednica m\u00e9dica.<\/big><\/p>\n<p>[\/vc_column_text][\/vc_column][vc_column width=&#8221;1\/6&#8243;][\/vc_column][\/vc_row]<\/p>\n","protected":false},"excerpt":{"rendered":"<p>[vc_row][vc_column width=&#8221;1\/2&#8243;][vc_empty_space hide_on_mobile=&#8221;&#8221;][vc_images_carousel images=&#8221;1233,1232,1234,1235,1236,1237&#8243; img_size=&#8221;full&#8221; onclick=&#8221;link_no&#8221; speed=&#8221;4000&#8243; autoplay=&#8221;yes&#8221; wrap=&#8221;yes&#8221;][vc_empty_space hide_on_mobile=&#8221;&#8221;][\/vc_column][vc_column width=&#8221;1\/2&#8243;][vc_empty_space hide_on_mobile=&#8221;&#8221;][vc_custom_heading source=&#8221;post_title&#8221; use_theme_fonts=&#8221;yes&#8221;][vc_empty_space hide_on_mobile=&#8221;&#8221;][vc_column_text] El Centro de Capacitaci\u00f3n San Marcos tiene por objetivo mejorar la calidad y ampliar la cobertura de los servicios de capacitaci\u00f3n, asistencia t\u00e9cnica y certificaci\u00f3n laboral brindados por el INTECAP en el departamento de San Marcos, como respuesta a los requerimientos de las empresas de&hellip;<\/p>\n","protected":false},"author":1,"featured_media":0,"parent":0,"menu_order":0,"comment_status":"closed","ping_status":"closed","template":"","meta":{"_et_pb_use_builder":"","_et_pb_old_content":"","_et_gb_content_width":"","_monsterinsights_skip_tracking":false,"_monsterinsights_sitenote_active":false,"_monsterinsights_sitenote_note":"","_monsterinsights_sitenote_category":0,"footnotes":""},"class_list":["post-836","page","type-page","status-publish","hentry"],"_links":{"self":[{"href":"https:\/\/www.intecap.edu.gt\/centros\/centrosanmarcos\/wp-json\/wp\/v2\/pages\/836","targetHints":{"allow":["GET"]}}],"collection":[{"href":"https:\/\/www.intecap.edu.gt\/centros\/centrosanmarcos\/wp-json\/wp\/v2\/pages"}],"about":[{"href":"https:\/\/www.intecap.edu.gt\/centros\/centrosanmarcos\/wp-json\/wp\/v2\/types\/page"}],"author":[{"embeddable":true,"href":"https:\/\/www.intecap.edu.gt\/centros\/centrosanmarcos\/wp-json\/wp\/v2\/users\/1"}],"replies":[{"embeddable":true,"href":"https:\/\/www.intecap.edu.gt\/centros\/centrosanmarcos\/wp-json\/wp\/v2\/comments?post=836"}],"version-history":[{"count":32,"href":"https:\/\/www.intecap.edu.gt\/centros\/centrosanmarcos\/wp-json\/wp\/v2\/pages\/836\/revisions"}],"predecessor-version":[{"id":1899,"href":"https:\/\/www.intecap.edu.gt\/centros\/centrosanmarcos\/wp-json\/wp\/v2\/pages\/836\/revisions\/1899"}],"wp:attachment":[{"href":"https:\/\/www.intecap.edu.gt\/centros\/centrosanmarcos\/wp-json\/wp\/v2\/media?parent=836"}],"curies":[{"name":"wp","href":"https:\/\/api.w.org\/{rel}","templated":true}]}}