{"id":1315,"date":"2020-09-04T20:31:00","date_gmt":"2020-09-04T20:31:00","guid":{"rendered":"https:\/\/www.intecap.edu.gt\/centros\/centrobajaverapaz\/?page_id=1315"},"modified":"2025-08-20T16:23:21","modified_gmt":"2025-08-20T16:23:21","slug":"electricidad-electronica","status":"publish","type":"page","link":"https:\/\/www.intecap.edu.gt\/centros\/centrosanmarcos\/electricidad-electronica\/","title":{"rendered":"Especialidad Electricidad y Electr\u00f3nica"},"content":{"rendered":"<p>[et_pb_section fb_built=&#8221;1&#8243; _builder_version=&#8221;4.16&#8243; custom_padding=&#8221;29px||46px|||&#8221; global_colors_info=&#8221;{}&#8221;][et_pb_row _builder_version=&#8221;4.16&#8243; global_colors_info=&#8221;{}&#8221;][et_pb_column type=&#8221;4_4&#8243; _builder_version=&#8221;4.16&#8243; global_colors_info=&#8221;{}&#8221;][et_pb_post_title meta=&#8221;off&#8221; featured_image=&#8221;off&#8221; _builder_version=&#8221;4.16&#8243; title_font=&#8221;|800||on|||||&#8221; title_font_size=&#8221;35px&#8221; text_orientation=&#8221;center&#8221; global_colors_info=&#8221;{}&#8221;][\/et_pb_post_title][\/et_pb_column][\/et_pb_row][et_pb_row _builder_version=&#8221;4.16&#8243; global_colors_info=&#8221;{}&#8221;][et_pb_column type=&#8221;4_4&#8243; _builder_version=&#8221;4.16&#8243; global_colors_info=&#8221;{}&#8221;][et_pb_accordion open_toggle_text_color=&#8221;#000000&#8243; open_toggle_background_color=&#8221;rgba(0,0,0,0)&#8221; closed_toggle_background_color=&#8221;#242424&#8243; icon_color=&#8221;#FFFFFF&#8221; use_icon_font_size=&#8221;on&#8221; _builder_version=&#8221;4.27.4&#8243; toggle_text_color=&#8221;#FFFFFF&#8221; toggle_level=&#8221;h2&#8243; closed_toggle_font_size=&#8221;25px&#8221; closed_toggle_line_height=&#8221;1em&#8221; background_color=&#8221;rgba(0,0,0,0)&#8221; hover_enabled=&#8221;0&#8243; border_radii=&#8221;on|15px|15px|15px|15px&#8221; global_colors_info=&#8221;{}&#8221; sticky_enabled=&#8221;0&#8243;][et_pb_accordion_item open=&#8221;on&#8221; _builder_version=&#8221;4.16&#8243; custom_css_main_element=&#8221;display:none&#8221; global_colors_info=&#8221;{}&#8221;][\/et_pb_accordion_item][et_pb_accordion_item title=&#8221;Electricista Instalador Domiciliar&#8221; _builder_version=&#8221;4.27.4&#8243; hover_enabled=&#8221;0&#8243; global_colors_info=&#8221;{}&#8221; open=&#8221;off&#8221; sticky_enabled=&#8221;0&#8243;]<\/p>\n<h4 style=\"text-align: justify;\">Aprende a instalar y proveer mantenimiento a circuitos el\u00e9ctricos de alumbrado, fuerza y equipos de energ\u00eda renovable.<\/h4>\n<h4 style=\"text-align: justify;\">Requisitos:<br \/>Edad: 16 a\u00f1os en adelante<br \/>Escolaridad: 6\u00ba. Grado de educaci\u00f3n primaria aprobado<br \/>Horario: 8:00 a 13:00 horas<br \/>D\u00edas: De lunes a jueves<br \/>Duraci\u00f3n: Un a\u00f1o (incluye 300 horas de pr\u00e1ctica en empresa)<br \/>Inversi\u00f3n: Q15.00 examen de admisi\u00f3n Q75.00 Inscripci\u00f3n Q75 mensuales<\/h4>\n<h4>Contacto WhatsApp:\u00a0 54445473<\/h4>\n<p>[\/et_pb_accordion_item][et_pb_accordion_item title=&#8221;Electricista Instalador Industrial &#8221; _builder_version=&#8221;4.27.4&#8243; body_font=&#8221;||||||||&#8221; hover_enabled=&#8221;0&#8243; global_colors_info=&#8221;{}&#8221; open=&#8221;off&#8221; sticky_enabled=&#8221;0&#8243;]<\/p>\n<h4 style=\"text-align: justify;\">Aprende a instalar y proveer mantenimiento a circuitos el\u00e9ctricos domiciliares, equipos de energ\u00eda renovable domiciliar, circuitos el\u00e9ctricos trif\u00e1sicos y m\u00e1quinas el\u00e9ctricas rotativas y est\u00e1ticas trif\u00e1sicas, con base en requerimientos; aplicando t\u00e9cnicas, procedimientos asertivos y siguiendo las buenas pr\u00e1cticas laborales de acuerdo con el perfil de egreso del participante.<\/h4>\n<h4 style=\"text-align: justify;\">Requisitos: <br \/>Edad: 16 a\u00f1os en adelante <br \/>Escolaridad: 6\u00ba. Grado de educaci\u00f3n primaria aprobado<br \/>Horario: 8:00 a 16:00 horas<br \/>D\u00edas: s\u00e1bado, domingo<br \/>Duraci\u00f3n: 2.5 a\u00f1os (incluye 300 horas de pr\u00e1ctica en una empresa)<br \/>Inversi\u00f3n: Q15.00 examen de admisi\u00f3n Q75.00 Inscripci\u00f3n Q75.00\/mensuales<\/h4>\n<h4 style=\"text-align: justify;\">Contacto WhatsApp:\u00a0 41980302<\/h4>\n<p>[\/et_pb_accordion_item][et_pb_accordion_item title=&#8221;T\u00e9cnico en Electricidad Industrial &#8221; _builder_version=&#8221;4.27.4&#8243; body_font=&#8221;||||||||&#8221; hover_enabled=&#8221;0&#8243; global_colors_info=&#8221;{}&#8221; open=&#8221;off&#8221; sticky_enabled=&#8221;0&#8243;]<\/p>\n<h4 style=\"text-align: justify;\">Aprende a instalar y proveer el mantenimiento de circuitos el\u00e9ctricos de baja potencia, sistemas de automatizaci\u00f3n industrial y a m\u00e1quinas el\u00e9ctricas rotativas y est\u00e1ticas, as\u00ed como, la administraci\u00f3n de talleres de electricidad industrial.<\/h4>\n<h4 style=\"text-align: justify;\">Requisitos:<br \/>Edad: 15 a 22 a\u00f1os<br \/>Escolaridad: 3\u00ba. Grado de educaci\u00f3n b\u00e1sica aprobado<br \/>Horario: 8:00 a 16:00 horas<br \/>D\u00edas: mi\u00e9rcoles, jueves, viernes<br \/>Duraci\u00f3n: 2.5 a\u00f1os (Incluye 500 horas de pr\u00e1ctica en empresa)<br \/>Inversi\u00f3n: Q15.00 examen de admisi\u00f3n Q75.00 Inscripci\u00f3n:\u00a0 Q175.00\/mensuales<\/h4>\n<h4 style=\"text-align: justify;\">Contacto WhatsApp:\u00a0 41980302<\/h4>\n<p>[\/et_pb_accordion_item][et_pb_accordion_item title=&#8221;T\u00e9cnico en Mecatr\u00f3nica&#8221; _builder_version=&#8221;4.27.4&#8243; body_font=&#8221;||||||||&#8221; hover_enabled=&#8221;0&#8243; global_colors_info=&#8221;{}&#8221; open=&#8221;off&#8221; sticky_enabled=&#8221;0&#8243;]<\/p>\n<h4 style=\"text-align: justify;\">Aprende a dise\u00f1ar, elaborar y proveer el mantenimiento a sistemas mecatr\u00f3nicos que integren elementos mec\u00e1nicos, neum\u00e1ticos, hidr\u00e1ulicos, el\u00e9ctricos y electr\u00f3nicos; programar microcontroladores y PLC, as\u00ed como dise\u00f1ar sistemas de automatizaci\u00f3n industrial, con base en requerimientos; aplicando t\u00e9cnicas, procedimientos asertivos y siguiendo las buenas pr\u00e1cticas laborales de acuerdo con el perfil de egreso del participante.<\/h4>\n<h4 style=\"text-align: justify;\">Requisitos:<br \/>Edad: de 15 a 22 a\u00f1os<br \/>Escolaridad: 3\u00b0 grado de educaci\u00f3n b\u00e1sica aprobado<br \/>Horario: 8:00 a 16:00 horas<br \/>D\u00edas: lunes, martes y mi\u00e9rcoles<br \/>Duraci\u00f3n: dos a\u00f1os y medio (incluye 500 horas de pr\u00e1ctica en empresa)<br \/>Inversi\u00f3n: Q15.00 examen de admisi\u00f3n Q75.00 Inscripci\u00f3n:\u00a0 Q175.00 mensuales<\/h4>\n<h4 style=\"text-align: justify;\">Contacto WhatsApp: 41786772<\/h4>\n<p>[\/et_pb_accordion_item][et_pb_accordion_item title=&#8221;Reparador de electrodom\u00e9sticos y receptores de radio y televisi\u00f3n &#8221; _builder_version=&#8221;4.27.4&#8243; body_font=&#8221;||||||||&#8221; hover_enabled=&#8221;0&#8243; global_colors_info=&#8221;{}&#8221; open=&#8221;off&#8221; sticky_enabled=&#8221;0&#8243;]<\/p>\n<h4 style=\"text-align: justify;\">Aprende a reparar aparatos electrodom\u00e9sticos y receptores de se\u00f1al de radio y televisi\u00f3n, con base en requerimientos; aplicando t\u00e9cnicas, procedimientos asertivos y siguiendo las buenas pr\u00e1cticas laborales de acuerdo con el perfil de egreso del participante.<\/h4>\n<h4 style=\"text-align: justify;\">Requisitos: <br \/>Edad: 16 a\u00f1os en adelante<br \/>Escolaridad: 6\u00ba. Grado de educaci\u00f3n primaria aprobado<br \/>Horario: 8:00 a 16:00 horas<br \/>D\u00edas: jueves y viernes<br \/>Duraci\u00f3n: 1 a\u00f1o (incluye 300 horas de pr\u00e1ctica en empresa)<br \/>Inversi\u00f3n: Q15.00 examen de admisi\u00f3n Q50.00 Inscripci\u00f3n Q75.00\/mensuales<\/h4>\n<h4 style=\"text-align: justify;\">Contacto WhatsApp: 56367164<\/h4>\n<p>[\/et_pb_accordion_item][et_pb_accordion_item title=&#8221;Reparador de electrodom\u00e9sticos de l\u00ednea blanca&#8221; _builder_version=&#8221;4.27.4&#8243; body_font=&#8221;||||||||&#8221; hover_enabled=&#8221;0&#8243; global_colors_info=&#8221;{}&#8221; open=&#8221;off&#8221; sticky_enabled=&#8221;0&#8243;]<\/p>\n<h4 style=\"text-align: justify;\">Adquiere las capacidades para la reparaci\u00f3n de aparatos electrodom\u00e9sticos de l\u00ednea blanca que generan calor, frigor\u00edficos y accionados por fuerza\u00a0 electromotriz, con base en requerimientos; aplicando t\u00e9cnicas, procedimientos asertivos y siguiendo las buenas pr\u00e1cticas laborales de acuerdo con el perfil de egreso del participante.<\/h4>\n<h4>Requisitos: <br \/>Edad: 16 a\u00f1os en adelante<br \/>Escolaridad: 6\u00ba. Grado de educaci\u00f3n primaria aprobado<br \/>Horario: 8:00 a 16:00 horas<br \/>D\u00edas: lunes y martes<br \/>Duraci\u00f3n: 1 a\u00f1o y medio (incluye 300 horas de pr\u00e1ctica en empresa)<br \/>Inversi\u00f3n: Q15.00 examen de admisi\u00f3n Q50.00 de Inscripci\u00f3n<\/h4>\n<h4>Contacto WhatsApp:\u00a0 56367164<\/h4>\n<h4><\/h4>\n<p>[\/et_pb_accordion_item][\/et_pb_accordion][\/et_pb_column][\/et_pb_row][\/et_pb_section][et_pb_section fb_built=&#8221;1&#8243; _builder_version=&#8221;4.16&#8243; custom_padding=&#8221;21px||2px|||&#8221; global_colors_info=&#8221;{}&#8221;][et_pb_row _builder_version=&#8221;4.16&#8243; global_colors_info=&#8221;{}&#8221;][et_pb_column type=&#8221;4_4&#8243; _builder_version=&#8221;4.16&#8243; global_colors_info=&#8221;{}&#8221;][et_pb_text _builder_version=&#8221;4.22.1&#8243; global_colors_info=&#8221;{}&#8221;]<\/p>\n<h2>REQUISITOS GENERALES:<\/h2>\n<h5>Para todas las carreras del \u00e1rea de Gastronom\u00eda y Belleza deben presentar Tarjeta de Salud vigente.<\/h5>\n<h5><strong><\/strong><\/h5>\n<h5><strong>REQUISITOS DE ADMISI\u00d3N:<\/strong><\/h5>\n<ul>\n<li>\n<h5><strong>Mayores de Edad<\/strong>: fotocopia y original de DPI y constancias de estudios y boleta del pago de examen de admisi\u00f3n en oficina de Banco Industrial Centro San Marcos.<\/h5>\n<\/li>\n<li>\n<h5><strong>Menores de Edad<\/strong>: Certificado de nacimiento reciente, DPI de encargado, constancias de estudios y boleta del pago de examen de admisi\u00f3n en oficina de Banco Industrial Centro San Marcos.<\/h5>\n<\/li>\n<\/ul>\n<h5>El costo del examen de admisi\u00f3n es de Q. 15.00 para todas las carreras.<\/h5>\n<h4><\/h4>\n<h4>Para mayor informaci\u00f3n comun\u00edquese al tel\u00e9fono: 77905757 extensiones 31001 o 31055<\/h4>\n<p>[\/et_pb_text][\/et_pb_column][\/et_pb_row][\/et_pb_section]<\/p>\n","protected":false},"excerpt":{"rendered":"<p>Electricista Instalador Domiciliar Aprende a instalar y&#8230;<\/p>\n","protected":false},"author":1,"featured_media":0,"parent":0,"menu_order":0,"comment_status":"closed","ping_status":"closed","template":"","meta":{"_et_pb_use_builder":"on","_et_pb_old_content":"","_et_gb_content_width":"","_monsterinsights_skip_tracking":false,"_monsterinsights_sitenote_active":false,"_monsterinsights_sitenote_note":"","_monsterinsights_sitenote_category":0,"footnotes":""},"class_list":["post-1315","page","type-page","status-publish","hentry"],"_links":{"self":[{"href":"https:\/\/www.intecap.edu.gt\/centros\/centrosanmarcos\/wp-json\/wp\/v2\/pages\/1315","targetHints":{"allow":["GET"]}}],"collection":[{"href":"https:\/\/www.intecap.edu.gt\/centros\/centrosanmarcos\/wp-json\/wp\/v2\/pages"}],"about":[{"href":"https:\/\/www.intecap.edu.gt\/centros\/centrosanmarcos\/wp-json\/wp\/v2\/types\/page"}],"author":[{"embeddable":true,"href":"https:\/\/www.intecap.edu.gt\/centros\/centrosanmarcos\/wp-json\/wp\/v2\/users\/1"}],"replies":[{"embeddable":true,"href":"https:\/\/www.intecap.edu.gt\/centros\/centrosanmarcos\/wp-json\/wp\/v2\/comments?post=1315"}],"version-history":[{"count":13,"href":"https:\/\/www.intecap.edu.gt\/centros\/centrosanmarcos\/wp-json\/wp\/v2\/pages\/1315\/revisions"}],"predecessor-version":[{"id":1890,"href":"https:\/\/www.intecap.edu.gt\/centros\/centrosanmarcos\/wp-json\/wp\/v2\/pages\/1315\/revisions\/1890"}],"wp:attachment":[{"href":"https:\/\/www.intecap.edu.gt\/centros\/centrosanmarcos\/wp-json\/wp\/v2\/media?parent=1315"}],"curies":[{"name":"wp","href":"https:\/\/api.w.org\/{rel}","templated":true}]}}