{"id":836,"date":"2019-02-13T18:14:04","date_gmt":"2019-02-13T18:14:04","guid":{"rendered":"https:\/\/www.intecap.edu.gt\/centros\/centroquiche\/?page_id=836"},"modified":"2019-05-09T18:28:23","modified_gmt":"2019-05-09T18:28:23","slug":"quienessomos","status":"publish","type":"page","link":"https:\/\/www.intecap.edu.gt\/centros\/centroquiche\/quienessomos\/","title":{"rendered":"Quienes Somos"},"content":{"rendered":"<p>[vc_row][vc_column width=&#8221;1\/2&#8243;][vc_column_text][layerslider id=&#8221;2&#8243;][\/vc_column_text][vc_empty_space hide_on_mobile=&#8221;&#8221;][\/vc_column][vc_column width=&#8221;1\/2&#8243;][vc_empty_space hide_on_mobile=&#8221;&#8221;][vc_custom_heading source=&#8221;post_title&#8221; use_theme_fonts=&#8221;yes&#8221;][vc_column_text]<\/p>\n<p style=\"text-align: justify;\"><big>INTECAP Quich\u00e9 contribuye al desarrollo de competencias laborales para la empleabilidad y gesti\u00f3n de empresas propias que fortalecen el econ\u00f3mico y social de Guatemala creando las condiciones adecuadas para impulsar procesos de capacitaci\u00f3n en el departamento del Quich\u00e9. <\/big><\/p>\n<p style=\"text-align: justify;\"><big>La construcci\u00f3n de este Centro de Capacitaci\u00f3n inici\u00f3 el 12 de septiembre del 2014 y finaliz\u00f3 el 9 de septiembre de 2015. Posee una extensi\u00f3n de 36,000 m2, con una construcci\u00f3n y urbanizaci\u00f3n de 3, 600 m2.. Cuenta con talleres de Mec\u00e1nica Automotriz, Electricidad Industrial, Soldadura Industrial , Esteticismo, Gastronom\u00eda, Panader\u00eda, Reposter\u00eda e Inform\u00e1tica.<\/big><\/p>\n<p style=\"text-align: justify;\"><big>El INTECAP invirti\u00f3 la cantidad de Q. 30, 000,000.00 solamente en infraestructura y en equipo\u00a0 Q10, 500,000.00.<\/big><\/p>\n<h3 style=\"text-align: justify;\"><big><strong>Horario de Atenci\u00f3n<\/strong><\/big><\/h3>\n<p style=\"text-align: justify;\"><big><strong>\u00c1rea Administrativa:\u00a0\u00a0 <\/strong><\/big><big>De lunes a viernes de 08:00 a 16:00 horas<\/big><\/p>\n<p>[\/vc_column_text][vc_empty_space hide_on_mobile=&#8221;&#8221;][\/vc_column][\/vc_row][vc_row][vc_column][vc_empty_space hide_on_mobile=&#8221;&#8221;][vc_column_text]<\/p>\n<p style=\"text-align: justify;\"><big>Se atienden carreras certificables y adicionalmente se imparten eventos cortos en las especialidades anteriores y en el \u00e1rea de ventas, servicio al cliente, administraci\u00f3n, emprendimiento y desarrollo personal.<\/big><\/p>\n<p style=\"text-align: justify;\"><big>Cuenta con capacidad para 4,000 participantes, que puede incrementar por la programaci\u00f3n que se planifique, y es accesible para los municipios de San Pedro Jocopilas, San Antonio Ilotenango, Chiche, Patzit\u00e9, Chichicastenango, Chinique, San Bartolom\u00e9 Jocotenango, Zacualpa, as\u00ed como el resto de departamentos del Quich\u00e9 y algunos municipios de Totonicap\u00e1n y Solol\u00e1.<\/big><\/p>\n<p>[\/vc_column_text][\/vc_column][\/vc_row]<\/p>\n","protected":false},"excerpt":{"rendered":"<p>[vc_row][vc_column width=&#8221;1\/2&#8243;][vc_column_text][layerslider id=&#8221;2&#8243;][\/vc_column_text][vc_empty_space hide_on_mobile=&#8221;&#8221;][\/vc_column][vc_column width=&#8221;1\/2&#8243;][vc_empty_space hide_on_mobile=&#8221;&#8221;][vc_custom_heading source=&#8221;post_title&#8221; use_theme_fonts=&#8221;yes&#8221;][vc_column_text] INTECAP Quich\u00e9 contribuye al desarrollo de competencias laborales para la empleabilidad y gesti\u00f3n de empresas propias que fortalecen el econ\u00f3mico y social de Guatemala creando las condiciones adecuadas para impulsar procesos de capacitaci\u00f3n en el departamento del Quich\u00e9. La construcci\u00f3n de este Centro de Capacitaci\u00f3n inici\u00f3 el 12 de septiembre del 2014&hellip;<\/p>\n","protected":false},"author":1,"featured_media":0,"parent":0,"menu_order":0,"comment_status":"closed","ping_status":"closed","template":"","meta":{"_et_pb_use_builder":"","_et_pb_old_content":"","_et_gb_content_width":"","_monsterinsights_skip_tracking":false,"_monsterinsights_sitenote_active":false,"_monsterinsights_sitenote_note":"","_monsterinsights_sitenote_category":0,"footnotes":""},"class_list":["post-836","page","type-page","status-publish","hentry"],"_links":{"self":[{"href":"https:\/\/www.intecap.edu.gt\/centros\/centroquiche\/wp-json\/wp\/v2\/pages\/836","targetHints":{"allow":["GET"]}}],"collection":[{"href":"https:\/\/www.intecap.edu.gt\/centros\/centroquiche\/wp-json\/wp\/v2\/pages"}],"about":[{"href":"https:\/\/www.intecap.edu.gt\/centros\/centroquiche\/wp-json\/wp\/v2\/types\/page"}],"author":[{"embeddable":true,"href":"https:\/\/www.intecap.edu.gt\/centros\/centroquiche\/wp-json\/wp\/v2\/users\/1"}],"replies":[{"embeddable":true,"href":"https:\/\/www.intecap.edu.gt\/centros\/centroquiche\/wp-json\/wp\/v2\/comments?post=836"}],"version-history":[{"count":34,"href":"https:\/\/www.intecap.edu.gt\/centros\/centroquiche\/wp-json\/wp\/v2\/pages\/836\/revisions"}],"predecessor-version":[{"id":1276,"href":"https:\/\/www.intecap.edu.gt\/centros\/centroquiche\/wp-json\/wp\/v2\/pages\/836\/revisions\/1276"}],"wp:attachment":[{"href":"https:\/\/www.intecap.edu.gt\/centros\/centroquiche\/wp-json\/wp\/v2\/media?parent=836"}],"curies":[{"name":"wp","href":"https:\/\/api.w.org\/{rel}","templated":true}]}}