{"id":1315,"date":"2020-09-04T20:31:00","date_gmt":"2020-09-04T20:31:00","guid":{"rendered":"https:\/\/www.intecap.edu.gt\/centros\/centrobajaverapaz\/?page_id=1315"},"modified":"2024-08-20T20:43:24","modified_gmt":"2024-08-20T20:43:24","slug":"electricidad","status":"publish","type":"page","link":"https:\/\/www.intecap.edu.gt\/centros\/centroquiche\/electricidad\/","title":{"rendered":"Especialidad Electricidad"},"content":{"rendered":"<p>[et_pb_section fb_built=&#8221;1&#8243; _builder_version=&#8221;4.16&#8243; custom_padding=&#8221;17px||46px|||&#8221; global_colors_info=&#8221;{}&#8221;][et_pb_row _builder_version=&#8221;4.16&#8243; global_colors_info=&#8221;{}&#8221;][et_pb_column type=&#8221;4_4&#8243; _builder_version=&#8221;4.16&#8243; global_colors_info=&#8221;{}&#8221;][et_pb_post_title meta=&#8221;off&#8221; featured_image=&#8221;off&#8221; _builder_version=&#8221;4.16&#8243; title_font=&#8221;|800||on|||||&#8221; title_font_size=&#8221;35px&#8221; text_orientation=&#8221;center&#8221; global_colors_info=&#8221;{}&#8221;][\/et_pb_post_title][\/et_pb_column][\/et_pb_row][et_pb_row _builder_version=&#8221;4.16&#8243; global_colors_info=&#8221;{}&#8221;][et_pb_column type=&#8221;4_4&#8243; _builder_version=&#8221;4.16&#8243; global_colors_info=&#8221;{}&#8221;][et_pb_accordion open_toggle_text_color=&#8221;#000000&#8243; open_toggle_background_color=&#8221;rgba(0,0,0,0)&#8221; closed_toggle_background_color=&#8221;#242424&#8243; icon_color=&#8221;#FFFFFF&#8221; use_icon_font_size=&#8221;on&#8221; _builder_version=&#8221;4.27.0&#8243; toggle_text_color=&#8221;#FFFFFF&#8221; toggle_level=&#8221;h2&#8243; closed_toggle_font=&#8221;Poppins||||||||&#8221; closed_toggle_font_size=&#8221;25px&#8221; background_color=&#8221;rgba(0,0,0,0)&#8221; hover_enabled=&#8221;0&#8243; border_radii=&#8221;on|15px|15px|15px|15px&#8221; global_colors_info=&#8221;{}&#8221; sticky_enabled=&#8221;0&#8243;][et_pb_accordion_item open=&#8221;on&#8221; _builder_version=&#8221;4.16&#8243; custom_css_main_element=&#8221;display:none&#8221; global_colors_info=&#8221;{}&#8221;][\/et_pb_accordion_item][et_pb_accordion_item title=&#8221;Electricista Instalador Industrial&#8221; _builder_version=&#8221;4.27.0&#8243; body_font=&#8221;||||||||&#8221; hover_enabled=&#8221;0&#8243; global_colors_info=&#8221;{}&#8221; open=&#8221;off&#8221; sticky_enabled=&#8221;0&#8243;]<\/p>\n<h4 style=\"text-align: justify;\">Aprende a instalar y proveer el mantenimiento de circuitos el\u00e9ctricos de baja potencia, sistemas de automatizaci\u00f3n industrial y a m\u00e1quinas el\u00e9ctricas rotativas y est\u00e1ticas, as\u00ed como, la administraci\u00f3n de talleres de electricidad industrial, con base en requerimientos; aplicando t\u00e9cnicas, procedimientos asertivos y siguiendo las buenas pr\u00e1cticas laborales de acuerdo con el perfil de egreso del participante.<\/h4>\n<h4>D\u00edas: lunes a mi\u00e9rcoles <br \/>Horario: 8:00 a 16:00 horas<br \/>Duraci\u00f3n: 1 a\u00f1o y 6 meses<br \/>Edad: 16 a\u00f1os en adelante<br \/>Escolaridad: 6\u00ba primaria aprobado<br \/>Requisito adicional: Certificado como electricista instalador domiciliar<br \/>Admisi\u00f3n: Q15.00 Inscripci\u00f3n: Q. 50.00. Mensualidad: Q. 125.00<\/h4>\n<p>&nbsp;<\/p>\n<p>[\/et_pb_accordion_item][et_pb_accordion_item title=&#8221;Electricista Instalador Domiciliar&#8221; _builder_version=&#8221;4.27.0&#8243; body_font=&#8221;||||||||&#8221; hover_enabled=&#8221;0&#8243; global_colors_info=&#8221;{}&#8221; open=&#8221;off&#8221; sticky_enabled=&#8221;0&#8243;]<\/p>\n<h4 style=\"text-align: justify;\">Aprende a instalar y proveer mantenimiento a circuitos el\u00e9ctricos de alumbrado, fuerza y equipos de energ\u00eda renovable.<\/h4>\n<h4>D\u00edas: jueves y viernes<br \/>Horario: 8:00 a 16:30 horas<br \/>Duraci\u00f3n: 1 a\u00f1o y 3 meses<br \/>Edad: 16 a\u00f1os en adelante<br \/>Escolaridad: 6\u00ba primaria aprobado<br \/>Admisi\u00f3n: Q15.00 Inscripci\u00f3n: Q. 50.00. Mensualidad: Q. 75.00<\/h4>\n<p>&nbsp;<\/p>\n<p>[\/et_pb_accordion_item][et_pb_accordion_item title=&#8221;Electricista instalador para vivienda tipo popular&#8221; _builder_version=&#8221;4.27.0&#8243; body_font=&#8221;||||||||&#8221; hover_enabled=&#8221;0&#8243; global_colors_info=&#8221;{}&#8221; open=&#8221;off&#8221; sticky_enabled=&#8221;0&#8243;]<\/p>\n<h4 style=\"text-align: justify;\">Aprende a preparar y ensamblar piezas met\u00e1licas con herramientas de mec\u00e1nica de banco, as\u00ed como identificar y resolver problemas relacionados con la organizaci\u00f3n de los servicios y buenas pr\u00e1cticas en salud ocupacional, seguridad industrial y protecci\u00f3n ambiental, as\u00ed mismo, instalar circuitos el\u00e9ctricos de iluminaci\u00f3n y fuerza como acometidas el\u00e9ctricas monof\u00e1sicas para vivienda y aplicar procesos y t\u00e9cnicas para generar ideas y desarrollar un plan de negocio, as\u00ed como las buenas pr\u00e1cticas en el autoempleo de acuerdo con procedimientos, buenas pr\u00e1cticas y conductas positivas en el trabajo.<\/h4>\n<h4 style=\"text-align: justify;\">D\u00edas: Domingo <br \/>Horario: 8:00 a 16:00 horas<br \/>Duraci\u00f3n: 1 a\u00f1o<br \/>Edad: 16 a\u00f1os en adelante<br \/>Escolaridad: 6\u00ba primaria aprobado<br \/>Admisi\u00f3n: Q15.00. Inscripci\u00f3n: Q. 50.00. Mensualidad: Q. 75.00<\/h4>\n<p>[\/et_pb_accordion_item][et_pb_accordion_item title=&#8221;Reparador de aparatos electrodom\u00e9sticos, y receptores de radio y televisi\u00f3n&#8221; _builder_version=&#8221;4.27.0&#8243; body_font=&#8221;||||||||&#8221; hover_enabled=&#8221;0&#8243; global_colors_info=&#8221;{}&#8221; open=&#8221;off&#8221; sticky_enabled=&#8221;0&#8243;]<\/p>\n<h4 style=\"text-align: justify;\">Aprende a reparar aparatos electrodom\u00e9sticos y receptores de se\u00f1al de radio y televisi\u00f3n.<\/h4>\n<h4 style=\"text-align: justify;\">D\u00edas: s\u00e1bados y domingos <br \/>Horario: 8:00 a 16:30 horas<br \/>Duraci\u00f3n: 1 a\u00f1o<br \/>Edad: 16 a\u00f1os en adelante<br \/>Escolaridad: 6\u00ba primaria aprobado<br \/>Admisi\u00f3n: Q15.00. Inscripci\u00f3n: Q. 50.00. Mensualidad: Q. 75.00<\/h4>\n<p>[\/et_pb_accordion_item][\/et_pb_accordion][\/et_pb_column][\/et_pb_row][\/et_pb_section][et_pb_section fb_built=&#8221;1&#8243; _builder_version=&#8221;4.16&#8243; custom_padding=&#8221;21px||2px|||&#8221; global_colors_info=&#8221;{}&#8221;][et_pb_row _builder_version=&#8221;4.16&#8243; global_colors_info=&#8221;{}&#8221;][et_pb_column type=&#8221;4_4&#8243; _builder_version=&#8221;4.16&#8243; global_colors_info=&#8221;{}&#8221;][et_pb_text _builder_version=&#8221;4.27.0&#8243; hover_enabled=&#8221;0&#8243; global_colors_info=&#8221;{}&#8221; sticky_enabled=&#8221;0&#8243;]<\/p>\n<h2>REQUISITOS GENERALES:<\/h2>\n<h5>DOCUMENTOS A PRESENTAR EL DIA DE LA INSCRIPCI\u00d3N<\/h5>\n<ol>\n<li>\n<h5>Certificado de estudios del \u00faltimo grado aprobado ( original y copia )<\/h5>\n<\/li>\n<li>\n<h5>Certificado de Nacimiento o DPI (original y copia)<\/h5>\n<\/li>\n<li>\n<h5>Tarjeta de Salud Vigente (para las carreras requeridas)(los documentos orignales solo sirven para confrontar e inmediatamente se devuelven a los (las) aspirantes)<\/h5>\n<\/li>\n<\/ol>\n<p>[\/et_pb_text][\/et_pb_column][\/et_pb_row][\/et_pb_section]<\/p>\n","protected":false},"excerpt":{"rendered":"<p>Electricista Instalador Industrial Aprende a instalar y&#8230;<\/p>\n","protected":false},"author":1,"featured_media":0,"parent":0,"menu_order":0,"comment_status":"closed","ping_status":"closed","template":"","meta":{"_et_pb_use_builder":"on","_et_pb_old_content":"","_et_gb_content_width":"","_monsterinsights_skip_tracking":false,"_monsterinsights_sitenote_active":false,"_monsterinsights_sitenote_note":"","_monsterinsights_sitenote_category":0,"footnotes":""},"class_list":["post-1315","page","type-page","status-publish","hentry"],"_links":{"self":[{"href":"https:\/\/www.intecap.edu.gt\/centros\/centroquiche\/wp-json\/wp\/v2\/pages\/1315","targetHints":{"allow":["GET"]}}],"collection":[{"href":"https:\/\/www.intecap.edu.gt\/centros\/centroquiche\/wp-json\/wp\/v2\/pages"}],"about":[{"href":"https:\/\/www.intecap.edu.gt\/centros\/centroquiche\/wp-json\/wp\/v2\/types\/page"}],"author":[{"embeddable":true,"href":"https:\/\/www.intecap.edu.gt\/centros\/centroquiche\/wp-json\/wp\/v2\/users\/1"}],"replies":[{"embeddable":true,"href":"https:\/\/www.intecap.edu.gt\/centros\/centroquiche\/wp-json\/wp\/v2\/comments?post=1315"}],"version-history":[{"count":8,"href":"https:\/\/www.intecap.edu.gt\/centros\/centroquiche\/wp-json\/wp\/v2\/pages\/1315\/revisions"}],"predecessor-version":[{"id":1846,"href":"https:\/\/www.intecap.edu.gt\/centros\/centroquiche\/wp-json\/wp\/v2\/pages\/1315\/revisions\/1846"}],"wp:attachment":[{"href":"https:\/\/www.intecap.edu.gt\/centros\/centroquiche\/wp-json\/wp\/v2\/media?parent=1315"}],"curies":[{"name":"wp","href":"https:\/\/api.w.org\/{rel}","templated":true}]}}