{"id":1370,"date":"2020-09-08T21:39:28","date_gmt":"2020-09-08T21:39:28","guid":{"rendered":"https:\/\/www.intecap.edu.gt\/centros\/centrosanmarcos\/?page_id=1370"},"modified":"2025-07-28T17:08:20","modified_gmt":"2025-07-28T17:08:20","slug":"informatica-cisco","status":"publish","type":"page","link":"https:\/\/www.intecap.edu.gt\/centros\/centroquetzaltenango\/informatica-cisco\/","title":{"rendered":"Especialidad Academia CISCO"},"content":{"rendered":"<p>[et_pb_section fb_built=&#8221;1&#8243; _builder_version=&#8221;4.16&#8243; custom_padding=&#8221;11px||15px|||&#8221; global_colors_info=&#8221;{}&#8221;][et_pb_row _builder_version=&#8221;4.16&#8243; global_colors_info=&#8221;{}&#8221;][et_pb_column type=&#8221;4_4&#8243; _builder_version=&#8221;4.16&#8243; global_colors_info=&#8221;{}&#8221;][et_pb_post_title meta=&#8221;off&#8221; featured_image=&#8221;off&#8221; _builder_version=&#8221;4.16&#8243; title_font=&#8221;|800||on|||||&#8221; title_font_size=&#8221;35px&#8221; text_orientation=&#8221;center&#8221; global_colors_info=&#8221;{}&#8221;]<br \/>\n[\/et_pb_post_title][\/et_pb_column][\/et_pb_row][et_pb_row _builder_version=&#8221;4.16&#8243; global_colors_info=&#8221;{}&#8221;][et_pb_column type=&#8221;4_4&#8243; _builder_version=&#8221;4.16&#8243; global_colors_info=&#8221;{}&#8221;][et_pb_accordion open_toggle_text_color=&#8221;#000000&#8243; open_toggle_background_color=&#8221;rgba(0,0,0,0)&#8221; closed_toggle_background_color=&#8221;#242424&#8243; icon_color=&#8221;#ffffff&#8221; use_icon_font_size=&#8221;on&#8221; _builder_version=&#8221;4.27.4&#8243; toggle_text_color=&#8221;#ffffff&#8221; toggle_level=&#8221;h2&#8243; closed_toggle_font=&#8221;Poppins||||||||&#8221; closed_toggle_font_size=&#8221;23px&#8221; background_color=&#8221;rgba(0,0,0,0)&#8221; hover_enabled=&#8221;0&#8243; z_index_tablet=&#8221;500&#8243; toggle_text_shadow_horizontal_length_tablet=&#8221;0px&#8221; toggle_text_shadow_vertical_length_tablet=&#8221;0px&#8221; toggle_text_shadow_blur_strength_tablet=&#8221;1px&#8221; closed_toggle_text_shadow_horizontal_length_tablet=&#8221;0px&#8221; closed_toggle_text_shadow_vertical_length_tablet=&#8221;0px&#8221; closed_toggle_text_shadow_blur_strength_tablet=&#8221;1px&#8221; body_text_shadow_horizontal_length_tablet=&#8221;0px&#8221; body_text_shadow_vertical_length_tablet=&#8221;0px&#8221; body_text_shadow_blur_strength_tablet=&#8221;1px&#8221; body_link_text_shadow_horizontal_length_tablet=&#8221;0px&#8221; body_link_text_shadow_vertical_length_tablet=&#8221;0px&#8221; body_link_text_shadow_blur_strength_tablet=&#8221;1px&#8221; body_ul_text_shadow_horizontal_length_tablet=&#8221;0px&#8221; body_ul_text_shadow_vertical_length_tablet=&#8221;0px&#8221; body_ul_text_shadow_blur_strength_tablet=&#8221;1px&#8221; body_ol_text_shadow_horizontal_length_tablet=&#8221;0px&#8221; body_ol_text_shadow_vertical_length_tablet=&#8221;0px&#8221; body_ol_text_shadow_blur_strength_tablet=&#8221;1px&#8221; body_quote_text_shadow_horizontal_length_tablet=&#8221;0px&#8221; body_quote_text_shadow_vertical_length_tablet=&#8221;0px&#8221; body_quote_text_shadow_blur_strength_tablet=&#8221;1px&#8221; border_radii=&#8221;on|15px|15px|15px|15px&#8221; text_shadow_horizontal_length_tablet=&#8221;0px&#8221; text_shadow_vertical_length_tablet=&#8221;0px&#8221; text_shadow_blur_strength_tablet=&#8221;1px&#8221; global_colors_info=&#8221;{}&#8221; sticky_enabled=&#8221;0&#8243;][et_pb_accordion_item open=&#8221;on&#8221; title_tablet=&#8221;Confeccionista de prendas de vestir &#8221; title_phone=&#8221;Confeccionista de prendas de vestir &#8221; _builder_version=&#8221;4.16&#8243; background_color_gradient_direction_tablet=&#8221;180deg&#8221; background_color_gradient_direction_phone=&#8221;180deg&#8221; background_color_gradient_stops_tablet=&#8221;#2b87da 0%|#29c4a9 100%&#8221; background_color_gradient_stops_phone=&#8221;#2b87da 0%|#29c4a9 100%&#8221; background_color_gradient_start_position_tablet=&#8221;0%&#8221; background_color_gradient_start_position_phone=&#8221;0%&#8221; background_color_gradient_end_position_tablet=&#8221;100%&#8221; background_color_gradient_end_position_phone=&#8221;100%&#8221; hover_transition_duration_tablet=&#8221;300ms&#8221; hover_transition_duration_phone=&#8221;300ms&#8221; hover_transition_delay_tablet=&#8221;0ms&#8221; hover_transition_delay_phone=&#8221;0ms&#8221; custom_css_main_element=&#8221;display:none&#8221; body_text_shadow_horizontal_length_tablet=&#8221;0px&#8221; body_text_shadow_horizontal_length_phone=&#8221;0px&#8221; body_text_shadow_vertical_length_tablet=&#8221;0px&#8221; body_text_shadow_vertical_length_phone=&#8221;0px&#8221; body_text_shadow_blur_strength_tablet=&#8221;1px&#8221; body_text_shadow_blur_strength_phone=&#8221;1px&#8221; body_link_text_shadow_horizontal_length_tablet=&#8221;0px&#8221; body_link_text_shadow_horizontal_length_phone=&#8221;0px&#8221; body_link_text_shadow_vertical_length_tablet=&#8221;0px&#8221; body_link_text_shadow_vertical_length_phone=&#8221;0px&#8221; body_link_text_shadow_blur_strength_tablet=&#8221;1px&#8221; body_link_text_shadow_blur_strength_phone=&#8221;1px&#8221; body_ul_text_shadow_horizontal_length_tablet=&#8221;0px&#8221; body_ul_text_shadow_horizontal_length_phone=&#8221;0px&#8221; body_ul_text_shadow_vertical_length_tablet=&#8221;0px&#8221; body_ul_text_shadow_vertical_length_phone=&#8221;0px&#8221; body_ul_text_shadow_blur_strength_tablet=&#8221;1px&#8221; body_ul_text_shadow_blur_strength_phone=&#8221;1px&#8221; body_ol_text_shadow_horizontal_length_tablet=&#8221;0px&#8221; body_ol_text_shadow_horizontal_length_phone=&#8221;0px&#8221; body_ol_text_shadow_vertical_length_tablet=&#8221;0px&#8221; body_ol_text_shadow_vertical_length_phone=&#8221;0px&#8221; body_ol_text_shadow_blur_strength_tablet=&#8221;1px&#8221; body_ol_text_shadow_blur_strength_phone=&#8221;1px&#8221; body_quote_text_shadow_horizontal_length_tablet=&#8221;0px&#8221; body_quote_text_shadow_horizontal_length_phone=&#8221;0px&#8221; body_quote_text_shadow_vertical_length_tablet=&#8221;0px&#8221; body_quote_text_shadow_vertical_length_phone=&#8221;0px&#8221; body_quote_text_shadow_blur_strength_tablet=&#8221;1px&#8221; body_quote_text_shadow_blur_strength_phone=&#8221;1px&#8221; box_shadow_horizontal_tablet=&#8221;0px&#8221; box_shadow_horizontal_phone=&#8221;0px&#8221; box_shadow_vertical_tablet=&#8221;0px&#8221; box_shadow_vertical_phone=&#8221;0px&#8221; box_shadow_blur_tablet=&#8221;40px&#8221; box_shadow_blur_phone=&#8221;40px&#8221; box_shadow_spread_tablet=&#8221;0px&#8221; box_shadow_spread_phone=&#8221;0px&#8221; text_shadow_horizontal_length_tablet=&#8221;0px&#8221; text_shadow_horizontal_length_phone=&#8221;0px&#8221; text_shadow_vertical_length_tablet=&#8221;0px&#8221; text_shadow_vertical_length_phone=&#8221;0px&#8221; text_shadow_blur_strength_tablet=&#8221;1px&#8221; text_shadow_blur_strength_phone=&#8221;1px&#8221; global_colors_info=&#8221;{}&#8221; toggle_text_shadow_horizontal_length_tablet=&#8221;0px&#8221; toggle_text_shadow_horizontal_length_phone=&#8221;0px&#8221; toggle_text_shadow_vertical_length_tablet=&#8221;0px&#8221; toggle_text_shadow_vertical_length_phone=&#8221;0px&#8221; toggle_text_shadow_blur_strength_tablet=&#8221;1px&#8221; toggle_text_shadow_blur_strength_phone=&#8221;1px&#8221; closed_toggle_text_shadow_horizontal_length_tablet=&#8221;0px&#8221; closed_toggle_text_shadow_horizontal_length_phone=&#8221;0px&#8221; closed_toggle_text_shadow_vertical_length_tablet=&#8221;0px&#8221; closed_toggle_text_shadow_vertical_length_phone=&#8221;0px&#8221; closed_toggle_text_shadow_blur_strength_tablet=&#8221;1px&#8221; closed_toggle_text_shadow_blur_strength_phone=&#8221;1px&#8221;][\/et_pb_accordion_item][et_pb_accordion_item title=&#8221;Dise\u00f1o e implementaci\u00f3n de redes l\u00f3gicas con equipos activos&#8221; title_tablet=&#8221;Confeccionista de prendas de vestir &#8221; title_phone=&#8221;Confeccionista de prendas de vestir &#8221; _builder_version=&#8221;4.27.4&#8243; hover_enabled=&#8221;0&#8243; background_color_gradient_direction_tablet=&#8221;180deg&#8221; background_color_gradient_direction_phone=&#8221;180deg&#8221; background_color_gradient_stops_tablet=&#8221;#2b87da 0%|#29c4a9 100%&#8221; background_color_gradient_stops_phone=&#8221;#2b87da 0%|#29c4a9 100%&#8221; background_color_gradient_start_position_tablet=&#8221;0%&#8221; background_color_gradient_start_position_phone=&#8221;0%&#8221; background_color_gradient_end_position_tablet=&#8221;100%&#8221; background_color_gradient_end_position_phone=&#8221;100%&#8221; hover_transition_duration_tablet=&#8221;300ms&#8221; hover_transition_duration_phone=&#8221;300ms&#8221; hover_transition_delay_tablet=&#8221;0ms&#8221; hover_transition_delay_phone=&#8221;0ms&#8221; body_text_shadow_horizontal_length_tablet=&#8221;0px&#8221; body_text_shadow_horizontal_length_phone=&#8221;0px&#8221; body_text_shadow_vertical_length_tablet=&#8221;0px&#8221; body_text_shadow_vertical_length_phone=&#8221;0px&#8221; body_text_shadow_blur_strength_tablet=&#8221;1px&#8221; body_text_shadow_blur_strength_phone=&#8221;1px&#8221; body_link_text_shadow_horizontal_length_tablet=&#8221;0px&#8221; body_link_text_shadow_horizontal_length_phone=&#8221;0px&#8221; body_link_text_shadow_vertical_length_tablet=&#8221;0px&#8221; body_link_text_shadow_vertical_length_phone=&#8221;0px&#8221; body_link_text_shadow_blur_strength_tablet=&#8221;1px&#8221; body_link_text_shadow_blur_strength_phone=&#8221;1px&#8221; body_ul_text_shadow_horizontal_length_tablet=&#8221;0px&#8221; body_ul_text_shadow_horizontal_length_phone=&#8221;0px&#8221; body_ul_text_shadow_vertical_length_tablet=&#8221;0px&#8221; body_ul_text_shadow_vertical_length_phone=&#8221;0px&#8221; body_ul_text_shadow_blur_strength_tablet=&#8221;1px&#8221; body_ul_text_shadow_blur_strength_phone=&#8221;1px&#8221; body_ol_text_shadow_horizontal_length_tablet=&#8221;0px&#8221; body_ol_text_shadow_horizontal_length_phone=&#8221;0px&#8221; body_ol_text_shadow_vertical_length_tablet=&#8221;0px&#8221; body_ol_text_shadow_vertical_length_phone=&#8221;0px&#8221; body_ol_text_shadow_blur_strength_tablet=&#8221;1px&#8221; body_ol_text_shadow_blur_strength_phone=&#8221;1px&#8221; body_quote_text_shadow_horizontal_length_tablet=&#8221;0px&#8221; body_quote_text_shadow_horizontal_length_phone=&#8221;0px&#8221; body_quote_text_shadow_vertical_length_tablet=&#8221;0px&#8221; body_quote_text_shadow_vertical_length_phone=&#8221;0px&#8221; body_quote_text_shadow_blur_strength_tablet=&#8221;1px&#8221; body_quote_text_shadow_blur_strength_phone=&#8221;1px&#8221; box_shadow_horizontal_tablet=&#8221;0px&#8221; box_shadow_horizontal_phone=&#8221;0px&#8221; box_shadow_vertical_tablet=&#8221;0px&#8221; box_shadow_vertical_phone=&#8221;0px&#8221; box_shadow_blur_tablet=&#8221;40px&#8221; box_shadow_blur_phone=&#8221;40px&#8221; box_shadow_spread_tablet=&#8221;0px&#8221; box_shadow_spread_phone=&#8221;0px&#8221; text_shadow_horizontal_length_tablet=&#8221;0px&#8221; text_shadow_horizontal_length_phone=&#8221;0px&#8221; text_shadow_vertical_length_tablet=&#8221;0px&#8221; text_shadow_vertical_length_phone=&#8221;0px&#8221; text_shadow_blur_strength_tablet=&#8221;1px&#8221; text_shadow_blur_strength_phone=&#8221;1px&#8221; global_colors_info=&#8221;{}&#8221; toggle_text_shadow_horizontal_length_tablet=&#8221;0px&#8221; toggle_text_shadow_horizontal_length_phone=&#8221;0px&#8221; toggle_text_shadow_vertical_length_tablet=&#8221;0px&#8221; toggle_text_shadow_vertical_length_phone=&#8221;0px&#8221; toggle_text_shadow_blur_strength_tablet=&#8221;1px&#8221; toggle_text_shadow_blur_strength_phone=&#8221;1px&#8221; closed_toggle_text_shadow_horizontal_length_tablet=&#8221;0px&#8221; closed_toggle_text_shadow_horizontal_length_phone=&#8221;0px&#8221; closed_toggle_text_shadow_vertical_length_tablet=&#8221;0px&#8221; closed_toggle_text_shadow_vertical_length_phone=&#8221;0px&#8221; closed_toggle_text_shadow_blur_strength_tablet=&#8221;1px&#8221; closed_toggle_text_shadow_blur_strength_phone=&#8221;1px&#8221; open=&#8221;off&#8221; sticky_enabled=&#8221;0&#8243;]<\/p>\n<h4 style=\"text-align: justify;\">D\u00eda: martes. <br \/>Horario: 8:00 a 16:00 horas. <br \/>Duraci\u00f3n: 10 meses de formaci\u00f3n.<\/h4>\n<h4 style=\"text-align: justify;\">Requisitos: 3ro. b\u00e1sico aprobado, 18 a\u00f1os en adelante, DPI, conocimientos en Windows y Office b\u00e1sico, asistir a la charla de informaci\u00f3n vocacional y presentar recibo de proceso de admisi\u00f3n.<\/h4>\n<h4 style=\"text-align: justify;\">Inscripci\u00f3n: Q50.00<br \/>Mensualidad: Q75.00<\/h4>\n<p>[\/et_pb_accordion_item][et_pb_accordion_item title=&#8221;Instalaci\u00f3n y mantenimiento de sistemas de videovigilancia&#8221; title_tablet=&#8221;Confeccionista de prendas de vestir &#8221; title_phone=&#8221;Confeccionista de prendas de vestir &#8221; _builder_version=&#8221;4.27.4&#8243; hover_enabled=&#8221;0&#8243; background_color_gradient_direction_tablet=&#8221;180deg&#8221; background_color_gradient_direction_phone=&#8221;180deg&#8221; background_color_gradient_stops_tablet=&#8221;#2b87da 0%|#29c4a9 100%&#8221; background_color_gradient_stops_phone=&#8221;#2b87da 0%|#29c4a9 100%&#8221; background_color_gradient_start_position_tablet=&#8221;0%&#8221; background_color_gradient_start_position_phone=&#8221;0%&#8221; background_color_gradient_end_position_tablet=&#8221;100%&#8221; background_color_gradient_end_position_phone=&#8221;100%&#8221; hover_transition_duration_tablet=&#8221;300ms&#8221; hover_transition_duration_phone=&#8221;300ms&#8221; hover_transition_delay_tablet=&#8221;0ms&#8221; hover_transition_delay_phone=&#8221;0ms&#8221; body_text_shadow_horizontal_length_tablet=&#8221;0px&#8221; body_text_shadow_horizontal_length_phone=&#8221;0px&#8221; body_text_shadow_vertical_length_tablet=&#8221;0px&#8221; body_text_shadow_vertical_length_phone=&#8221;0px&#8221; body_text_shadow_blur_strength_tablet=&#8221;1px&#8221; body_text_shadow_blur_strength_phone=&#8221;1px&#8221; body_link_text_shadow_horizontal_length_tablet=&#8221;0px&#8221; body_link_text_shadow_horizontal_length_phone=&#8221;0px&#8221; body_link_text_shadow_vertical_length_tablet=&#8221;0px&#8221; body_link_text_shadow_vertical_length_phone=&#8221;0px&#8221; body_link_text_shadow_blur_strength_tablet=&#8221;1px&#8221; body_link_text_shadow_blur_strength_phone=&#8221;1px&#8221; body_ul_text_shadow_horizontal_length_tablet=&#8221;0px&#8221; body_ul_text_shadow_horizontal_length_phone=&#8221;0px&#8221; body_ul_text_shadow_vertical_length_tablet=&#8221;0px&#8221; body_ul_text_shadow_vertical_length_phone=&#8221;0px&#8221; body_ul_text_shadow_blur_strength_tablet=&#8221;1px&#8221; body_ul_text_shadow_blur_strength_phone=&#8221;1px&#8221; body_ol_text_shadow_horizontal_length_tablet=&#8221;0px&#8221; body_ol_text_shadow_horizontal_length_phone=&#8221;0px&#8221; body_ol_text_shadow_vertical_length_tablet=&#8221;0px&#8221; body_ol_text_shadow_vertical_length_phone=&#8221;0px&#8221; body_ol_text_shadow_blur_strength_tablet=&#8221;1px&#8221; body_ol_text_shadow_blur_strength_phone=&#8221;1px&#8221; body_quote_text_shadow_horizontal_length_tablet=&#8221;0px&#8221; body_quote_text_shadow_horizontal_length_phone=&#8221;0px&#8221; body_quote_text_shadow_vertical_length_tablet=&#8221;0px&#8221; body_quote_text_shadow_vertical_length_phone=&#8221;0px&#8221; body_quote_text_shadow_blur_strength_tablet=&#8221;1px&#8221; body_quote_text_shadow_blur_strength_phone=&#8221;1px&#8221; box_shadow_horizontal_tablet=&#8221;0px&#8221; box_shadow_horizontal_phone=&#8221;0px&#8221; box_shadow_vertical_tablet=&#8221;0px&#8221; box_shadow_vertical_phone=&#8221;0px&#8221; box_shadow_blur_tablet=&#8221;40px&#8221; box_shadow_blur_phone=&#8221;40px&#8221; box_shadow_spread_tablet=&#8221;0px&#8221; box_shadow_spread_phone=&#8221;0px&#8221; text_shadow_horizontal_length_tablet=&#8221;0px&#8221; text_shadow_horizontal_length_phone=&#8221;0px&#8221; text_shadow_vertical_length_tablet=&#8221;0px&#8221; text_shadow_vertical_length_phone=&#8221;0px&#8221; text_shadow_blur_strength_tablet=&#8221;1px&#8221; text_shadow_blur_strength_phone=&#8221;1px&#8221; global_colors_info=&#8221;{}&#8221; toggle_text_shadow_horizontal_length_tablet=&#8221;0px&#8221; toggle_text_shadow_horizontal_length_phone=&#8221;0px&#8221; toggle_text_shadow_vertical_length_tablet=&#8221;0px&#8221; toggle_text_shadow_vertical_length_phone=&#8221;0px&#8221; toggle_text_shadow_blur_strength_tablet=&#8221;1px&#8221; toggle_text_shadow_blur_strength_phone=&#8221;1px&#8221; closed_toggle_text_shadow_horizontal_length_tablet=&#8221;0px&#8221; closed_toggle_text_shadow_horizontal_length_phone=&#8221;0px&#8221; closed_toggle_text_shadow_vertical_length_tablet=&#8221;0px&#8221; closed_toggle_text_shadow_vertical_length_phone=&#8221;0px&#8221; closed_toggle_text_shadow_blur_strength_tablet=&#8221;1px&#8221; closed_toggle_text_shadow_blur_strength_phone=&#8221;1px&#8221; open=&#8221;off&#8221; sticky_enabled=&#8221;0&#8243;]<\/p>\n<h4 style=\"text-align: justify;\">D\u00eda: jueves. <br \/>Horario: 8:00 a 16:00 horas. <br \/>Duraci\u00f3n: 10 meses de formaci\u00f3n.<\/h4>\n<h4 style=\"text-align: justify;\">Requisitos: 3ro. b\u00e1sico aprobado, 18 a\u00f1os en adelante, DPI, conocimientos en Windows y Office b\u00e1sico, asistir a la charla de informaci\u00f3n vocacional y presentar recibo de proceso de admisi\u00f3n.<\/h4>\n<h4 style=\"text-align: justify;\">Inscripci\u00f3n: Q50.00<br \/>Mensualidad: Q75.00<\/h4>\n<p>[\/et_pb_accordion_item][\/et_pb_accordion][\/et_pb_column][\/et_pb_row][\/et_pb_section][et_pb_section fb_built=&#8221;1&#8243; _builder_version=&#8221;4.16&#8243; custom_padding=&#8221;21px||2px|||&#8221; global_colors_info=&#8221;{}&#8221;][et_pb_row _builder_version=&#8221;4.16&#8243; global_colors_info=&#8221;{}&#8221;][et_pb_column type=&#8221;4_4&#8243; _builder_version=&#8221;4.16&#8243; global_colors_info=&#8221;{}&#8221;][et_pb_text _builder_version=&#8221;4.16&#8243; vertical_offset_tablet=&#8221;0&#8243; horizontal_offset_tablet=&#8221;0&#8243; z_index_tablet=&#8221;0&#8243; text_text_shadow_horizontal_length_tablet=&#8221;0px&#8221; text_text_shadow_vertical_length_tablet=&#8221;0px&#8221; text_text_shadow_blur_strength_tablet=&#8221;1px&#8221; link_text_shadow_horizontal_length_tablet=&#8221;0px&#8221; link_text_shadow_vertical_length_tablet=&#8221;0px&#8221; link_text_shadow_blur_strength_tablet=&#8221;1px&#8221; ul_text_shadow_horizontal_length_tablet=&#8221;0px&#8221; ul_text_shadow_vertical_length_tablet=&#8221;0px&#8221; ul_text_shadow_blur_strength_tablet=&#8221;1px&#8221; ol_text_shadow_horizontal_length_tablet=&#8221;0px&#8221; ol_text_shadow_vertical_length_tablet=&#8221;0px&#8221; ol_text_shadow_blur_strength_tablet=&#8221;1px&#8221; quote_text_shadow_horizontal_length_tablet=&#8221;0px&#8221; quote_text_shadow_vertical_length_tablet=&#8221;0px&#8221; quote_text_shadow_blur_strength_tablet=&#8221;1px&#8221; header_text_shadow_horizontal_length_tablet=&#8221;0px&#8221; header_text_shadow_vertical_length_tablet=&#8221;0px&#8221; header_text_shadow_blur_strength_tablet=&#8221;1px&#8221; header_2_text_shadow_horizontal_length_tablet=&#8221;0px&#8221; header_2_text_shadow_vertical_length_tablet=&#8221;0px&#8221; header_2_text_shadow_blur_strength_tablet=&#8221;1px&#8221; header_3_text_shadow_horizontal_length_tablet=&#8221;0px&#8221; header_3_text_shadow_vertical_length_tablet=&#8221;0px&#8221; header_3_text_shadow_blur_strength_tablet=&#8221;1px&#8221; header_4_text_shadow_horizontal_length_tablet=&#8221;0px&#8221; header_4_text_shadow_vertical_length_tablet=&#8221;0px&#8221; header_4_text_shadow_blur_strength_tablet=&#8221;1px&#8221; header_5_text_shadow_horizontal_length_tablet=&#8221;0px&#8221; header_5_text_shadow_vertical_length_tablet=&#8221;0px&#8221; header_5_text_shadow_blur_strength_tablet=&#8221;1px&#8221; header_6_text_shadow_horizontal_length_tablet=&#8221;0px&#8221; header_6_text_shadow_vertical_length_tablet=&#8221;0px&#8221; header_6_text_shadow_blur_strength_tablet=&#8221;1px&#8221; box_shadow_horizontal_tablet=&#8221;0px&#8221; box_shadow_vertical_tablet=&#8221;0px&#8221; box_shadow_blur_tablet=&#8221;40px&#8221; box_shadow_spread_tablet=&#8221;0px&#8221; global_colors_info=&#8221;{}&#8221;]<\/p>\n<h2>REQUISITOS GENERALES:<\/h2>\n<h4>DOCUMENTOS A PRESENTAR EL DIA DE LA INSCRIPCI\u00d3N<\/h4>\n<ol>\n<li>\n<h4>Certificado de estudios del \u00faltimo grado aprobado ( original y copia )<\/h4>\n<\/li>\n<li>\n<h4>Certificado de Nacimiento o DPI (original y copia)<\/h4>\n<\/li>\n<\/ol>\n<p>[\/et_pb_text][et_pb_text _builder_version=&#8221;4.17.6&#8243; global_colors_info=&#8221;{}&#8221;]<\/p>\n<h2>INFORMACI\u00d3N IMPORTANTE:<\/h2>\n<h4>\u2022 Preinscripci\u00f3n abierta del 01 de agosto en adelante.<br \/>\u2022 Charla de informaci\u00f3n vocacional y examen de admisi\u00f3n, en el mes de octubre y noviembre.<br \/>\u2022 Consultar fechas establecidas<br \/>\u2022 Para las \u00e1reas de alimentos y esteticismo, es indispensable contar con la tarjeta de salud vigente, al momento de realizar la evaluaci\u00f3n de admisi\u00f3n.<\/h4>\n<h4>PBX 7873-4000 ext. 30351 o 30353<\/h4>\n<p>[\/et_pb_text][\/et_pb_column][\/et_pb_row][\/et_pb_section]<\/p>\n","protected":false},"excerpt":{"rendered":"<p>Dise\u00f1o e implementaci\u00f3n de redes l\u00f3gicas con equipos&#8230;<\/p>\n","protected":false},"author":1,"featured_media":0,"parent":0,"menu_order":0,"comment_status":"closed","ping_status":"closed","template":"","meta":{"_et_pb_use_builder":"on","_et_pb_old_content":"","_et_gb_content_width":"","_monsterinsights_skip_tracking":false,"_monsterinsights_sitenote_active":false,"_monsterinsights_sitenote_note":"","_monsterinsights_sitenote_category":0,"footnotes":""},"class_list":["post-1370","page","type-page","status-publish","hentry"],"_links":{"self":[{"href":"https:\/\/www.intecap.edu.gt\/centros\/centroquetzaltenango\/wp-json\/wp\/v2\/pages\/1370","targetHints":{"allow":["GET"]}}],"collection":[{"href":"https:\/\/www.intecap.edu.gt\/centros\/centroquetzaltenango\/wp-json\/wp\/v2\/pages"}],"about":[{"href":"https:\/\/www.intecap.edu.gt\/centros\/centroquetzaltenango\/wp-json\/wp\/v2\/types\/page"}],"author":[{"embeddable":true,"href":"https:\/\/www.intecap.edu.gt\/centros\/centroquetzaltenango\/wp-json\/wp\/v2\/users\/1"}],"replies":[{"embeddable":true,"href":"https:\/\/www.intecap.edu.gt\/centros\/centroquetzaltenango\/wp-json\/wp\/v2\/comments?post=1370"}],"version-history":[{"count":22,"href":"https:\/\/www.intecap.edu.gt\/centros\/centroquetzaltenango\/wp-json\/wp\/v2\/pages\/1370\/revisions"}],"predecessor-version":[{"id":2052,"href":"https:\/\/www.intecap.edu.gt\/centros\/centroquetzaltenango\/wp-json\/wp\/v2\/pages\/1370\/revisions\/2052"}],"wp:attachment":[{"href":"https:\/\/www.intecap.edu.gt\/centros\/centroquetzaltenango\/wp-json\/wp\/v2\/media?parent=1370"}],"curies":[{"name":"wp","href":"https:\/\/api.w.org\/{rel}","templated":true}]}}