{"id":1324,"date":"2020-09-04T20:31:00","date_gmt":"2020-09-04T20:31:00","guid":{"rendered":"https:\/\/www.intecap.edu.gt\/centros\/centrobajaverapaz\/?page_id=1315"},"modified":"2025-07-28T21:16:07","modified_gmt":"2025-07-28T21:16:07","slug":"electricidad-industrial","status":"publish","type":"page","link":"https:\/\/www.intecap.edu.gt\/centros\/centroquetzaltenango\/electricidad-industrial\/","title":{"rendered":"Especialidad Electricidad Industrial"},"content":{"rendered":"<p>[et_pb_section fb_built=&#8221;1&#8243; _builder_version=&#8221;4.16&#8243; custom_padding=&#8221;17px||46px|||&#8221; global_colors_info=&#8221;{}&#8221;][et_pb_row _builder_version=&#8221;4.16&#8243; global_colors_info=&#8221;{}&#8221;][et_pb_column type=&#8221;4_4&#8243; _builder_version=&#8221;4.16&#8243; global_colors_info=&#8221;{}&#8221;][et_pb_post_title meta=&#8221;off&#8221; featured_image=&#8221;off&#8221; _builder_version=&#8221;4.16&#8243; title_font=&#8221;|800||on|||||&#8221; title_font_size=&#8221;35px&#8221; text_orientation=&#8221;center&#8221; global_colors_info=&#8221;{}&#8221;]<br \/>\n[\/et_pb_post_title][\/et_pb_column][\/et_pb_row][et_pb_row _builder_version=&#8221;4.16&#8243; global_colors_info=&#8221;{}&#8221;][et_pb_column type=&#8221;4_4&#8243; _builder_version=&#8221;4.16&#8243; global_colors_info=&#8221;{}&#8221;][et_pb_accordion open_toggle_text_color=&#8221;#000000&#8243; open_toggle_background_color=&#8221;rgba(0,0,0,0)&#8221; closed_toggle_background_color=&#8221;#242424&#8243; icon_color=&#8221;#FFFFFF&#8221; use_icon_font_size=&#8221;on&#8221; _builder_version=&#8221;4.27.4&#8243; toggle_text_color=&#8221;#FFFFFF&#8221; toggle_level=&#8221;h2&#8243; toggle_font_size=&#8221;26px&#8221; closed_toggle_font=&#8221;Poppins||||||||&#8221; closed_toggle_font_size=&#8221;25px&#8221; closed_toggle_line_height=&#8221;1em&#8221; background_color=&#8221;rgba(0,0,0,0)&#8221; hover_enabled=&#8221;0&#8243; border_radii=&#8221;on|15px|15px|15px|15px&#8221; global_colors_info=&#8221;{}&#8221; sticky_enabled=&#8221;0&#8243;][et_pb_accordion_item open=&#8221;on&#8221; _builder_version=&#8221;4.16&#8243; custom_css_main_element=&#8221;display:none&#8221; global_colors_info=&#8221;{}&#8221;][\/et_pb_accordion_item][et_pb_accordion_item title=&#8221;T\u00e9cnico en Electricidad Industrial&#8221; _builder_version=&#8221;4.27.4&#8243; body_font=&#8221;||||||||&#8221; hover_enabled=&#8221;0&#8243; global_colors_info=&#8221;{}&#8221; open=&#8221;off&#8221; sticky_enabled=&#8221;0&#8243;]<\/p>\n<h4 style=\"text-align: justify;\">Aprende a instalar y proveer el mantenimiento de circuitos el\u00e9ctricos de baja potencia, sistemas de automatizaci\u00f3n industrial y a m\u00e1quinas el\u00e9ctricas rotativas y est\u00e1ticas, as\u00ed como, la administraci\u00f3n de talleres de electricidad industrial, con base en requerimientos; aplicando t\u00e9cnicas, procedimientos asertivos y siguiendo las buenas pr\u00e1cticas laborales de acuerdo con el perfil de egreso del participante.<\/h4>\n<h4 style=\"text-align: justify;\">D\u00edas: de lunes a viernes<br \/>Horario: 8:00 a 16:00 horas<br \/>Duraci\u00f3n: 2 a\u00f1os de formaci\u00f3n y 6 meses de pr\u00e1ctica en empresa<\/h4>\n<h4 style=\"text-align: justify;\">Requisitos: 3ro. b\u00e1sico aprobado estar comprendido entre 15 a 22 a\u00f1os de edad, certificado de nacimiento reciente DPI del encargado. asistir a la charla de informaci\u00f3n vocacional y presentar recibo de proceso de admisi\u00f3n.<\/h4>\n<h4 style=\"text-align: justify;\">Inscripci\u00f3n: Q75.00<br \/>Mensualidad: Q175.00<\/h4>\n<p>[\/et_pb_accordion_item][et_pb_accordion_item title=&#8221;Electricista Instalador Domiciliar&#8221; _builder_version=&#8221;4.27.4&#8243; body_font=&#8221;||||||||&#8221; hover_enabled=&#8221;0&#8243; global_colors_info=&#8221;{}&#8221; open=&#8221;off&#8221; sticky_enabled=&#8221;0&#8243;]<\/p>\n<h4 style=\"text-align: justify;\">Aprende a instalar y proveer mantenimiento a circuitos el\u00e9ctricos de alumbrado, fuerza y equipos de energ\u00eda renovable, con base en requerimientos; aplicando t\u00e9cnicas, procedimientos asertivos y siguiendo las buenas pr\u00e1cticas laborales de acuerdo con el perfil de egreso del participante.<\/h4>\n<h4>Grupo # 1<br \/>D\u00edas: jueves y viernes.<br \/>Horario: 13:00 a 19:00 horas.<\/h4>\n<h4>Grupo # 2<br \/>D\u00edas: s\u00e1bado y domingo.<br \/>Horario: 8:00 a 16:30 horas.<br \/>Duraci\u00f3n: 1 a\u00f1o de formaci\u00f3n y 6 meses de pr\u00e1ctica en empresa.<\/h4>\n<h4 style=\"text-align: justify;\">Requisitos: 6to. primaria aprobado, 16 a\u00f1os en adelante, certificado de nacimiento reciente o DPI, asistir a la charla de informaci\u00f3n vocacional y presentar recibo de proceso de admisi\u00f3n.<\/h4>\n<h4 style=\"text-align: justify;\">Inscripci\u00f3n: Q50.00 <br \/>Mensualidad: Q75.00 <\/h4>\n<h4><\/h4>\n<p>[\/et_pb_accordion_item][et_pb_accordion_item title=&#8221;Electricista instalador para vivienda popular &#8221; _builder_version=&#8221;4.27.4&#8243; body_font=&#8221;||||||||&#8221; hover_enabled=&#8221;0&#8243; global_colors_info=&#8221;{}&#8221; open=&#8221;off&#8221; sticky_enabled=&#8221;0&#8243;]<\/p>\n<h4 style=\"text-align: justify;\">Aprende a preparar y ensamblar piezas met\u00e1licas con herramientas de mec\u00e1nica de banco, as\u00ed como identificar y resolver problemas relacionados con la organizaci\u00f3n de los servicios y buenas pr\u00e1cticas en salud ocupacional, seguridad industrial y protecci\u00f3n ambiental, as\u00ed mismo, instalar circuitos el\u00e9ctricos de iluminaci\u00f3n y fuerza como acometidas el\u00e9ctricas monof\u00e1sicas para vivienda y aplicar procesos y t\u00e9cnicas para generar ideas y desarrollar un plan de negocio, as\u00ed como las buenas pr\u00e1cticas en el autoempleo de acuerdo con procedimientos, buenas pr\u00e1cticas y conductas positivas en el trabajo.<\/h4>\n<h4>D\u00eda: viernes.<br \/>Horario: 8:00 a 16:00 horas.<br \/>Duraci\u00f3n: 1 a\u00f1o de formaci\u00f3n.<\/h4>\n<h4 style=\"text-align: justify;\">Requisitos: 6to. primaria aprobado, 16 a\u00f1os en adelante, certificado de nacimiento reciente o DPI, asistir a la charla de informaci\u00f3n vocacional y presentar recibo de proceso de admisi\u00f3n.<\/h4>\n<h4>Inscripci\u00f3n: Q50.00<br \/>Mensualidad: Q75.00<\/h4>\n<p>[\/et_pb_accordion_item][et_pb_accordion_item title=&#8221;Instalaci\u00f3n  y Mantenimiento de circuitos el\u00e9ctricos trif\u00e1sicos&#8221; _builder_version=&#8221;4.27.4&#8243; body_font=&#8221;||||||||&#8221; hover_enabled=&#8221;0&#8243; global_colors_info=&#8221;{}&#8221; open=&#8221;off&#8221; sticky_enabled=&#8221;0&#8243;]<\/p>\n<h4>D\u00edas: s\u00e1bado y domingo.<br \/>Horario: 8:00 a 16:00 horas.<br \/>Duraci\u00f3n: 4 meses de formaci\u00f3n.<\/h4>\n<h4>Requisitos: 6to. primaria aprobado, 16 a\u00f1os en adelante, certificado de nacimiento reciente o DPI, CEO en electricidad, conocimientos en circuitos el\u00e9ctricos domiciliares, asistir a la charla de informaci\u00f3n vocacional y presentar recibo de proceso de admisi\u00f3n.<\/h4>\n<h4>Inscripci\u00f3n: Q50.00<br \/>Mensualidad: Q75.00<\/h4>\n<p>[\/et_pb_accordion_item][et_pb_accordion_item title=&#8221;Instalaci\u00f3n y mantenimiento de equipos de energ\u00eda renovable domiciliar&#8221; _builder_version=&#8221;4.27.4&#8243; body_font=&#8221;||||||||&#8221; hover_enabled=&#8221;0&#8243; global_colors_info=&#8221;{}&#8221; open=&#8221;off&#8221; sticky_enabled=&#8221;0&#8243;]<\/p>\n<h4>D\u00eda: lunes.<br \/>Horario: 8:00 a 16:30 horas.<br \/>Duraci\u00f3n: 3 meses de formaci\u00f3n. <\/h4>\n<h4>Requisitos: 6to. primaria aprobado, 16 a\u00f1os en adelante, certificado de nacimiento reciente o DPI, conocimientos en circuitos el\u00e9ctricos domiciliares, asistir a la charla de informaci\u00f3n vocacional y presentar recibo de proceso de admisi\u00f3n.<\/h4>\n<h4>Inscripci\u00f3n: Q50.00<br \/>Mensualidad: Q75.00<\/h4>\n<p>[\/et_pb_accordion_item][\/et_pb_accordion][\/et_pb_column][\/et_pb_row][\/et_pb_section][et_pb_section fb_built=&#8221;1&#8243; _builder_version=&#8221;4.16&#8243; custom_padding=&#8221;21px||2px|||&#8221; global_colors_info=&#8221;{}&#8221;][et_pb_row _builder_version=&#8221;4.16&#8243; global_colors_info=&#8221;{}&#8221;][et_pb_column type=&#8221;4_4&#8243; _builder_version=&#8221;4.16&#8243; global_colors_info=&#8221;{}&#8221;][et_pb_text _builder_version=&#8221;4.16&#8243; vertical_offset_tablet=&#8221;0&#8243; horizontal_offset_tablet=&#8221;0&#8243; z_index_tablet=&#8221;0&#8243; text_text_shadow_horizontal_length_tablet=&#8221;0px&#8221; text_text_shadow_vertical_length_tablet=&#8221;0px&#8221; text_text_shadow_blur_strength_tablet=&#8221;1px&#8221; link_text_shadow_horizontal_length_tablet=&#8221;0px&#8221; link_text_shadow_vertical_length_tablet=&#8221;0px&#8221; link_text_shadow_blur_strength_tablet=&#8221;1px&#8221; ul_text_shadow_horizontal_length_tablet=&#8221;0px&#8221; ul_text_shadow_vertical_length_tablet=&#8221;0px&#8221; ul_text_shadow_blur_strength_tablet=&#8221;1px&#8221; ol_text_shadow_horizontal_length_tablet=&#8221;0px&#8221; ol_text_shadow_vertical_length_tablet=&#8221;0px&#8221; ol_text_shadow_blur_strength_tablet=&#8221;1px&#8221; quote_text_shadow_horizontal_length_tablet=&#8221;0px&#8221; quote_text_shadow_vertical_length_tablet=&#8221;0px&#8221; quote_text_shadow_blur_strength_tablet=&#8221;1px&#8221; header_text_shadow_horizontal_length_tablet=&#8221;0px&#8221; header_text_shadow_vertical_length_tablet=&#8221;0px&#8221; header_text_shadow_blur_strength_tablet=&#8221;1px&#8221; header_2_text_shadow_horizontal_length_tablet=&#8221;0px&#8221; header_2_text_shadow_vertical_length_tablet=&#8221;0px&#8221; header_2_text_shadow_blur_strength_tablet=&#8221;1px&#8221; header_3_text_shadow_horizontal_length_tablet=&#8221;0px&#8221; header_3_text_shadow_vertical_length_tablet=&#8221;0px&#8221; header_3_text_shadow_blur_strength_tablet=&#8221;1px&#8221; header_4_text_shadow_horizontal_length_tablet=&#8221;0px&#8221; header_4_text_shadow_vertical_length_tablet=&#8221;0px&#8221; header_4_text_shadow_blur_strength_tablet=&#8221;1px&#8221; header_5_text_shadow_horizontal_length_tablet=&#8221;0px&#8221; header_5_text_shadow_vertical_length_tablet=&#8221;0px&#8221; header_5_text_shadow_blur_strength_tablet=&#8221;1px&#8221; header_6_text_shadow_horizontal_length_tablet=&#8221;0px&#8221; header_6_text_shadow_vertical_length_tablet=&#8221;0px&#8221; header_6_text_shadow_blur_strength_tablet=&#8221;1px&#8221; box_shadow_horizontal_tablet=&#8221;0px&#8221; box_shadow_vertical_tablet=&#8221;0px&#8221; box_shadow_blur_tablet=&#8221;40px&#8221; box_shadow_spread_tablet=&#8221;0px&#8221; global_colors_info=&#8221;{}&#8221;]<\/p>\n<h2>REQUISITOS GENERALES:<\/h2>\n<h4>DOCUMENTOS A PRESENTAR EL DIA DE LA INSCRIPCI\u00d3N<\/h4>\n<ol>\n<li>\n<h4>Certificado de estudios del \u00faltimo grado aprobado ( original y copia )<\/h4>\n<\/li>\n<li>\n<h4>Certificado de Nacimiento o DPI (original y copia)<\/h4>\n<\/li>\n<\/ol>\n<p>[\/et_pb_text][\/et_pb_column][\/et_pb_row][et_pb_row _builder_version=&#8221;4.16&#8243; global_colors_info=&#8221;{}&#8221;][et_pb_column type=&#8221;4_4&#8243; _builder_version=&#8221;4.16&#8243; global_colors_info=&#8221;{}&#8221;][et_pb_text _builder_version=&#8221;4.17.6&#8243; global_colors_info=&#8221;{}&#8221;]<\/p>\n<h2>INFORMACI\u00d3N IMPORTANTE:<\/h2>\n<h4>\u2022 Preinscripci\u00f3n abierta del 01 de agosto en adelante.<br \/>\u2022 Charla de informaci\u00f3n vocacional y examen de admisi\u00f3n, en el mes de octubre y noviembre.<br \/>\u2022 Consultar fechas establecidas<br \/>\u2022 Para las \u00e1reas de alimentos y esteticismo, es indispensable contar con la tarjeta de salud vigente, al momento de realizar la evaluaci\u00f3n de admisi\u00f3n.<\/h4>\n<h4>PBX 7873-4000 ext. 30351 o 30353<\/h4>\n<p>[\/et_pb_text][\/et_pb_column][\/et_pb_row][\/et_pb_section]<\/p>\n","protected":false},"excerpt":{"rendered":"<p>T\u00e9cnico en Electricidad Industrial Aprende a instalar y&#8230;<\/p>\n","protected":false},"author":1,"featured_media":0,"parent":0,"menu_order":0,"comment_status":"closed","ping_status":"closed","template":"","meta":{"_et_pb_use_builder":"on","_et_pb_old_content":"","_et_gb_content_width":"","_monsterinsights_skip_tracking":false,"_monsterinsights_sitenote_active":false,"_monsterinsights_sitenote_note":"","_monsterinsights_sitenote_category":0,"footnotes":""},"class_list":["post-1324","page","type-page","status-publish","hentry"],"_links":{"self":[{"href":"https:\/\/www.intecap.edu.gt\/centros\/centroquetzaltenango\/wp-json\/wp\/v2\/pages\/1324","targetHints":{"allow":["GET"]}}],"collection":[{"href":"https:\/\/www.intecap.edu.gt\/centros\/centroquetzaltenango\/wp-json\/wp\/v2\/pages"}],"about":[{"href":"https:\/\/www.intecap.edu.gt\/centros\/centroquetzaltenango\/wp-json\/wp\/v2\/types\/page"}],"author":[{"embeddable":true,"href":"https:\/\/www.intecap.edu.gt\/centros\/centroquetzaltenango\/wp-json\/wp\/v2\/users\/1"}],"replies":[{"embeddable":true,"href":"https:\/\/www.intecap.edu.gt\/centros\/centroquetzaltenango\/wp-json\/wp\/v2\/comments?post=1324"}],"version-history":[{"count":28,"href":"https:\/\/www.intecap.edu.gt\/centros\/centroquetzaltenango\/wp-json\/wp\/v2\/pages\/1324\/revisions"}],"predecessor-version":[{"id":2067,"href":"https:\/\/www.intecap.edu.gt\/centros\/centroquetzaltenango\/wp-json\/wp\/v2\/pages\/1324\/revisions\/2067"}],"wp:attachment":[{"href":"https:\/\/www.intecap.edu.gt\/centros\/centroquetzaltenango\/wp-json\/wp\/v2\/media?parent=1324"}],"curies":[{"name":"wp","href":"https:\/\/api.w.org\/{rel}","templated":true}]}}