{"id":1159,"date":"2019-04-26T20:40:17","date_gmt":"2019-04-26T20:40:17","guid":{"rendered":"https:\/\/www.intecap.edu.gt\/centros\/centroquetzaltenango\/?page_id=1159"},"modified":"2019-04-26T20:47:08","modified_gmt":"2019-04-26T20:47:08","slug":"antecedentes","status":"publish","type":"page","link":"https:\/\/www.intecap.edu.gt\/centros\/centroquetzaltenango\/antecedentes\/","title":{"rendered":"Antecedentes"},"content":{"rendered":"<p>[vc_row][vc_column][vc_empty_space hide_on_mobile=&#8221;&#8221;][vc_custom_heading source=&#8221;post_title&#8221; use_theme_fonts=&#8221;yes&#8221;][vc_single_image image=&#8221;1161&#8243; img_size=&#8221;full&#8221; alignment=&#8221;center&#8221;][vc_empty_space hide_on_mobile=&#8221;&#8221;][vc_empty_space hide_on_mobile=&#8221;&#8221;][vc_column_text]<\/p>\n<p style=\"text-align: justify;\"><big>INTECAP CHIQUIMULA fue inaugurado en diciembre de 1980 tomando como fuente el Acta 96 del 22-05-1980, en el punto primero reza:<\/big><br \/>\n<big>\u2013 \u201c<em>La construcci\u00f3n del centro fijo de capacitaci\u00f3n de INTECAP en Chiquimula, se efect\u00faa en el terreno que se localiza en la carretera que de Guatemala conduce a Esquipulas, en el kil\u00f3metro 168 a unos 200 metros del entronque con la ciudad de Chiquimula\u2026<br \/>\n<\/em>\u2013\u2026<em>Est\u00e1 a cargo de la Empresa \u201cING. SERGIO EGIDIO GONZALEZ \u201d, de conformidad con los t\u00e9rminos estipulados en el contrato contenido en la Escritura P\u00fablica n\u00famero 610, suscrito el 13 de julio de 1979, ante los oficios del Notario Eduardo Marcial Prado Garc\u00eda, Escribano de C\u00e1mara del Gobierno de la Rep\u00fablica.<\/em><\/big><\/p>\n<p><big>Fung\u00eda en ese entonces como Delegado Regional de INTECAP el Lic. Juan C\u00e9sar Garc\u00eda Portillo.<\/big><br \/>\n<big>Dicha construcci\u00f3n se consigna en el Acta No. 52 del 15 de abril, levantada en la Unidad Ejecutora de Proyectos de INTECAP.<\/big><\/p>\n<p style=\"text-align: justify;\"><big>Las acciones de capacitaci\u00f3n han sido dirigidas por: Lic. Juan C\u00e9sar Garc\u00eda, Lic. Roberto Rodr\u00edguez Flores, Lic. Manuel Antonio G\u00f3ngora Zetina, Lic. Arturo Dard\u00f3n V\u00e9liz, Lic. Alfredo Castillo Estrada, Lic. Carlos Miguel Ruedas Escobar y actualmente funge como Jefe de Centro el Lic. Luis Alfredo Batista Rodr\u00edguez.<\/big><\/p>\n<h3 style=\"text-align: justify;\"><big><strong>PROYECTOS DE COOPERACI\u00d3N<\/strong><\/big><\/h3>\n<p style=\"text-align: justify;\"><big>Fue en 1982 cuando se inician las acciones de capacitaci\u00f3n para formar mec\u00e1nicos agr\u00edcolas, coordinado por el Proyecto Swisscontact, el cual era dirigido por el Ing. Max Beachtar. Esta formaci\u00f3n se conoce como centro empresa, es decir que los participantes luego de asistir durante 2 a\u00f1os en plan diario, realizaban al final una pr\u00e1ctica de 6 meses. Contaron con el apoyo econ\u00f3mico de dicho proyecto el cual financi\u00f3 hospedaje y alimentaci\u00f3n a un costo que variaba de los Q 60.00 a Q 80.00 por cada participante.<\/big><\/p>\n<p style=\"text-align: justify;\"><big>Durante la permanencia de Swisscontact, se crearon 2 talleres: el taller de Producci\u00f3n y el de Forja; en el primero pasaban los participantes 1 semana, para aplicar conocimientos y destrezas alcanzadas ya que, en ese mismo taller se elaboraron proyectos como ariete hidr\u00e1ulico el cual fue utilizado en la zona de Teculut\u00e1n, picadoras de pasto, desgranadoras de ma\u00edz y otros. Los proyectos anteriores se realizaban con desecho de materiales.<\/big><\/p>\n<h3 style=\"text-align: justify;\"><big><strong>\u00c9POCA ACTUAL<\/strong><\/big><\/h3>\n<p style=\"text-align: justify;\"><big>A principios del nuevo milenio se construyeron los talleres de Refrigeraci\u00f3n y Aire Acondicionado, Enderezado y Pintura, remodelaci\u00f3n del taller de Electricidad Industrial, adem\u00e1s un Laboratorio de Autotr\u00f3nica, los cuales fueron equipados con donaciones del Jap\u00f3n. Debido a la reestructuraci\u00f3n, el Centro de Chiquimula adem\u00e1s alberga al personal de la regi\u00f3n oriental, lo que motiv\u00f3 a realizar cambios sustanciales en cuanto a orden y est\u00e9tica.<\/big><\/p>\n<p style=\"text-align: justify;\"><big>Durante el a\u00f1o 2013 se habilitaron los laboratorios de automatizaci\u00f3n industrial para los cursos de PLC, neum\u00e1tica, hidr\u00e1ulica, etc. Tambi\u00e9n se habilit\u00f3 el laboratorio de redes de computadoras y telecomunicaciones y los talleres de reposter\u00eda, panader\u00eda y Gastronom\u00eda.<\/big><\/p>\n<p>[\/vc_column_text][\/vc_column][\/vc_row]<\/p>\n","protected":false},"excerpt":{"rendered":"<p>[vc_row][vc_column][vc_empty_space hide_on_mobile=&#8221;&#8221;][vc_custom_heading source=&#8221;post_title&#8221; use_theme_fonts=&#8221;yes&#8221;][vc_single_image image=&#8221;1161&#8243; img_size=&#8221;full&#8221; alignment=&#8221;center&#8221;][vc_empty_space hide_on_mobile=&#8221;&#8221;][vc_empty_space hide_on_mobile=&#8221;&#8221;][vc_column_text] INTECAP CHIQUIMULA fue inaugurado en diciembre de 1980 tomando como fuente el Acta 96 del 22-05-1980, en el punto primero reza: \u2013 \u201cLa construcci\u00f3n del centro fijo de capacitaci\u00f3n de INTECAP en Chiquimula, se efect\u00faa en el terreno que se localiza en la carretera que de Guatemala conduce a Esquipulas, en&hellip;<\/p>\n","protected":false},"author":1,"featured_media":0,"parent":0,"menu_order":0,"comment_status":"closed","ping_status":"closed","template":"","meta":{"_et_pb_use_builder":"","_et_pb_old_content":"","_et_gb_content_width":"","_monsterinsights_skip_tracking":false,"_monsterinsights_sitenote_active":false,"_monsterinsights_sitenote_note":"","_monsterinsights_sitenote_category":0,"footnotes":""},"class_list":["post-1159","page","type-page","status-publish","hentry"],"_links":{"self":[{"href":"https:\/\/www.intecap.edu.gt\/centros\/centroquetzaltenango\/wp-json\/wp\/v2\/pages\/1159","targetHints":{"allow":["GET"]}}],"collection":[{"href":"https:\/\/www.intecap.edu.gt\/centros\/centroquetzaltenango\/wp-json\/wp\/v2\/pages"}],"about":[{"href":"https:\/\/www.intecap.edu.gt\/centros\/centroquetzaltenango\/wp-json\/wp\/v2\/types\/page"}],"author":[{"embeddable":true,"href":"https:\/\/www.intecap.edu.gt\/centros\/centroquetzaltenango\/wp-json\/wp\/v2\/users\/1"}],"replies":[{"embeddable":true,"href":"https:\/\/www.intecap.edu.gt\/centros\/centroquetzaltenango\/wp-json\/wp\/v2\/comments?post=1159"}],"version-history":[{"count":6,"href":"https:\/\/www.intecap.edu.gt\/centros\/centroquetzaltenango\/wp-json\/wp\/v2\/pages\/1159\/revisions"}],"predecessor-version":[{"id":1167,"href":"https:\/\/www.intecap.edu.gt\/centros\/centroquetzaltenango\/wp-json\/wp\/v2\/pages\/1159\/revisions\/1167"}],"wp:attachment":[{"href":"https:\/\/www.intecap.edu.gt\/centros\/centroquetzaltenango\/wp-json\/wp\/v2\/media?parent=1159"}],"curies":[{"name":"wp","href":"https:\/\/api.w.org\/{rel}","templated":true}]}}