{"id":1275,"date":"2019-05-16T18:06:58","date_gmt":"2019-05-16T18:06:58","guid":{"rendered":"https:\/\/www.intecap.edu.gt\/centros\/centrohuehuetenango\/?page_id=1275"},"modified":"2022-01-19T15:13:25","modified_gmt":"2022-01-19T15:13:25","slug":"informacion-general","status":"publish","type":"page","link":"https:\/\/www.intecap.edu.gt\/centros\/centrohuehuetenango\/informacion-general\/","title":{"rendered":"Informaci\u00f3n General"},"content":{"rendered":"<p>[vc_row][vc_column width=&#8221;1\/6&#8243;][\/vc_column][vc_column width=&#8221;2\/3&#8243;][vc_empty_space hide_on_mobile=&#8221;&#8221;][vc_empty_space hide_on_mobile=&#8221;&#8221;][vc_custom_heading source=&#8221;post_title&#8221; use_theme_fonts=&#8221;yes&#8221;][vc_empty_space hide_on_mobile=&#8221;&#8221;][vc_empty_space hide_on_mobile=&#8221;&#8221;][\/vc_column][vc_column width=&#8221;1\/6&#8243;][\/vc_column][\/vc_row][vc_row][vc_column width=&#8221;1\/6&#8243;][\/vc_column][vc_column width=&#8221;2\/3&#8243;][vc_column_text]<\/p>\n<p style=\"text-align: justify;\"><big>El Centro de Capacitaci\u00f3n Huehuetenango est\u00e1 ubicado en la 3a. Calle Final, Zaculeu Central, zona 9, Huehuetenango. Tiene un \u00e1rea de 32,000 m2, el cual corresponde a un 60% de construcci\u00f3n y un 40% a \u00e1reas verdes.<\/big><\/p>\n<p><big>El objetivo principal de este Centro es contribuir al desarrollo econ\u00f3mico y buen posicionamiento de Huehuetenango como destino tur\u00edstico. Por esta raz\u00f3n sus instalaciones cuentan con aulas para clases magistrales y salas de pr\u00e1cticas adecuadamente equipadas para ofrecer a los j\u00f3venes cursos de hoteler\u00eda, gastronom\u00eda, panader\u00eda, bartender, turismo, entre otros. El centro adem\u00e1s cuenta con laboratorios de computaci\u00f3n y con una imprenta para la producci\u00f3n de materiales pedag\u00f3gicos y otros soportes.<\/big><\/p>\n<p style=\"text-align: justify;\"><big>Por otro lado el proyecto impulsado por la Rep\u00fablica Federativa del Brasil tiene el objetivo de contribuir al desarrollo econ\u00f3mico y social de Guatemala, por medio de la implementaci\u00f3n de un Centro de Formaci\u00f3n Profesional con modelo de Gesti\u00f3n basado en las pr\u00e1cticas del Servicio Nacional de Aprendizaje Industrial SENAI (Departamento Regional de Santa Catalina) en las especialidades de: mec\u00e1nica automotriz, enderezado y pintura, soldadura industrial, instalaciones el\u00e9ctricas, automatizaci\u00f3n, electr\u00f3nica, refrigeraci\u00f3n, medici\u00f3n de instrumentos, as\u00ed como procesamiento de alimentos (frutas, verduras, l\u00e1cteos y sus derivados), panader\u00eda, laboratorio de computaci\u00f3n, aulas te\u00f3ricas y seminarios.<\/big><\/p>\n<p style=\"text-align: justify;\"><big>Ambos proyectos buscan ampliar la cobertura fortaleciendo el uso de modalidades de formaci\u00f3n, atender al sector informal y grupos vulnerables, consolidar una formaci\u00f3n equitativa, pertinente y de calidad.<\/big><\/p>\n<p>[\/vc_column_text][\/vc_column][vc_column width=&#8221;1\/6&#8243;][\/vc_column][\/vc_row]<\/p>\n","protected":false},"excerpt":{"rendered":"<p>[vc_row][vc_column width=&#8221;1\/6&#8243;][\/vc_column][vc_column width=&#8221;2\/3&#8243;][vc_empty_space hide_on_mobile=&#8221;&#8221;][vc_empty_space hide_on_mobile=&#8221;&#8221;][vc_custom_heading source=&#8221;post_title&#8221; use_theme_fonts=&#8221;yes&#8221;][vc_empty_space hide_on_mobile=&#8221;&#8221;][vc_empty_space hide_on_mobile=&#8221;&#8221;][\/vc_column][vc_column width=&#8221;1\/6&#8243;][\/vc_column][\/vc_row][vc_row][vc_column width=&#8221;1\/6&#8243;][\/vc_column][vc_column width=&#8221;2\/3&#8243;][vc_column_text] El Centro de Capacitaci\u00f3n Huehuetenango est\u00e1 ubicado en la 3a. Calle Final, Zaculeu Central, zona 9, Huehuetenango. Tiene un \u00e1rea de 32,000 m2, el cual corresponde a un 60% de construcci\u00f3n y un 40% a \u00e1reas verdes. El objetivo principal de este Centro es contribuir al desarrollo econ\u00f3mico&hellip;<\/p>\n","protected":false},"author":1,"featured_media":0,"parent":0,"menu_order":0,"comment_status":"closed","ping_status":"closed","template":"","meta":{"_et_pb_use_builder":"","_et_pb_old_content":"","_et_gb_content_width":"","_monsterinsights_skip_tracking":false,"_monsterinsights_sitenote_active":false,"_monsterinsights_sitenote_note":"","_monsterinsights_sitenote_category":0,"footnotes":""},"class_list":["post-1275","page","type-page","status-publish","hentry"],"_links":{"self":[{"href":"https:\/\/www.intecap.edu.gt\/centros\/centrohuehuetenango\/wp-json\/wp\/v2\/pages\/1275","targetHints":{"allow":["GET"]}}],"collection":[{"href":"https:\/\/www.intecap.edu.gt\/centros\/centrohuehuetenango\/wp-json\/wp\/v2\/pages"}],"about":[{"href":"https:\/\/www.intecap.edu.gt\/centros\/centrohuehuetenango\/wp-json\/wp\/v2\/types\/page"}],"author":[{"embeddable":true,"href":"https:\/\/www.intecap.edu.gt\/centros\/centrohuehuetenango\/wp-json\/wp\/v2\/users\/1"}],"replies":[{"embeddable":true,"href":"https:\/\/www.intecap.edu.gt\/centros\/centrohuehuetenango\/wp-json\/wp\/v2\/comments?post=1275"}],"version-history":[{"count":6,"href":"https:\/\/www.intecap.edu.gt\/centros\/centrohuehuetenango\/wp-json\/wp\/v2\/pages\/1275\/revisions"}],"predecessor-version":[{"id":1776,"href":"https:\/\/www.intecap.edu.gt\/centros\/centrohuehuetenango\/wp-json\/wp\/v2\/pages\/1275\/revisions\/1776"}],"wp:attachment":[{"href":"https:\/\/www.intecap.edu.gt\/centros\/centrohuehuetenango\/wp-json\/wp\/v2\/media?parent=1275"}],"curies":[{"name":"wp","href":"https:\/\/api.w.org\/{rel}","templated":true}]}}