{"id":836,"date":"2019-02-13T18:14:04","date_gmt":"2019-02-13T18:14:04","guid":{"rendered":"https:\/\/www.intecap.edu.gt\/centros\/centroguatemala4\/?page_id=836"},"modified":"2019-04-09T14:13:30","modified_gmt":"2019-04-09T14:13:30","slug":"quienessomos","status":"publish","type":"page","link":"https:\/\/www.intecap.edu.gt\/centros\/centroguatemala4\/quienessomos\/","title":{"rendered":"Quienes Somos"},"content":{"rendered":"<p>[vc_row][vc_column width=&#8221;1\/2&#8243;][vc_empty_space hide_on_mobile=&#8221;&#8221;][vc_column_text][layerslider id=&#8221;2&#8243;][\/vc_column_text][\/vc_column][vc_column width=&#8221;1\/2&#8243;][vc_empty_space hide_on_mobile=&#8221;&#8221;][vc_custom_heading source=&#8221;post_title&#8221; use_theme_fonts=&#8221;yes&#8221;][vc_empty_space hide_on_mobile=&#8221;&#8221;][vc_column_text]<\/p>\n<p style=\"text-align: justify;\"><big>El Centro de Capacitaci\u00f3n Guatemala 4 del INTECAP, cuenta con instalaciones que se encuentran equipadas convenientemente para atender en el tema de la capacitaci\u00f3n a la poblaci\u00f3n de la zona 18 y sus \u00e1reas de influencia. Se encuentra situado al norte de la ciudad capital y geogr\u00e1ficamente su ubicaci\u00f3n es muy importante por encontrarse en una de las principales \u00e1reas marginales que proveen una gran cantidad del contingente de mano de obra que labora en las unidades productivas que funcionan en el Departamento de Guatemala, principalmente en la Industria y Servicios.<\/big><\/p>\n<p style=\"text-align: justify;\"><big>Formamos mano de obra calificada, en ocupaciones que sean priorizadas, de acuerdo a las caracter\u00edsticas del medio y demanda del sector empresarial, para contribuir a que la poblaci\u00f3n a la que va dirigida nuestra capacitaci\u00f3n mejore su condici\u00f3n de vida.<\/big><\/p>\n<h3><big><strong>Horario de Atenci\u00f3n<\/strong><\/big><\/h3>\n<p><big>Nuestro horario de ATENCI\u00d3N ADMINISTRATIVA es de 8:00 am a 4:00 pm. Lunes a S\u00e1bado<\/big><\/p>\n<p>[\/vc_column_text][\/vc_column][\/vc_row][vc_row][vc_column width=&#8221;1\/6&#8243;][vc_single_image image=&#8221;1111&#8243; img_size=&#8221;full&#8221;][\/vc_column][vc_column width=&#8221;5\/6&#8243;][vc_custom_heading text=&#8221;Rese\u00f1a Hist\u00f3rica&#8221; use_theme_fonts=&#8221;yes&#8221;][vc_column_text]<\/p>\n<p style=\"text-align: justify;\"><big>En 1998 la Agencia de Cooperaci\u00f3n Internacional de Corea KOICA inici\u00f3 los trabajos de construcci\u00f3n del Centro, como parte del apoyo que el Gobierno de Corea daba a los programas de trabajo de la Secretar\u00eda de Obras Sociales de la Esposa del Presidente de la Rep\u00fablica SOSEP, solicit\u00e1ndole al INTECAP hacerse cargo de la administraci\u00f3n y operaci\u00f3n del Centro para garantizar su sostenibilidad, por lo que cuando fue inaugurado el 17 de julio de 1999 se identific\u00f3 como Centro de Capacitaci\u00f3n Guatemala 4 del INTECAP y depende de la Divisi\u00f3n Regional Central. Inicialmente se atendieron eventos de Electricista Instalador Industrial, Electricista Instalador Domiciliar, Electricista Reparador de Aparatos Electrodom\u00e9sticos, Reparaci\u00f3n de Receptores de Radio y Televisi\u00f3n, Cultor (a) de Belleza, Modista Profesional, Cocinero Profesional, Panificador, Repostero Profesional, Alba\u00f1iler\u00eda, Windows y Office, Mantenimiento y Reparaci\u00f3n de Computadoras y Florister\u00eda. En el a\u00f1o 2004, se incorpor\u00f3 a la oferta formativa del Centro, eventos de Operario de M\u00e1quinas de Coser Industriales Planas y Overlock, en el a\u00f1o 2005, eventos de Internet y en el a\u00f1o 2006, eventos en Sastrer\u00eda y Laboratorio de Mantenimiento y Reparaci\u00f3n de Computadoras.<\/big><\/p>\n<p style=\"text-align: justify;\"><big>El Centro Guatemala 4 se fund\u00f3 con el objetivo de brindar capacitaci\u00f3n a las personas que desean incorporarse como mano de obra calificada al sistema econ\u00f3mico nacional del pa\u00eds en las diferentes especialidades disponibles en el Centro, o como peque\u00f1os y medianos empresarios, que represente una oportunidad para aprender un oficio, que signifique una fuente de ingresos que le permita al trabajador desarrollar mejores niveles de vida.<\/big><\/p>\n<p>[\/vc_column_text][\/vc_column][\/vc_row]<\/p>\n","protected":false},"excerpt":{"rendered":"<p>[vc_row][vc_column width=&#8221;1\/2&#8243;][vc_empty_space hide_on_mobile=&#8221;&#8221;][vc_column_text][layerslider id=&#8221;2&#8243;][\/vc_column_text][\/vc_column][vc_column width=&#8221;1\/2&#8243;][vc_empty_space hide_on_mobile=&#8221;&#8221;][vc_custom_heading source=&#8221;post_title&#8221; use_theme_fonts=&#8221;yes&#8221;][vc_empty_space hide_on_mobile=&#8221;&#8221;][vc_column_text] El Centro de Capacitaci\u00f3n Guatemala 4 del INTECAP, cuenta con instalaciones que se encuentran equipadas convenientemente para atender en el tema de la capacitaci\u00f3n a la poblaci\u00f3n de la zona 18 y sus \u00e1reas de influencia. Se encuentra situado al norte de la ciudad capital y geogr\u00e1ficamente su ubicaci\u00f3n es muy&hellip;<\/p>\n","protected":false},"author":1,"featured_media":0,"parent":0,"menu_order":0,"comment_status":"closed","ping_status":"closed","template":"","meta":{"_et_pb_use_builder":"","_et_pb_old_content":"","_et_gb_content_width":"","_monsterinsights_skip_tracking":false,"_monsterinsights_sitenote_active":false,"_monsterinsights_sitenote_note":"","_monsterinsights_sitenote_category":0,"footnotes":""},"class_list":["post-836","page","type-page","status-publish","hentry"],"_links":{"self":[{"href":"https:\/\/www.intecap.edu.gt\/centros\/centroguatemala4\/wp-json\/wp\/v2\/pages\/836","targetHints":{"allow":["GET"]}}],"collection":[{"href":"https:\/\/www.intecap.edu.gt\/centros\/centroguatemala4\/wp-json\/wp\/v2\/pages"}],"about":[{"href":"https:\/\/www.intecap.edu.gt\/centros\/centroguatemala4\/wp-json\/wp\/v2\/types\/page"}],"author":[{"embeddable":true,"href":"https:\/\/www.intecap.edu.gt\/centros\/centroguatemala4\/wp-json\/wp\/v2\/users\/1"}],"replies":[{"embeddable":true,"href":"https:\/\/www.intecap.edu.gt\/centros\/centroguatemala4\/wp-json\/wp\/v2\/comments?post=836"}],"version-history":[{"count":22,"href":"https:\/\/www.intecap.edu.gt\/centros\/centroguatemala4\/wp-json\/wp\/v2\/pages\/836\/revisions"}],"predecessor-version":[{"id":1126,"href":"https:\/\/www.intecap.edu.gt\/centros\/centroguatemala4\/wp-json\/wp\/v2\/pages\/836\/revisions\/1126"}],"wp:attachment":[{"href":"https:\/\/www.intecap.edu.gt\/centros\/centroguatemala4\/wp-json\/wp\/v2\/media?parent=836"}],"curies":[{"name":"wp","href":"https:\/\/api.w.org\/{rel}","templated":true}]}}