{"id":1924,"date":"2023-10-03T16:31:43","date_gmt":"2023-10-03T16:31:43","guid":{"rendered":"https:\/\/www.intecap.edu.gt\/centros\/centroguatemala4\/?page_id=1924"},"modified":"2023-10-03T16:46:32","modified_gmt":"2023-10-03T16:46:32","slug":"asistenciatecnica","status":"publish","type":"page","link":"https:\/\/www.intecap.edu.gt\/centros\/centroguatemala4\/asistenciatecnica\/","title":{"rendered":"Asistencia T\u00e9cnica"},"content":{"rendered":"<p>[et_pb_section fb_built=&#8221;1&#8243; _builder_version=&#8221;4.16&#8243; custom_padding=&#8221;19px||46px|||&#8221; global_colors_info=&#8221;{}&#8221;][et_pb_row _builder_version=&#8221;4.16&#8243; global_colors_info=&#8221;{}&#8221;][et_pb_column type=&#8221;4_4&#8243; _builder_version=&#8221;4.16&#8243; global_colors_info=&#8221;{}&#8221;][et_pb_post_title meta=&#8221;off&#8221; featured_image=&#8221;off&#8221; _builder_version=&#8221;4.16&#8243; title_font=&#8221;|800||on|||||&#8221; title_font_size=&#8221;35px&#8221; text_orientation=&#8221;center&#8221; global_colors_info=&#8221;{}&#8221;][\/et_pb_post_title][\/et_pb_column][\/et_pb_row][et_pb_row _builder_version=&#8221;4.16&#8243; global_colors_info=&#8221;{}&#8221;][et_pb_column type=&#8221;4_4&#8243; _builder_version=&#8221;4.16&#8243; global_colors_info=&#8221;{}&#8221;][et_pb_image src=&#8221;https:\/\/www.intecap.edu.gt\/centros\/centroguatemala4\/wp-content\/uploads\/sites\/12\/2023\/10\/asesoria-intecap.jpg&#8221; _builder_version=&#8221;4.22.2&#8243; _module_preset=&#8221;default&#8221; title_text=&#8221;asesoria-intecap&#8221; hover_enabled=&#8221;0&#8243; sticky_enabled=&#8221;0&#8243;][\/et_pb_image][et_pb_text _builder_version=&#8221;4.22.2&#8243; _module_preset=&#8221;default&#8221; hover_enabled=&#8221;0&#8243; sticky_enabled=&#8221;0&#8243;]<\/p>\n<h2 style=\"text-align: center;\">ASESOR\u00cdA PERSONALIZADA DE ALTO NIVEL<\/h2>\n<p>[\/et_pb_text][et_pb_text _builder_version=&#8221;4.22.2&#8243; _module_preset=&#8221;default&#8221; hover_enabled=&#8221;0&#8243; sticky_enabled=&#8221;0&#8243;]<\/p>\n<h4 style=\"text-align: justify;\">Nuestra experiencia en el \u00e1rea t\u00e9cnica nos permite ofrecer asesor\u00edas personalizadas, con expertos que realizan su trabajo dentro de las organizaciones a fin de buscar soluciones a problem\u00e1ticas tecnol\u00f3gicas espec\u00edficas, detectadas dentro de las organizaciones en sus procesos productivos y basados en diagn\u00f3sticos previos de la problem\u00e1tica por parte de nuestros expertos.<\/h4>\n<p>[\/et_pb_text][et_pb_text _builder_version=&#8221;4.22.2&#8243; _module_preset=&#8221;default&#8221; hover_enabled=&#8221;0&#8243; sticky_enabled=&#8221;0&#8243;]<\/p>\n<h2 style=\"text-align: center;\">SOLUCIONES QUE GENERAN IMPACTO POSITIVO<\/h2>\n<p>[\/et_pb_text][et_pb_text _builder_version=&#8221;4.22.2&#8243; _module_preset=&#8221;default&#8221; hover_enabled=&#8221;0&#8243; sticky_enabled=&#8221;0&#8243;]<\/p>\n<h4 style=\"text-align: justify;\">Nuestro prop\u00f3sito es generar un impacto positivo, realizando un diagn\u00f3stico previo de la situaci\u00f3n actual de su empresa y luego plantear las soluciones, detallando las acciones, planes, o procedimientos necesarios para la soluci\u00f3n de la problem\u00e1tica detectada, respondiendo a los requerimientos de su empresa.<\/h4>\n<h4 style=\"text-align: justify;\">La\u00a0<strong>CONFIDENCIALIDAD<\/strong>\u00a0con la que trabajamos respalda y permite el resguardo de la informaci\u00f3n que analizamos y procesamos para implementar los cambios.<\/h4>\n<p>[\/et_pb_text][\/et_pb_column][\/et_pb_row][et_pb_row _builder_version=&#8221;4.22.2&#8243; _module_preset=&#8221;default&#8221;][et_pb_column _builder_version=&#8221;4.22.2&#8243; _module_preset=&#8221;default&#8221; type=&#8221;4_4&#8243;][et_pb_video src=&#8221;https:\/\/youtu.be\/ptc0bGz0Dso&#8221; _builder_version=&#8221;4.22.2&#8243; _module_preset=&#8221;default&#8221; hover_enabled=&#8221;0&#8243; sticky_enabled=&#8221;0&#8243; module_alignment=&#8221;center&#8221;][\/et_pb_video][\/et_pb_column][\/et_pb_row][\/et_pb_section][et_pb_section fb_built=&#8221;1&#8243; _builder_version=&#8221;4.16&#8243; custom_padding=&#8221;21px||2px|||&#8221; global_colors_info=&#8221;{}&#8221;][et_pb_row _builder_version=&#8221;4.22.2&#8243; _module_preset=&#8221;default&#8221;][et_pb_column _builder_version=&#8221;4.22.2&#8243; _module_preset=&#8221;default&#8221; type=&#8221;4_4&#8243;][et_pb_text _builder_version=&#8221;4.22.2&#8243; _module_preset=&#8221;default&#8221; hover_enabled=&#8221;0&#8243; sticky_enabled=&#8221;0&#8243;]<\/p>\n<h2 style=\"text-align: center;\"><strong>\u00c1REAS ESPECIALIZADAS<\/strong><\/h2>\n<p>[\/et_pb_text][et_pb_text _builder_version=&#8221;4.22.2&#8243; _module_preset=&#8221;default&#8221; hover_enabled=&#8221;0&#8243; sticky_enabled=&#8221;0&#8243;]<\/p>\n<ul>\n<li>\n<h4><strong>Mec\u00e1nica automotriz<\/strong><\/h4>\n<\/li>\n<li>\n<h4><strong>Mec\u00e1nica de motocicletas<\/strong><\/h4>\n<\/li>\n<li>\n<h4><strong>Enderezado y pintura de veh\u00edculos<\/strong><\/h4>\n<\/li>\n<li>\n<h4><strong>Esteticismo<\/strong><\/h4>\n<\/li>\n<li>\n<h4><strong>Gastronom\u00eda<\/strong><\/h4>\n<\/li>\n<li>\n<h4><strong>Electricidad<\/strong><\/h4>\n<\/li>\n<li>\n<h4><strong>Textil<\/strong><\/h4>\n<\/li>\n<\/ul>\n<p>[\/et_pb_text][\/et_pb_column][\/et_pb_row][\/et_pb_section]<\/p>\n","protected":false},"excerpt":{"rendered":"<p>ASESOR\u00cdA PERSONALIZADA DE ALTO NIVEL Nuestra experiencia&#8230;<\/p>\n","protected":false},"author":1,"featured_media":0,"parent":0,"menu_order":0,"comment_status":"closed","ping_status":"closed","template":"","meta":{"_et_pb_use_builder":"on","_et_pb_old_content":"","_et_gb_content_width":"","_monsterinsights_skip_tracking":false,"_monsterinsights_sitenote_active":false,"_monsterinsights_sitenote_note":"","_monsterinsights_sitenote_category":0,"footnotes":""},"class_list":["post-1924","page","type-page","status-publish","hentry"],"_links":{"self":[{"href":"https:\/\/www.intecap.edu.gt\/centros\/centroguatemala4\/wp-json\/wp\/v2\/pages\/1924","targetHints":{"allow":["GET"]}}],"collection":[{"href":"https:\/\/www.intecap.edu.gt\/centros\/centroguatemala4\/wp-json\/wp\/v2\/pages"}],"about":[{"href":"https:\/\/www.intecap.edu.gt\/centros\/centroguatemala4\/wp-json\/wp\/v2\/types\/page"}],"author":[{"embeddable":true,"href":"https:\/\/www.intecap.edu.gt\/centros\/centroguatemala4\/wp-json\/wp\/v2\/users\/1"}],"replies":[{"embeddable":true,"href":"https:\/\/www.intecap.edu.gt\/centros\/centroguatemala4\/wp-json\/wp\/v2\/comments?post=1924"}],"version-history":[{"count":2,"href":"https:\/\/www.intecap.edu.gt\/centros\/centroguatemala4\/wp-json\/wp\/v2\/pages\/1924\/revisions"}],"predecessor-version":[{"id":1928,"href":"https:\/\/www.intecap.edu.gt\/centros\/centroguatemala4\/wp-json\/wp\/v2\/pages\/1924\/revisions\/1928"}],"wp:attachment":[{"href":"https:\/\/www.intecap.edu.gt\/centros\/centroguatemala4\/wp-json\/wp\/v2\/media?parent=1924"}],"curies":[{"name":"wp","href":"https:\/\/api.w.org\/{rel}","templated":true}]}}