{"id":836,"date":"2019-02-13T18:14:04","date_gmt":"2019-02-13T18:14:04","guid":{"rendered":"https:\/\/www.intecap.edu.gt\/centros\/centroguatemala1\/?page_id=836"},"modified":"2019-03-12T18:50:42","modified_gmt":"2019-03-12T18:50:42","slug":"quienessomos","status":"publish","type":"page","link":"https:\/\/www.intecap.edu.gt\/centros\/centroguatemala1\/quienessomos\/","title":{"rendered":"Quienes Somos"},"content":{"rendered":"<p>[vc_row][vc_column width=&#8221;1\/2&#8243;][vc_single_image image=&#8221;990&#8243; img_size=&#8221;full&#8221;][\/vc_column][vc_column width=&#8221;1\/2&#8243;][vc_empty_space hide_on_mobile=&#8221;&#8221;][vc_custom_heading source=&#8221;post_title&#8221; use_theme_fonts=&#8221;yes&#8221;][vc_empty_space hide_on_mobile=&#8221;&#8221;][vc_column_text]<\/p>\n<p style=\"text-align: justify;\"><big>El Centro de Capacitaci\u00f3n Guatemala 1 del INTECAP inici\u00f3 sus operaciones el 28 de noviembre de 1980. Cuenta con estacionamiento para 103 veh\u00edculos, pasos techados, plazas y encaminamientos, pozo de agua, planta de tratamientos, agencia bancaria, biblioteca, sal\u00f3n de usos m\u00faltiples y cl\u00ednica m\u00e9dica.<\/big><\/p>\n<p style=\"text-align: justify;\"><strong><big>NUESTRO HORARIO DE ATENCI\u00d3N: <\/big><\/strong><\/p>\n<ul>\n<li style=\"text-align: justify;\"><big>Lunes a S\u00e1bado: de 08:00 a 16:00 hrs.<br \/>\n<\/big><\/li>\n<\/ul>\n<p>[\/vc_column_text][\/vc_column][\/vc_row]<\/p>\n","protected":false},"excerpt":{"rendered":"<p>[vc_row][vc_column width=&#8221;1\/2&#8243;][vc_single_image image=&#8221;990&#8243; img_size=&#8221;full&#8221;][\/vc_column][vc_column width=&#8221;1\/2&#8243;][vc_empty_space hide_on_mobile=&#8221;&#8221;][vc_custom_heading source=&#8221;post_title&#8221; use_theme_fonts=&#8221;yes&#8221;][vc_empty_space hide_on_mobile=&#8221;&#8221;][vc_column_text] El Centro de Capacitaci\u00f3n Guatemala 1 del INTECAP inici\u00f3 sus operaciones el 28 de noviembre de 1980. Cuenta con estacionamiento para 103 veh\u00edculos, pasos techados, plazas y encaminamientos, pozo de agua, planta de tratamientos, agencia bancaria, biblioteca, sal\u00f3n de usos m\u00faltiples y cl\u00ednica m\u00e9dica. NUESTRO HORARIO DE ATENCI\u00d3N: Lunes a S\u00e1bado:&hellip;<\/p>\n","protected":false},"author":1,"featured_media":0,"parent":0,"menu_order":0,"comment_status":"closed","ping_status":"closed","template":"","meta":{"_et_pb_use_builder":"","_et_pb_old_content":"","_et_gb_content_width":"","_monsterinsights_skip_tracking":false,"_monsterinsights_sitenote_active":false,"_monsterinsights_sitenote_note":"","_monsterinsights_sitenote_category":0,"footnotes":""},"class_list":["post-836","page","type-page","status-publish","hentry"],"_links":{"self":[{"href":"https:\/\/www.intecap.edu.gt\/centros\/centroguatemala1\/wp-json\/wp\/v2\/pages\/836","targetHints":{"allow":["GET"]}}],"collection":[{"href":"https:\/\/www.intecap.edu.gt\/centros\/centroguatemala1\/wp-json\/wp\/v2\/pages"}],"about":[{"href":"https:\/\/www.intecap.edu.gt\/centros\/centroguatemala1\/wp-json\/wp\/v2\/types\/page"}],"author":[{"embeddable":true,"href":"https:\/\/www.intecap.edu.gt\/centros\/centroguatemala1\/wp-json\/wp\/v2\/users\/1"}],"replies":[{"embeddable":true,"href":"https:\/\/www.intecap.edu.gt\/centros\/centroguatemala1\/wp-json\/wp\/v2\/comments?post=836"}],"version-history":[{"count":11,"href":"https:\/\/www.intecap.edu.gt\/centros\/centroguatemala1\/wp-json\/wp\/v2\/pages\/836\/revisions"}],"predecessor-version":[{"id":1065,"href":"https:\/\/www.intecap.edu.gt\/centros\/centroguatemala1\/wp-json\/wp\/v2\/pages\/836\/revisions\/1065"}],"wp:attachment":[{"href":"https:\/\/www.intecap.edu.gt\/centros\/centroguatemala1\/wp-json\/wp\/v2\/media?parent=836"}],"curies":[{"name":"wp","href":"https:\/\/api.w.org\/{rel}","templated":true}]}}