{"id":836,"date":"2019-02-13T18:14:04","date_gmt":"2019-02-13T18:14:04","guid":{"rendered":"https:\/\/www.intecap.edu.gt\/centros\/centroescuintla2\/?page_id=836"},"modified":"2019-05-14T16:16:23","modified_gmt":"2019-05-14T16:16:23","slug":"quienessomos","status":"publish","type":"page","link":"https:\/\/www.intecap.edu.gt\/centros\/centroescuintla2\/quienessomos\/","title":{"rendered":"Quienes Somos"},"content":{"rendered":"<p>[vc_row][vc_column width=&#8221;1\/2&#8243;][vc_column_text][layerslider id=&#8221;2&#8243;][\/vc_column_text][vc_empty_space hide_on_mobile=&#8221;&#8221;][\/vc_column][vc_column width=&#8221;1\/2&#8243;][vc_empty_space hide_on_mobile=&#8221;&#8221;][vc_custom_heading source=&#8221;post_title&#8221; use_theme_fonts=&#8221;yes&#8221;][vc_empty_space hide_on_mobile=&#8221;&#8221;][vc_column_text]<\/p>\n<p style=\"text-align: justify;\"><big>El Centro de Capacitaci\u00f3n Escuintla 2 del INTECAP, pertenece a la Regi\u00f3n Sur de INTECAP y se ubica en 5\u00aa calle 7-115, colonia Madrid Zona 3, cerca del centro comercial Pradera Escuintla. <\/big><\/p>\n<p style=\"text-align: justify;\"><big>El Centro fue Construido en el a\u00f1o 1999 gracias a la Agencia de Cooperaci\u00f3n Internacional KOICA y desde su inicio ha experimentado un crecimiento considerable en la ejecuci\u00f3n de su oferta formativa, siendo las especialidades de Gastronom\u00eda, Confecci\u00f3n industrial, Electricidad, Reposter\u00eda, Esteticismo e Inform\u00e1tica las m\u00e1s relevantes.<\/big><\/p>\n<h4 style=\"text-align: justify;\"><big><strong>Horario de Atenci\u00f3n<\/strong><\/big><\/h4>\n<p><big><strong>\u00c1rea Administrativa:\u00a0 <\/strong>De lunes a viernes de 08:00 a 16:00 horas<\/big><\/p>\n<p>[\/vc_column_text][vc_empty_space hide_on_mobile=&#8221;&#8221;][\/vc_column][\/vc_row]<\/p>\n","protected":false},"excerpt":{"rendered":"<p>[vc_row][vc_column width=&#8221;1\/2&#8243;][vc_column_text][layerslider id=&#8221;2&#8243;][\/vc_column_text][vc_empty_space hide_on_mobile=&#8221;&#8221;][\/vc_column][vc_column width=&#8221;1\/2&#8243;][vc_empty_space hide_on_mobile=&#8221;&#8221;][vc_custom_heading source=&#8221;post_title&#8221; use_theme_fonts=&#8221;yes&#8221;][vc_empty_space hide_on_mobile=&#8221;&#8221;][vc_column_text] El Centro de Capacitaci\u00f3n Escuintla 2 del INTECAP, pertenece a la Regi\u00f3n Sur de INTECAP y se ubica en 5\u00aa calle 7-115, colonia Madrid Zona 3, cerca del centro comercial Pradera Escuintla. El Centro fue Construido en el a\u00f1o 1999 gracias a la Agencia de Cooperaci\u00f3n Internacional KOICA y desde su&hellip;<\/p>\n","protected":false},"author":1,"featured_media":0,"parent":0,"menu_order":0,"comment_status":"closed","ping_status":"closed","template":"","meta":{"_et_pb_use_builder":"","_et_pb_old_content":"","_et_gb_content_width":"","_monsterinsights_skip_tracking":false,"_monsterinsights_sitenote_active":false,"_monsterinsights_sitenote_note":"","_monsterinsights_sitenote_category":0,"footnotes":""},"class_list":["post-836","page","type-page","status-publish","hentry"],"_links":{"self":[{"href":"https:\/\/www.intecap.edu.gt\/centros\/centroescuintla2\/wp-json\/wp\/v2\/pages\/836","targetHints":{"allow":["GET"]}}],"collection":[{"href":"https:\/\/www.intecap.edu.gt\/centros\/centroescuintla2\/wp-json\/wp\/v2\/pages"}],"about":[{"href":"https:\/\/www.intecap.edu.gt\/centros\/centroescuintla2\/wp-json\/wp\/v2\/types\/page"}],"author":[{"embeddable":true,"href":"https:\/\/www.intecap.edu.gt\/centros\/centroescuintla2\/wp-json\/wp\/v2\/users\/1"}],"replies":[{"embeddable":true,"href":"https:\/\/www.intecap.edu.gt\/centros\/centroescuintla2\/wp-json\/wp\/v2\/comments?post=836"}],"version-history":[{"count":32,"href":"https:\/\/www.intecap.edu.gt\/centros\/centroescuintla2\/wp-json\/wp\/v2\/pages\/836\/revisions"}],"predecessor-version":[{"id":1293,"href":"https:\/\/www.intecap.edu.gt\/centros\/centroescuintla2\/wp-json\/wp\/v2\/pages\/836\/revisions\/1293"}],"wp:attachment":[{"href":"https:\/\/www.intecap.edu.gt\/centros\/centroescuintla2\/wp-json\/wp\/v2\/media?parent=836"}],"curies":[{"name":"wp","href":"https:\/\/api.w.org\/{rel}","templated":true}]}}