{"id":836,"date":"2019-02-13T18:14:04","date_gmt":"2019-02-13T18:14:04","guid":{"rendered":"https:\/\/www.intecap.edu.gt\/centros\/centroescuintla1\/?page_id=836"},"modified":"2021-06-02T18:09:17","modified_gmt":"2021-06-02T18:09:17","slug":"quienessomos","status":"publish","type":"page","link":"https:\/\/www.intecap.edu.gt\/centros\/centroescuintla1\/quienessomos\/","title":{"rendered":"Quienes Somos"},"content":{"rendered":"<p>[vc_row][vc_column width=&#8221;1\/2&#8243;][vc_column_text][layerslider id=&#8221;2&#8243;][\/vc_column_text][vc_empty_space hide_on_mobile=&#8221;&#8221;][\/vc_column][vc_column width=&#8221;1\/2&#8243;][vc_empty_space hide_on_mobile=&#8221;&#8221;][vc_custom_heading source=&#8221;post_title&#8221; use_theme_fonts=&#8221;yes&#8221;][vc_empty_space hide_on_mobile=&#8221;&#8221;][vc_column_text]<\/p>\n<p style=\"text-align: justify;\"><big>El Centro de Capacitaci\u00f3n Escuintla 1 del INTECAP, fue inaugurado en noviembre de 1980, iniciando labores de capacitaci\u00f3n en febrero de 1981. Las especialidades con las que se inicia son: Soldadura Industrial, Mec\u00e1nica Industrial, Carpinter\u00eda, Electricidad Industrial y Mec\u00e1nica Automotriz.<\/big><\/p>\n<p style=\"text-align: justify;\"><big>Nuestra misi\u00f3n es actualizar los conocimientos y reforzar las habilidades y destrezas de los trabajadores en servicio e impulsar programas de nivel t\u00e9cnico-medio, a nivel de bachillerato, para fomentar la productividad de las empresas a trav\u00e9s de programas de formaci\u00f3n profesional que permitan satisfacer necesidades puntuales en el medio con una estructura tecnol\u00f3gica de alto nivel.<\/big><\/p>\n<h3 style=\"text-align: justify;\"><big><strong>Horario de Atenci\u00f3n<\/strong><\/big><\/h3>\n<p style=\"text-align: justify;\"><big><strong>\u00c1rea Administrativa:<\/strong><\/big><\/p>\n<ul style=\"text-align: justify;\">\n<li style=\"text-align: justify;\"><big>De lunes a viernes de 07:00 a 15:00 horas<\/big><\/li>\n<\/ul>\n<p>[\/vc_column_text][vc_empty_space hide_on_mobile=&#8221;&#8221;][\/vc_column][\/vc_row]<\/p>\n","protected":false},"excerpt":{"rendered":"<p>[vc_row][vc_column width=&#8221;1\/2&#8243;][vc_column_text][layerslider id=&#8221;2&#8243;][\/vc_column_text][vc_empty_space hide_on_mobile=&#8221;&#8221;][\/vc_column][vc_column width=&#8221;1\/2&#8243;][vc_empty_space hide_on_mobile=&#8221;&#8221;][vc_custom_heading source=&#8221;post_title&#8221; use_theme_fonts=&#8221;yes&#8221;][vc_empty_space hide_on_mobile=&#8221;&#8221;][vc_column_text] El Centro de Capacitaci\u00f3n Escuintla 1 del INTECAP, fue inaugurado en noviembre de 1980, iniciando labores de capacitaci\u00f3n en febrero de 1981. Las especialidades con las que se inicia son: Soldadura Industrial, Mec\u00e1nica Industrial, Carpinter\u00eda, Electricidad Industrial y Mec\u00e1nica Automotriz. Nuestra misi\u00f3n es actualizar los conocimientos y reforzar las habilidades y&hellip;<\/p>\n","protected":false},"author":1,"featured_media":0,"parent":0,"menu_order":0,"comment_status":"closed","ping_status":"closed","template":"","meta":{"_et_pb_use_builder":"","_et_pb_old_content":"","_et_gb_content_width":"","_monsterinsights_skip_tracking":false,"_monsterinsights_sitenote_active":false,"_monsterinsights_sitenote_note":"","_monsterinsights_sitenote_category":0,"footnotes":""},"class_list":["post-836","page","type-page","status-publish","hentry"],"_links":{"self":[{"href":"https:\/\/www.intecap.edu.gt\/centros\/centroescuintla1\/wp-json\/wp\/v2\/pages\/836","targetHints":{"allow":["GET"]}}],"collection":[{"href":"https:\/\/www.intecap.edu.gt\/centros\/centroescuintla1\/wp-json\/wp\/v2\/pages"}],"about":[{"href":"https:\/\/www.intecap.edu.gt\/centros\/centroescuintla1\/wp-json\/wp\/v2\/types\/page"}],"author":[{"embeddable":true,"href":"https:\/\/www.intecap.edu.gt\/centros\/centroescuintla1\/wp-json\/wp\/v2\/users\/1"}],"replies":[{"embeddable":true,"href":"https:\/\/www.intecap.edu.gt\/centros\/centroescuintla1\/wp-json\/wp\/v2\/comments?post=836"}],"version-history":[{"count":32,"href":"https:\/\/www.intecap.edu.gt\/centros\/centroescuintla1\/wp-json\/wp\/v2\/pages\/836\/revisions"}],"predecessor-version":[{"id":1502,"href":"https:\/\/www.intecap.edu.gt\/centros\/centroescuintla1\/wp-json\/wp\/v2\/pages\/836\/revisions\/1502"}],"wp:attachment":[{"href":"https:\/\/www.intecap.edu.gt\/centros\/centroescuintla1\/wp-json\/wp\/v2\/media?parent=836"}],"curies":[{"name":"wp","href":"https:\/\/api.w.org\/{rel}","templated":true}]}}