{"id":836,"date":"2019-02-13T18:14:04","date_gmt":"2019-02-13T18:14:04","guid":{"rendered":"https:\/\/www.intecap.edu.gt\/centros\/centrodebanca\/?page_id=836"},"modified":"2019-03-28T17:42:09","modified_gmt":"2019-03-28T17:42:09","slug":"quienessomos","status":"publish","type":"page","link":"https:\/\/www.intecap.edu.gt\/centros\/centrodebanca\/quienessomos\/","title":{"rendered":"Quienes Somos"},"content":{"rendered":"<p>[vc_row][vc_column width=&#8221;1\/2&#8243;][vc_empty_space hide_on_mobile=&#8221;&#8221;][vc_column_text][layerslider id=&#8221;2&#8243;][\/vc_column_text][\/vc_column][vc_column width=&#8221;1\/2&#8243;][vc_empty_space hide_on_mobile=&#8221;&#8221;][vc_custom_heading source=&#8221;post_title&#8221; use_theme_fonts=&#8221;yes&#8221;][vc_empty_space hide_on_mobile=&#8221;&#8221;][vc_column_text]<\/p>\n<p style=\"text-align: justify;\"><big>El Centro de Capacitaci\u00f3n de Banca, Seguros y Servicios Financieros del INTECAP est\u00e1 orientado al sector financiero (instituciones bancarias, instituciones de seguros, organizaciones no gubernamentales, cooperativas de ahorro y cr\u00e9dito, empresas de tarjetas de cr\u00e9dito, casas de bolsa, financieras, Off Shore, etc.). Asimismo apoya a empresas, que no pertenecen al sector financiero, en las \u00e1reas de contabilidad y finanzas.<\/big><\/p>\n<p style=\"text-align: justify;\"><big>Atiende de forma personalizada cada requerimiento de capacitaci\u00f3n dise\u00f1ando eventos espec\u00edficos para cada instituci\u00f3n y \u00e1rea, que se adapten a sus necesidades de calendarizaci\u00f3n y horarios, impartiendo los eventos en el centro o bien en las instalaciones de las entidades financieras.<\/big><\/p>\n<h3><big><strong>Horario de Atenci\u00f3n<\/strong><\/big><\/h3>\n<p><big>De Lunes a Viernes de 08:00 a 16:00 horas.\u00a0 &#8211;\u00a0 <\/big><big>Parqueo en Centro TIC\u00b4s &#8211;<\/big>[\/vc_column_text][\/vc_column][\/vc_row]<\/p>\n","protected":false},"excerpt":{"rendered":"<p>[vc_row][vc_column width=&#8221;1\/2&#8243;][vc_empty_space hide_on_mobile=&#8221;&#8221;][vc_column_text][layerslider id=&#8221;2&#8243;][\/vc_column_text][\/vc_column][vc_column width=&#8221;1\/2&#8243;][vc_empty_space hide_on_mobile=&#8221;&#8221;][vc_custom_heading source=&#8221;post_title&#8221; use_theme_fonts=&#8221;yes&#8221;][vc_empty_space hide_on_mobile=&#8221;&#8221;][vc_column_text] El Centro de Capacitaci\u00f3n de Banca, Seguros y Servicios Financieros del INTECAP est\u00e1 orientado al sector financiero (instituciones bancarias, instituciones de seguros, organizaciones no gubernamentales, cooperativas de ahorro y cr\u00e9dito, empresas de tarjetas de cr\u00e9dito, casas de bolsa, financieras, Off Shore, etc.). Asimismo apoya a empresas, que no pertenecen al sector&hellip;<\/p>\n","protected":false},"author":1,"featured_media":0,"parent":0,"menu_order":0,"comment_status":"closed","ping_status":"closed","template":"","meta":{"_et_pb_use_builder":"","_et_pb_old_content":"","_et_gb_content_width":"","_monsterinsights_skip_tracking":false,"_monsterinsights_sitenote_active":false,"_monsterinsights_sitenote_note":"","_monsterinsights_sitenote_category":0,"footnotes":""},"class_list":["post-836","page","type-page","status-publish","hentry"],"_links":{"self":[{"href":"https:\/\/www.intecap.edu.gt\/centros\/centrodebanca\/wp-json\/wp\/v2\/pages\/836","targetHints":{"allow":["GET"]}}],"collection":[{"href":"https:\/\/www.intecap.edu.gt\/centros\/centrodebanca\/wp-json\/wp\/v2\/pages"}],"about":[{"href":"https:\/\/www.intecap.edu.gt\/centros\/centrodebanca\/wp-json\/wp\/v2\/types\/page"}],"author":[{"embeddable":true,"href":"https:\/\/www.intecap.edu.gt\/centros\/centrodebanca\/wp-json\/wp\/v2\/users\/1"}],"replies":[{"embeddable":true,"href":"https:\/\/www.intecap.edu.gt\/centros\/centrodebanca\/wp-json\/wp\/v2\/comments?post=836"}],"version-history":[{"count":24,"href":"https:\/\/www.intecap.edu.gt\/centros\/centrodebanca\/wp-json\/wp\/v2\/pages\/836\/revisions"}],"predecessor-version":[{"id":1161,"href":"https:\/\/www.intecap.edu.gt\/centros\/centrodebanca\/wp-json\/wp\/v2\/pages\/836\/revisions\/1161"}],"wp:attachment":[{"href":"https:\/\/www.intecap.edu.gt\/centros\/centrodebanca\/wp-json\/wp\/v2\/media?parent=836"}],"curies":[{"name":"wp","href":"https:\/\/api.w.org\/{rel}","templated":true}]}}