{"id":836,"date":"2019-02-13T18:14:04","date_gmt":"2019-02-13T18:14:04","guid":{"rendered":"https:\/\/www.intecap.edu.gt\/centros\/centrochiquimula\/?page_id=836"},"modified":"2025-10-06T16:41:16","modified_gmt":"2025-10-06T16:41:16","slug":"quienessomos","status":"publish","type":"page","link":"https:\/\/www.intecap.edu.gt\/centros\/centrochiquimula\/quienessomos\/","title":{"rendered":"Quienes Somos"},"content":{"rendered":"<p>[vc_row][vc_column width=&#8221;1\/2&#8243;][vc_empty_space hide_on_mobile=&#8221;&#8221;][vc_images_carousel images=&#8221;1207,1206,1202,1201,1200,1210,1211&#8243; img_size=&#8221;full&#8221; onclick=&#8221;link_no&#8221; autoplay=&#8221;yes&#8221;][\/vc_column][vc_column width=&#8221;1\/2&#8243;][vc_empty_space hide_on_mobile=&#8221;&#8221;][vc_custom_heading source=&#8221;post_title&#8221; use_theme_fonts=&#8221;yes&#8221;][vc_empty_space hide_on_mobile=&#8221;&#8221;][vc_column_text]<\/p>\n<p style=\"text-align: justify;\"><big>A nuestro Centro de Capacitaci\u00f3n ingresan participantes de los departamentos de El Progreso, Zacapa, Izabal, Jalapa, Jutiapa Escuintla, Las Verapaces, Santa Rosa e inclusive a\u00fan de Pet\u00e9n, El Salvador y Honduras, los cuales en su mayor\u00eda se integran a los programas de Mec\u00e1nica Agr\u00edcola o Mec\u00e1nica Automotriz Gasolina, Electricidad, Refrigeraci\u00f3n y Aire Acondicionado y Gastronom\u00eda.<\/big><\/p>\n<p style=\"text-align: justify;\"><big><strong>SERVICIOS QUE PRESTAMOS:<\/strong><\/big><\/p>\n<ul style=\"text-align: justify;\">\n<li><big>Capacitaci\u00f3n certificable y no certificable<\/big><\/li>\n<li><big>Certificaci\u00f3n Laboral<\/big><\/li>\n<li><big>Alquiler de Salones<\/big><\/li>\n<\/ul>\n<h3 style=\"text-align: justify;\"><big><strong>Horario de Atenci\u00f3n<\/strong><\/big><\/h3>\n<p style=\"text-align: justify;\"><big><strong>\u00c1rea Administrativa:<\/strong><\/big><\/p>\n<ul style=\"text-align: justify;\">\n<li><big>De lunes a viernes de 08:00 a 16:00 horas<\/big><\/li>\n<li><big>S\u00e1bados y domingos de 08:30 a 13:00 horas<\/big><\/li>\n<\/ul>\n<p style=\"text-align: justify;\"><big><strong>Desarrollo de Eventos (capacitaci\u00f3n):<\/strong><\/big><\/p>\n<ul>\n<li style=\"text-align: justify;\"><big>De lunes a domingo de 07:00 a 22:00 horas (jornadas matutina, vespertina y nocturna)<\/big><\/li>\n<\/ul>\n<p>[\/vc_column_text][\/vc_column][\/vc_row]<\/p>\n","protected":false},"excerpt":{"rendered":"<p>[vc_row][vc_column width=&#8221;1\/2&#8243;][vc_empty_space hide_on_mobile=&#8221;&#8221;][vc_images_carousel images=&#8221;1207,1206,1202,1201,1200,1210,1211&#8243; img_size=&#8221;full&#8221; onclick=&#8221;link_no&#8221; autoplay=&#8221;yes&#8221;][\/vc_column][vc_column width=&#8221;1\/2&#8243;][vc_empty_space hide_on_mobile=&#8221;&#8221;][vc_custom_heading source=&#8221;post_title&#8221; use_theme_fonts=&#8221;yes&#8221;][vc_empty_space hide_on_mobile=&#8221;&#8221;][vc_column_text] A nuestro Centro de Capacitaci\u00f3n ingresan participantes de los departamentos de El Progreso, Zacapa, Izabal, Jalapa, Jutiapa Escuintla, Las Verapaces, Santa Rosa e inclusive a\u00fan de Pet\u00e9n, El Salvador y Honduras, los cuales en su mayor\u00eda se integran a los programas de Mec\u00e1nica Agr\u00edcola o Mec\u00e1nica Automotriz Gasolina,&hellip;<\/p>\n","protected":false},"author":1,"featured_media":0,"parent":0,"menu_order":0,"comment_status":"closed","ping_status":"closed","template":"","meta":{"_et_pb_use_builder":"","_et_pb_old_content":"","_et_gb_content_width":"","_monsterinsights_skip_tracking":false,"_monsterinsights_sitenote_active":false,"_monsterinsights_sitenote_note":"","_monsterinsights_sitenote_category":0,"footnotes":""},"class_list":["post-836","page","type-page","status-publish","hentry"],"_links":{"self":[{"href":"https:\/\/www.intecap.edu.gt\/centros\/centrochiquimula\/wp-json\/wp\/v2\/pages\/836","targetHints":{"allow":["GET"]}}],"collection":[{"href":"https:\/\/www.intecap.edu.gt\/centros\/centrochiquimula\/wp-json\/wp\/v2\/pages"}],"about":[{"href":"https:\/\/www.intecap.edu.gt\/centros\/centrochiquimula\/wp-json\/wp\/v2\/types\/page"}],"author":[{"embeddable":true,"href":"https:\/\/www.intecap.edu.gt\/centros\/centrochiquimula\/wp-json\/wp\/v2\/users\/1"}],"replies":[{"embeddable":true,"href":"https:\/\/www.intecap.edu.gt\/centros\/centrochiquimula\/wp-json\/wp\/v2\/comments?post=836"}],"version-history":[{"count":22,"href":"https:\/\/www.intecap.edu.gt\/centros\/centrochiquimula\/wp-json\/wp\/v2\/pages\/836\/revisions"}],"predecessor-version":[{"id":1930,"href":"https:\/\/www.intecap.edu.gt\/centros\/centrochiquimula\/wp-json\/wp\/v2\/pages\/836\/revisions\/1930"}],"wp:attachment":[{"href":"https:\/\/www.intecap.edu.gt\/centros\/centrochiquimula\/wp-json\/wp\/v2\/media?parent=836"}],"curies":[{"name":"wp","href":"https:\/\/api.w.org\/{rel}","templated":true}]}}