{"id":1315,"date":"2020-09-04T20:31:00","date_gmt":"2020-09-04T20:31:00","guid":{"rendered":"https:\/\/www.intecap.edu.gt\/centros\/centrobajaverapaz\/?page_id=1315"},"modified":"2025-10-06T17:48:00","modified_gmt":"2025-10-06T17:48:00","slug":"electricidad","status":"publish","type":"page","link":"https:\/\/www.intecap.edu.gt\/centros\/centrochiquimula\/electricidad\/","title":{"rendered":"Especialidad Electricidad"},"content":{"rendered":"<p>[et_pb_section fb_built=&#8221;1&#8243; _builder_version=&#8221;4.16&#8243; custom_padding=&#8221;17px||46px|||&#8221; global_colors_info=&#8221;{}&#8221;][et_pb_row _builder_version=&#8221;4.16&#8243; global_colors_info=&#8221;{}&#8221;][et_pb_column type=&#8221;4_4&#8243; _builder_version=&#8221;4.16&#8243; global_colors_info=&#8221;{}&#8221;][et_pb_post_title meta=&#8221;off&#8221; featured_image=&#8221;off&#8221; _builder_version=&#8221;4.16&#8243; title_font=&#8221;|800||on|||||&#8221; title_font_size=&#8221;35px&#8221; text_orientation=&#8221;center&#8221; global_colors_info=&#8221;{}&#8221;][\/et_pb_post_title][\/et_pb_column][\/et_pb_row][et_pb_row _builder_version=&#8221;4.16&#8243; global_colors_info=&#8221;{}&#8221;][et_pb_column type=&#8221;4_4&#8243; _builder_version=&#8221;4.16&#8243; global_colors_info=&#8221;{}&#8221;][et_pb_accordion open_toggle_text_color=&#8221;#000000&#8243; open_toggle_background_color=&#8221;rgba(0,0,0,0)&#8221; closed_toggle_background_color=&#8221;#242424&#8243; icon_color=&#8221;#FFFFFF&#8221; use_icon_font_size=&#8221;on&#8221; _builder_version=&#8221;4.27.4&#8243; toggle_text_color=&#8221;#FFFFFF&#8221; toggle_level=&#8221;h2&#8243; toggle_font_size=&#8221;26px&#8221; closed_toggle_font=&#8221;Poppins||||||||&#8221; closed_toggle_font_size=&#8221;22px&#8221; background_color=&#8221;rgba(0,0,0,0)&#8221; hover_enabled=&#8221;0&#8243; border_radii=&#8221;on|15px|15px|15px|15px&#8221; global_colors_info=&#8221;{}&#8221; sticky_enabled=&#8221;0&#8243;][et_pb_accordion_item open=&#8221;on&#8221; _builder_version=&#8221;4.16&#8243; custom_css_main_element=&#8221;display:none&#8221; global_colors_info=&#8221;{}&#8221;][\/et_pb_accordion_item][et_pb_accordion_item title=&#8221;T\u00e9cnico en electricidad y automatizaci\u00f3n industrial&#8221; _builder_version=&#8221;4.27.4&#8243; hover_enabled=&#8221;0&#8243; global_colors_info=&#8221;{}&#8221; open=&#8221;off&#8221; sticky_enabled=&#8221;0&#8243;]<\/p>\n<h4 style=\"text-align: justify;\">Aprende a instalar y proveer el mantenimiento de circuitos el\u00e9ctricos de baja potencia, sistemas de automatizaci\u00f3n industrial y a m\u00e1quinas el\u00e9ctricas rotativas y est\u00e1ticas, as\u00ed como, la administraci\u00f3n de talleres de electricidad industrial, con base en requerimientos; aplicando t\u00e9cnicas, procedimientos asertivos y siguiendo las buenas pr\u00e1cticas laborales<\/h4>\n<h4><\/h4>\n<h4>Edad: 15 a 22 a\u00f1os<br \/>Tercero B\u00e1sico aprobado<br \/>R\u00e9gimen: de lunes a viernes<br \/>Horario: 8:00 a 16:00 horas <br \/>Inscripci\u00f3n: Q 75.00 <br \/>10 cuotas mensuales de Q175.00<\/h4>\n<p>[\/et_pb_accordion_item][et_pb_accordion_item title=&#8221;Instalaci\u00f3n y mantenimiento de circuitos el\u00e9ctricos domiciliares (Electricista Domiciliar)&#8221; _builder_version=&#8221;4.27.4&#8243; hover_enabled=&#8221;0&#8243; global_colors_info=&#8221;{}&#8221; open=&#8221;off&#8221; sticky_enabled=&#8221;0&#8243;]<\/p>\n<h4 style=\"text-align: justify;\">Aprenda a realizar la instalaci\u00f3n y el mantenimiento a los circuitos el\u00e9ctricos domiciliares de iluminaci\u00f3n, fuerza, comunicaci\u00f3n interna, de control de motores el\u00e9ctricos monof\u00e1sicos, as\u00ed como de acometidas el\u00e9ctricas domiciliares; aplicando procedimientos y buenas pr\u00e1cticas de higiene, seguridad personal y protecci\u00f3n ambiental; adem\u00e1s, demostrando conductas positivas y asertivas en las actividades laborales.<\/h4>\n<h4>Requisitos:<br \/>Edad: 16 a\u00f1os en adelante <br \/>Sexto Primaria aprobado<br \/>R\u00e9gimen: domingo <br \/>Horario: 8:00 a 16:30 horas <br \/>Inscripci\u00f3n Q 50.00<br \/>10 cuotas mensuales de Q 75.00<\/h4>\n<p>[\/et_pb_accordion_item][et_pb_accordion_item title=&#8221;Instalaci\u00f3n y mantenimiento de equipos de energ\u00eda renovable domiciliar&#8221; _builder_version=&#8221;4.27.4&#8243; hover_enabled=&#8221;0&#8243; global_colors_info=&#8221;{}&#8221; open=&#8221;off&#8221; sticky_enabled=&#8221;0&#8243;]<\/p>\n<h4 style=\"text-align: justify;\">Aprenda a montar, conectar y comprobar equipos de energ\u00eda renovable, as\u00ed como proveer el mantenimiento b\u00e1sico preventivo a equipos de energ\u00eda renovable domiciliar; aplicando procedimientos y buenas pr\u00e1cticas de higiene, seguridad personal y protecci\u00f3n ambiental; adem\u00e1s, demostrando conductas positivas y asertivas en las actividades laborales.<\/h4>\n<h4>Requisitos:<br \/>Edad: 16 a\u00f1os en adelante <br \/>Conocimientos en Instalaciones El\u00e9ctricas Residenciales<br \/>Sexto Primaria Aprobado<br \/>R\u00e9gimen: s\u00e1bado <br \/>Horario: 8:00 a 16:00 horas <br \/>Inscripci\u00f3n Q 50.00<br \/>05 cuotas mensuales de Q 75.00<\/h4>\n<p>&nbsp;<\/p>\n<p>[\/et_pb_accordion_item][et_pb_accordion_item title=&#8221;Elaboraci\u00f3n de circuitos electr\u00f3nicos b\u00e1sico, anal\u00f3gicos para aplicaciones de rectificaci\u00f3n, amplificaci\u00f3n y control de potencia&#8221; _builder_version=&#8221;4.27.4&#8243; hover_enabled=&#8221;0&#8243; global_colors_info=&#8221;{}&#8221; open=&#8221;off&#8221; sticky_enabled=&#8221;0&#8243;]<\/p>\n<h4 style=\"text-align: justify;\">Edad: 18 a\u00f1os en adelante <br \/>Tercero grado de educaci\u00f3n b\u00e1sica aprobado <br \/>Presentar certificado T\u00e9cnico en electricidad industrial, T\u00e9cnico en Mantenimiento Industrial, Electricista Instalador Domiciliar o carta de experiencia comprobable de 1 a\u00f1o en el \u00e1rea de la especialidad<br \/>R\u00e9gimen: s\u00e1bado <br \/>Horario: 8:00 a 16:30 horas <br \/>Inscripci\u00f3n Q 50.00<br \/>07 cuotas mensuales de Q 75.00<\/h4>\n<p>[\/et_pb_accordion_item][et_pb_accordion_item title=&#8221;Instalaci\u00f3n de sistemas de automatizaci\u00f3n industrial&#8221; _builder_version=&#8221;4.27.4&#8243; hover_enabled=&#8221;0&#8243; global_colors_info=&#8221;{}&#8221; open=&#8221;off&#8221; sticky_enabled=&#8221;0&#8243;]<\/p>\n<h4 style=\"text-align: justify;\">Edad: 16 a\u00f1os en adelante <br \/>Sexto grado primaria aprobado<br \/>Presentar titulo o diploma CAP, CCL o CEO en electricidad, electr\u00f3nica o carrera a fin. <br \/>R\u00e9gimen: s\u00e1bado <br \/>Horario: 8:00 a 16:30 horas <br \/>Inscripci\u00f3n Q 50.00<br \/>10 cuotas mensuales de Q 75.00<\/h4>\n<p>[\/et_pb_accordion_item][\/et_pb_accordion][\/et_pb_column][\/et_pb_row][\/et_pb_section][et_pb_section fb_built=&#8221;1&#8243; _builder_version=&#8221;4.16&#8243; custom_padding=&#8221;21px||2px|||&#8221; global_colors_info=&#8221;{}&#8221;][et_pb_row _builder_version=&#8221;4.16&#8243; global_colors_info=&#8221;{}&#8221;][et_pb_column type=&#8221;4_4&#8243; _builder_version=&#8221;4.16&#8243; global_colors_info=&#8221;{}&#8221;][et_pb_text _builder_version=&#8221;4.17.4&#8243; global_colors_info=&#8221;{}&#8221;]<\/p>\n<h4><strong>DOCUMENTOS ESCANEADOS A PRESENTAR PARA INSCRIPCI\u00d3N<\/strong><\/h4>\n<h4>1. Certificado de estudios del \u00faltimo grado aprobado (original y copia)<br \/>2. Certificado de Nacimiento o DPI (original y copia)<br \/>3. Tarjeta de salud vigente (para las carreras requeridas)<br \/>4. Para procesos de examen de admisi\u00f3n comunicarse a: centrochiquimula@intecap.edu.gt<\/h4>\n<h4><\/h4>\n<h4><strong>MAYOR INFORMACI\u00d3N<\/strong><\/h4>\n<h4>TEL\u00c9FONOS: 7942-4621 \/ 7942-0511 \/ 7942-6130<br \/>6\u00aa. CALLE FINAL ZONA 5, INTECAP \u2013 CHIQUIMULA<\/h4>\n<p>[\/et_pb_text][\/et_pb_column][\/et_pb_row][\/et_pb_section]<\/p>\n","protected":false},"excerpt":{"rendered":"<p>T\u00e9cnico en electricidad y automatizaci\u00f3n industrial&#8230;<\/p>\n","protected":false},"author":1,"featured_media":0,"parent":0,"menu_order":0,"comment_status":"closed","ping_status":"closed","template":"","meta":{"_et_pb_use_builder":"on","_et_pb_old_content":"","_et_gb_content_width":"","_monsterinsights_skip_tracking":false,"_monsterinsights_sitenote_active":false,"_monsterinsights_sitenote_note":"","_monsterinsights_sitenote_category":0,"footnotes":""},"class_list":["post-1315","page","type-page","status-publish","hentry"],"_links":{"self":[{"href":"https:\/\/www.intecap.edu.gt\/centros\/centrochiquimula\/wp-json\/wp\/v2\/pages\/1315","targetHints":{"allow":["GET"]}}],"collection":[{"href":"https:\/\/www.intecap.edu.gt\/centros\/centrochiquimula\/wp-json\/wp\/v2\/pages"}],"about":[{"href":"https:\/\/www.intecap.edu.gt\/centros\/centrochiquimula\/wp-json\/wp\/v2\/types\/page"}],"author":[{"embeddable":true,"href":"https:\/\/www.intecap.edu.gt\/centros\/centrochiquimula\/wp-json\/wp\/v2\/users\/1"}],"replies":[{"embeddable":true,"href":"https:\/\/www.intecap.edu.gt\/centros\/centrochiquimula\/wp-json\/wp\/v2\/comments?post=1315"}],"version-history":[{"count":20,"href":"https:\/\/www.intecap.edu.gt\/centros\/centrochiquimula\/wp-json\/wp\/v2\/pages\/1315\/revisions"}],"predecessor-version":[{"id":1940,"href":"https:\/\/www.intecap.edu.gt\/centros\/centrochiquimula\/wp-json\/wp\/v2\/pages\/1315\/revisions\/1940"}],"wp:attachment":[{"href":"https:\/\/www.intecap.edu.gt\/centros\/centrochiquimula\/wp-json\/wp\/v2\/media?parent=1315"}],"curies":[{"name":"wp","href":"https:\/\/api.w.org\/{rel}","templated":true}]}}