{"id":1315,"date":"2020-09-04T20:31:00","date_gmt":"2020-09-04T20:31:00","guid":{"rendered":"https:\/\/www.intecap.edu.gt\/centros\/centrobajaverapaz\/?page_id=1315"},"modified":"2025-08-28T16:03:29","modified_gmt":"2025-08-28T16:03:29","slug":"electricidad-electronica","status":"publish","type":"page","link":"https:\/\/www.intecap.edu.gt\/centros\/centrobajaverapaz\/electricidad-electronica\/","title":{"rendered":"Especialidad Electricidad y Electr\u00f3nica"},"content":{"rendered":"<p>[et_pb_section fb_built=&#8221;1&#8243; _builder_version=&#8221;4.16&#8243; custom_padding=&#8221;23px||22px|||&#8221; global_colors_info=&#8221;{}&#8221;][et_pb_row _builder_version=&#8221;4.16&#8243; custom_padding=&#8221;||12px|||&#8221; global_colors_info=&#8221;{}&#8221;][et_pb_column type=&#8221;4_4&#8243; _builder_version=&#8221;4.16&#8243; global_colors_info=&#8221;{}&#8221;][et_pb_post_title meta=&#8221;off&#8221; featured_image=&#8221;off&#8221; _builder_version=&#8221;4.16&#8243; title_font=&#8221;|800||on|||||&#8221; title_font_size=&#8221;35px&#8221; text_orientation=&#8221;center&#8221; global_colors_info=&#8221;{}&#8221;][\/et_pb_post_title][\/et_pb_column][\/et_pb_row][et_pb_row _builder_version=&#8221;4.16&#8243; global_colors_info=&#8221;{}&#8221;][et_pb_column type=&#8221;4_4&#8243; _builder_version=&#8221;4.16&#8243; global_colors_info=&#8221;{}&#8221;][et_pb_accordion open_toggle_text_color=&#8221;#000000&#8243; open_toggle_background_color=&#8221;rgba(0,0,0,0)&#8221; closed_toggle_background_color=&#8221;#242424&#8243; icon_color=&#8221;#FFFFFF&#8221; use_icon_font_size=&#8221;on&#8221; _builder_version=&#8221;4.27.4&#8243; toggle_text_color=&#8221;#FFFFFF&#8221; toggle_level=&#8221;h2&#8243; closed_toggle_font=&#8221;Poppins||||||||&#8221; closed_toggle_font_size=&#8221;23px&#8221; closed_toggle_line_height=&#8221;1em&#8221; background_color=&#8221;rgba(0,0,0,0)&#8221; hover_enabled=&#8221;0&#8243; border_radii=&#8221;on|15px|15px|15px|15px&#8221; global_colors_info=&#8221;{}&#8221; sticky_enabled=&#8221;0&#8243;][et_pb_accordion_item open=&#8221;on&#8221; _builder_version=&#8221;4.16&#8243; body_font=&#8221;||||||||&#8221; custom_css_main_element=&#8221;display:none&#8221; global_colors_info=&#8221;{}&#8221;][\/et_pb_accordion_item][et_pb_accordion_item title=&#8221;Electricista Instalador Domiciliar&#8221; _builder_version=&#8221;4.27.4&#8243; global_colors_info=&#8221;{}&#8221; open=&#8221;off&#8221;]<\/p>\n<h4 style=\"text-align: justify;\">Aprende a instalar y proveer mantenimiento a circuitos el\u00e9ctricos de alumbrado, fuerza y equipos de energ\u00eda renovable, con base en requerimientos; aplicando t\u00e9cnicas, procedimientos asertivos y siguiendo las buenas pr\u00e1cticas laborales de acuerdo con el perfil de egreso del participante.<\/h4>\n<h4>D\u00edas: s\u00e1bado y domingo de 8:00 a 17:00 horas<br \/>Duraci\u00f3n: 520 horas y 300 horas de pr\u00e1ctica<\/h4>\n<p>[\/et_pb_accordion_item][et_pb_accordion_item title=&#8221;T\u00e9cnico en Electricidad Industrial &#8221; _builder_version=&#8221;4.27.4&#8243; body_font=&#8221;||||||||&#8221; global_colors_info=&#8221;{}&#8221; open=&#8221;off&#8221;]<\/p>\n<h4 style=\"text-align: justify;\">Aprende a instalar y proveer el mantenimiento de circuitos el\u00e9ctricos de baja potencia, sistemas de automatizaci\u00f3n industrial y a m\u00e1quinas el\u00e9ctricas rotativas y est\u00e1ticas, as\u00ed como, la administraci\u00f3n de talleres de electricidad industrial, con base en requerimientos; aplicando t\u00e9cnicas, procedimientos asertivos y siguiendo las buenas pr\u00e1cticas laborales de acuerdo con el perfil de egreso del participante.<\/h4>\n<h4><\/h4>\n<h4>D\u00edas: lunes a viernes de 8:00 a 16:00 horas<br \/>Duraci\u00f3n: 2500 horas y 500 horas de pr\u00e1cticas en empresa<br \/>Edad: 15 a 22 a\u00f1os de edad<\/h4>\n<p>&nbsp;<\/p>\n<p>[\/et_pb_accordion_item][et_pb_accordion_item title=&#8221;Perito en Electr\u00f3nica Industrial&#8221; _builder_version=&#8221;4.27.4&#8243; global_colors_info=&#8221;{}&#8221; open=&#8221;off&#8221;]<\/p>\n<h4>D\u00edas: lunes a viernes de 8:00 a 17:00 horas<br \/>Duraci\u00f3n: 3,280 horas<br \/>Requisitos: 15 a 22 a\u00f1os de edad<br \/>Escolaridad: 3\u00b0 b\u00e1sico aprobado<br \/>Inscripci\u00f3n: Q.100.00<br \/>Mensualidad: Q.250.00<\/h4>\n<p>[\/et_pb_accordion_item][et_pb_accordion_item title=&#8221;Instalaci\u00f3n de paneles fotovoltaicos&#8221; _builder_version=&#8221;4.27.4&#8243; hover_enabled=&#8221;0&#8243; global_colors_info=&#8221;{}&#8221; open=&#8221;off&#8221; sticky_enabled=&#8221;0&#8243;]<\/p>\n<h4>D\u00edas: s\u00e1bado de 8:00 a 12:00 horas<br \/>Duraci\u00f3n: 80 horas<br \/>Edad: 16 a\u00f1os en adelante<br \/>Carta de experiencia comprobable 1 a\u00f1o en la especialidad o egresado INTECAP<\/h4>\n<h4>Escolaridad: 3ro. b\u00e1sico aprobado<br \/>Inscripci\u00f3n: Q50.00<br \/>Mensualidad: Q75.00<\/h4>\n<p>[\/et_pb_accordion_item][\/et_pb_accordion][\/et_pb_column][\/et_pb_row][\/et_pb_section][et_pb_section fb_built=&#8221;1&#8243; _builder_version=&#8221;4.16&#8243; custom_padding=&#8221;21px||2px|||&#8221; global_colors_info=&#8221;{}&#8221;][et_pb_row _builder_version=&#8221;4.16&#8243; global_colors_info=&#8221;{}&#8221;][et_pb_column type=&#8221;4_4&#8243; _builder_version=&#8221;4.16&#8243; global_colors_info=&#8221;{}&#8221;][et_pb_text _builder_version=&#8221;4.21.0&#8243; global_colors_info=&#8221;{}&#8221;]<\/p>\n<h2>REQUISITOS GENERALES:<\/h2>\n<h5 style=\"font-family: Montserrat, sans-serif; font-size: 1.143em; font-style: normal; font-weight: 500; line-height: 1em; border: none; outline: 0px; -webkit-font-smoothing: antialiased; overflow-wrap: break-word; text-decoration: none; text-transform: none; letter-spacing: normal; margin: 0px; text-align: left; padding: 0px 0px 10px; vertical-align: baseline; background: transparent; color: #000000; box-shadow: none; text-shadow: inherit; border-radius: 0px; transition: none 0s ease 0s; box-sizing: border-box; font-variant-ligatures: normal; font-variant-caps: normal; orphans: 2; text-indent: 0px; widows: 2; word-spacing: 0px; -webkit-text-stroke-width: 0px; white-space: normal;\">-Certificado de nacimiento o DPI.<br style=\"box-sizing: border-box; letter-spacing: inherit; -webkit-font-smoothing: antialiased;\" \/>-Diploma de grado aprobado de acuerdo al requisito de la carrera.<br style=\"box-sizing: border-box; letter-spacing: inherit; -webkit-font-smoothing: antialiased;\" \/>-Certificado de notas del \u00faltimo grado aprobado de acuerdo al requisito de la carrera.<br style=\"box-sizing: border-box; letter-spacing: inherit; -webkit-font-smoothing: antialiased;\" \/>-Presentar la Tarjeta de Salud en las carreras que aplique.<\/h5>\n<p>&nbsp;<\/p>\n<p>[\/et_pb_text][\/et_pb_column][\/et_pb_row][\/et_pb_section]<\/p>\n","protected":false},"excerpt":{"rendered":"<p>Electricista Instalador Domiciliar Aprende a instalar y&#8230;<\/p>\n","protected":false},"author":1,"featured_media":0,"parent":0,"menu_order":0,"comment_status":"closed","ping_status":"closed","template":"","meta":{"_et_pb_use_builder":"on","_et_pb_old_content":"","_et_gb_content_width":"","_monsterinsights_skip_tracking":false,"_monsterinsights_sitenote_active":false,"_monsterinsights_sitenote_note":"","_monsterinsights_sitenote_category":0,"footnotes":""},"class_list":["post-1315","page","type-page","status-publish","hentry"],"_links":{"self":[{"href":"https:\/\/www.intecap.edu.gt\/centros\/centrobajaverapaz\/wp-json\/wp\/v2\/pages\/1315","targetHints":{"allow":["GET"]}}],"collection":[{"href":"https:\/\/www.intecap.edu.gt\/centros\/centrobajaverapaz\/wp-json\/wp\/v2\/pages"}],"about":[{"href":"https:\/\/www.intecap.edu.gt\/centros\/centrobajaverapaz\/wp-json\/wp\/v2\/types\/page"}],"author":[{"embeddable":true,"href":"https:\/\/www.intecap.edu.gt\/centros\/centrobajaverapaz\/wp-json\/wp\/v2\/users\/1"}],"replies":[{"embeddable":true,"href":"https:\/\/www.intecap.edu.gt\/centros\/centrobajaverapaz\/wp-json\/wp\/v2\/comments?post=1315"}],"version-history":[{"count":41,"href":"https:\/\/www.intecap.edu.gt\/centros\/centrobajaverapaz\/wp-json\/wp\/v2\/pages\/1315\/revisions"}],"predecessor-version":[{"id":1949,"href":"https:\/\/www.intecap.edu.gt\/centros\/centrobajaverapaz\/wp-json\/wp\/v2\/pages\/1315\/revisions\/1949"}],"wp:attachment":[{"href":"https:\/\/www.intecap.edu.gt\/centros\/centrobajaverapaz\/wp-json\/wp\/v2\/media?parent=1315"}],"curies":[{"name":"wp","href":"https:\/\/api.w.org\/{rel}","templated":true}]}}